{"id":3736,"date":"2024-08-12T22:23:37","date_gmt":"2024-08-12T19:23:37","guid":{"rendered":"https:\/\/zinetgold.com\/124-karat-eternal-glint-pirlanta-bileklik\/"},"modified":"2024-09-06T13:18:41","modified_gmt":"2024-09-06T10:18:41","slug":"124-karat-eternal-glint-pirlanta-bileklik","status":"publish","type":"product","link":"https:\/\/zinetgold.com\/tr\/124-karat-eternal-glint-pirlanta-bileklik\/","title":{"rendered":"1,24 Karat Eternal Glint P\u0131rlanta Bileklik"},"content":{"rendered":"<p>Bu \u00e7arp\u0131c\u0131 bileklik, her biri \u0131\u015f\u0131\u011f\u0131 g\u00fczelce yakalayan ve yans\u0131tan p\u0131rlanta k\u00fcmeleriyle zengin bir \u015fekilde ayarlanm\u0131\u015f bir dizi dairesel ve dikd\u00f6rtgen motif i\u00e7erir.<br \/>\nGeometrik zarafeti ak\u0131c\u0131 ve kusursuz bir yap\u0131yla birle\u015ftiren tasar\u0131m, bilezi\u011fi modern bir klasik haline getiriyor.<br \/>\nY\u00fcksek kaliteli 14 ayar beyaz alt\u0131ndan \u00fcretilen bilezik, y\u00fcksek parlakl\u0131kta cilalanarak dikkat \u00e7ekici bir par\u00e7a olarak \u00f6ne \u00e7\u0131kmas\u0131n\u0131 sa\u011flar.<br \/>\nG\u00fcvenli tokas\u0131 rahat bir uyum sa\u011flar, g\u00fcnl\u00fck giyime veya \u00f6zel g\u00fcnlere l\u00fcks bir dokunu\u015f eklemek i\u00e7in m\u00fckemmeldir.<br \/>\nBu bilezik, zamans\u0131z g\u00fczelli\u011fi \u00e7a\u011fda\u015f bir dokunu\u015fla somutla\u015ft\u0131r\u0131yor.    <\/p>\n","protected":false},"excerpt":{"rendered":"<p><strong>1,24 Karat<\/strong> P\u0131rlanta Bileklik <strong>14 ayar Beyaz Alt\u0131n<\/strong>, <strong> 14,88 gram<\/strong> a\u011f\u0131rl\u0131\u011f\u0131nda <strong> <\/strong>y\u00fcksek kalite do\u011fal <strong>p\u0131rlantaSKU-BBL0000241<\/strong><\/p>\n","protected":false},"featured_media":3498,"comment_status":"open","ping_status":"closed","template":"","meta":{"_kad_blocks_custom_css":"","_kad_blocks_head_custom_js":"","_kad_blocks_body_custom_js":"","_kad_blocks_footer_custom_js":"","_kadence_starter_templates_imported_post":false,"_kad_post_transparent":"","_kad_post_title":"","_kad_post_layout":"","_kad_post_sidebar_id":"","_kad_post_content_style":"","_kad_post_vertical_padding":"","_kad_post_feature":"","_kad_post_feature_position":"","_kad_post_header":false,"_kad_post_footer":false,"_kad_post_classname":""},"product_brand":[],"product_cat":[53],"product_tag":[],"class_list":{"0":"post-3736","1":"product","2":"type-product","3":"status-publish","4":"has-post-thumbnail","6":"product_cat-pirlanta-bilezikler","8":"first","9":"instock","10":"sale","11":"shipping-taxable","12":"purchasable","13":"product-type-simple","14":"entry","15":"content-bg","16":"loop-entry"},"taxonomy_info":{"product_cat":[{"value":53,"label":"P\u0131rlanta Bilezikler"}]},"featured_image_src_large":["https:\/\/zinetgold.com\/wp-content\/uploads\/2024\/08\/BBL0000241-14K-D_-0.82-F-G-SI-108-BD_-1.24-F-G-SI-78-14.88-gr.-11814-1024x1024.webp",1024,1024,true],"author_info":[],"comment_info":0,"_links":{"self":[{"href":"https:\/\/zinetgold.com\/tr\/wp-json\/wp\/v2\/product\/3736","targetHints":{"allow":["GET"]}}],"collection":[{"href":"https:\/\/zinetgold.com\/tr\/wp-json\/wp\/v2\/product"}],"about":[{"href":"https:\/\/zinetgold.com\/tr\/wp-json\/wp\/v2\/types\/product"}],"replies":[{"embeddable":true,"href":"https:\/\/zinetgold.com\/tr\/wp-json\/wp\/v2\/comments?post=3736"}],"wp:featuredmedia":[{"embeddable":true,"href":"https:\/\/zinetgold.com\/tr\/wp-json\/wp\/v2\/media\/3498"}],"wp:attachment":[{"href":"https:\/\/zinetgold.com\/tr\/wp-json\/wp\/v2\/media?parent=3736"}],"wp:term":[{"taxonomy":"product_brand","embeddable":true,"href":"https:\/\/zinetgold.com\/tr\/wp-json\/wp\/v2\/product_brand?post=3736"},{"taxonomy":"product_cat","embeddable":true,"href":"https:\/\/zinetgold.com\/tr\/wp-json\/wp\/v2\/product_cat?post=3736"},{"taxonomy":"product_tag","embeddable":true,"href":"https:\/\/zinetgold.com\/tr\/wp-json\/wp\/v2\/product_tag?post=3736"}],"curies":[{"name":"wp","href":"https:\/\/api.w.org\/{rel}","templated":true}]}}