{"id":3737,"date":"2024-08-13T05:28:59","date_gmt":"2024-08-13T02:28:59","guid":{"rendered":"https:\/\/zinetgold.com\/060-karat-pirlanta-lunar-gleam-bileklik\/"},"modified":"2024-09-06T13:18:41","modified_gmt":"2024-09-06T10:18:41","slug":"060-karat-pirlanta-lunar-gleam-bileklik","status":"publish","type":"product","link":"https:\/\/zinetgold.com\/tr\/060-karat-pirlanta-lunar-gleam-bileklik\/","title":{"rendered":"0,60 Karat P\u0131rlanta Lunar Gleam Bileklik"},"content":{"rendered":"<p>Bu narin bileklik, her biri do\u011fal parlakl\u0131klar\u0131n\u0131 art\u0131ran bir \u00e7er\u00e7eve ayar\u0131na yerle\u015ftirilmi\u015f, m\u00fckemmel \u015fekilde hizalanm\u0131\u015f bir dizi yuvarlak kesim p\u0131rlanta ile s\u00fcslenmi\u015ftir.<br \/>\nTasar\u0131m, \u0131\u015f\u0131lt\u0131l\u0131 ta\u015flar\u0131n sadeli\u011fini ve zarafetini tamamlayan ince bir 14 ayar beyaz alt\u0131n zincire sahiptir.<br \/>\nAyarlanabilir toka rahat bir uyum sa\u011flayarak bilezi\u011fin bile\u011fe zarif bir \u015fekilde oturmas\u0131n\u0131 sa\u011flar.<br \/>\nHer t\u00fcrl\u00fc k\u0131yafete ince ama l\u00fcks bir dokunu\u015f katmak i\u00e7in ideal olan bu par\u00e7a, g\u00fcnl\u00fck kullan\u0131m veya abart\u0131s\u0131z bir ihti\u015fam dokunu\u015funun arzu edildi\u011fi \u00f6zel g\u00fcnler i\u00e7in m\u00fckemmeldir.     &nbsp;<\/p>\n","protected":false},"excerpt":{"rendered":"<p><strong>0,60 Karat<\/strong> P\u0131rlanta Bileklik <strong>14 ayar Beyaz Alt\u0131n<\/strong>, <strong> <\/strong><strong> 3,88 gram<\/strong> a\u011f\u0131rl\u0131\u011f\u0131nda y\u00fcksek kaliteli do\u011fal <strong>p\u0131rlantaSKU-BL0000608<\/strong><\/p>\n","protected":false},"featured_media":3502,"comment_status":"open","ping_status":"closed","template":"","meta":{"_kad_blocks_custom_css":"","_kad_blocks_head_custom_js":"","_kad_blocks_body_custom_js":"","_kad_blocks_footer_custom_js":"","_kadence_starter_templates_imported_post":false,"_kad_post_transparent":"","_kad_post_title":"","_kad_post_layout":"","_kad_post_sidebar_id":"","_kad_post_content_style":"","_kad_post_vertical_padding":"","_kad_post_feature":"","_kad_post_feature_position":"","_kad_post_header":false,"_kad_post_footer":false,"_kad_post_classname":""},"product_brand":[],"product_cat":[53],"product_tag":[],"class_list":{"0":"post-3737","1":"product","2":"type-product","3":"status-publish","4":"has-post-thumbnail","6":"product_cat-pirlanta-bilezikler","8":"first","9":"instock","10":"sale","11":"shipping-taxable","12":"purchasable","13":"product-type-simple","14":"entry","15":"content-bg","16":"loop-entry"},"taxonomy_info":{"product_cat":[{"value":53,"label":"P\u0131rlanta Bilezikler"}]},"featured_image_src_large":["https:\/\/zinetgold.com\/wp-content\/uploads\/2024\/08\/BL0000608-14K-D-0.60-F-G-SI-15-3.88gr-3630-1024x1024.webp",1024,1024,true],"author_info":[],"comment_info":0,"_links":{"self":[{"href":"https:\/\/zinetgold.com\/tr\/wp-json\/wp\/v2\/product\/3737","targetHints":{"allow":["GET"]}}],"collection":[{"href":"https:\/\/zinetgold.com\/tr\/wp-json\/wp\/v2\/product"}],"about":[{"href":"https:\/\/zinetgold.com\/tr\/wp-json\/wp\/v2\/types\/product"}],"replies":[{"embeddable":true,"href":"https:\/\/zinetgold.com\/tr\/wp-json\/wp\/v2\/comments?post=3737"}],"wp:featuredmedia":[{"embeddable":true,"href":"https:\/\/zinetgold.com\/tr\/wp-json\/wp\/v2\/media\/3502"}],"wp:attachment":[{"href":"https:\/\/zinetgold.com\/tr\/wp-json\/wp\/v2\/media?parent=3737"}],"wp:term":[{"taxonomy":"product_brand","embeddable":true,"href":"https:\/\/zinetgold.com\/tr\/wp-json\/wp\/v2\/product_brand?post=3737"},{"taxonomy":"product_cat","embeddable":true,"href":"https:\/\/zinetgold.com\/tr\/wp-json\/wp\/v2\/product_cat?post=3737"},{"taxonomy":"product_tag","embeddable":true,"href":"https:\/\/zinetgold.com\/tr\/wp-json\/wp\/v2\/product_tag?post=3737"}],"curies":[{"name":"wp","href":"https:\/\/api.w.org\/{rel}","templated":true}]}}