{"id":3738,"date":"2024-08-12T22:17:10","date_gmt":"2024-08-12T19:17:10","guid":{"rendered":"https:\/\/zinetgold.com\/138-karat-pirlanta-isiltili-bileklik\/"},"modified":"2024-09-06T13:18:42","modified_gmt":"2024-09-06T10:18:42","slug":"138-karat-pirlanta-isiltili-bileklik","status":"publish","type":"product","link":"https:\/\/zinetgold.com\/tr\/138-karat-pirlanta-isiltili-bileklik\/","title":{"rendered":"1,38 Karat P\u0131rlanta I\u015f\u0131lt\u0131l\u0131 Bileklik"},"content":{"rendered":"<p>Bu zarif bileklik, klasik cazibeyi modern zarafetle kusursuz bir \u015fekilde birle\u015ftiriyor.<br \/>\nPar\u0131ldayan 14 ayar beyaz alt\u0131ndan \u00fcretilen bilekli\u011fin merkezinde muhte\u015fem bir p\u0131rlanta ile kaplanm\u0131\u015f kare motif yer al\u0131yor ve etraf\u0131 daha k\u00fc\u00e7\u00fck p\u0131rlantalarla \u00e7evrili.<br \/>\nBant, uzunlu\u011fu boyunca uzanan, parlakl\u0131k ve l\u00fcks katan \u00e7ift s\u0131ra p\u0131rlantalarla s\u00fcslenmi\u015ftir.<br \/>\nSofistike ili\u015fkiler i\u00e7in m\u00fckemmel olan bu bileklik, hem ihti\u015fam hem de zamans\u0131z bir \u00e7ekicilik sunarak her m\u00fccevher koleksiyonunda de\u011ferli bir par\u00e7a olarak kalmas\u0131n\u0131 sa\u011flar.   <\/p>\n","protected":false},"excerpt":{"rendered":"<p><strong>1,38 Karat<\/strong> P\u0131rlanta Bileklik <strong>14 ayar Beyaz Alt\u0131n<\/strong>, <strong> <\/strong><strong> 15,78 gram<\/strong> a\u011f\u0131rl\u0131\u011f\u0131nda y\u00fcksek kaliteli do\u011fal <strong>p\u0131rlantaSKU-BBL0000240<\/strong><\/p>\n","protected":false},"featured_media":3497,"comment_status":"open","ping_status":"closed","template":"","meta":{"_kad_blocks_custom_css":"","_kad_blocks_head_custom_js":"","_kad_blocks_body_custom_js":"","_kad_blocks_footer_custom_js":"","_kadence_starter_templates_imported_post":false,"_kad_post_transparent":"","_kad_post_title":"","_kad_post_layout":"","_kad_post_sidebar_id":"","_kad_post_content_style":"","_kad_post_vertical_padding":"","_kad_post_feature":"","_kad_post_feature_position":"","_kad_post_header":false,"_kad_post_footer":false,"_kad_post_classname":""},"product_brand":[],"product_cat":[53],"product_tag":[],"class_list":{"0":"post-3738","1":"product","2":"type-product","3":"status-publish","4":"has-post-thumbnail","6":"product_cat-pirlanta-bilezikler","8":"first","9":"instock","10":"sale","11":"shipping-taxable","12":"purchasable","13":"product-type-simple","14":"entry","15":"content-bg","16":"loop-entry"},"taxonomy_info":{"product_cat":[{"value":53,"label":"P\u0131rlanta Bilezikler"}]},"featured_image_src_large":["https:\/\/zinetgold.com\/wp-content\/uploads\/2024\/08\/BBL0000240-14K-D_-0.88-F-G-SI-130-BD_-1.38-F-G-SI-79-15.78-gr.-13409-1024x1024.webp",1024,1024,true],"author_info":[],"comment_info":0,"_links":{"self":[{"href":"https:\/\/zinetgold.com\/tr\/wp-json\/wp\/v2\/product\/3738","targetHints":{"allow":["GET"]}}],"collection":[{"href":"https:\/\/zinetgold.com\/tr\/wp-json\/wp\/v2\/product"}],"about":[{"href":"https:\/\/zinetgold.com\/tr\/wp-json\/wp\/v2\/types\/product"}],"replies":[{"embeddable":true,"href":"https:\/\/zinetgold.com\/tr\/wp-json\/wp\/v2\/comments?post=3738"}],"wp:featuredmedia":[{"embeddable":true,"href":"https:\/\/zinetgold.com\/tr\/wp-json\/wp\/v2\/media\/3497"}],"wp:attachment":[{"href":"https:\/\/zinetgold.com\/tr\/wp-json\/wp\/v2\/media?parent=3738"}],"wp:term":[{"taxonomy":"product_brand","embeddable":true,"href":"https:\/\/zinetgold.com\/tr\/wp-json\/wp\/v2\/product_brand?post=3738"},{"taxonomy":"product_cat","embeddable":true,"href":"https:\/\/zinetgold.com\/tr\/wp-json\/wp\/v2\/product_cat?post=3738"},{"taxonomy":"product_tag","embeddable":true,"href":"https:\/\/zinetgold.com\/tr\/wp-json\/wp\/v2\/product_tag?post=3738"}],"curies":[{"name":"wp","href":"https:\/\/api.w.org\/{rel}","templated":true}]}}