{"id":3739,"date":"2024-08-13T05:23:56","date_gmt":"2024-08-13T02:23:56","guid":{"rendered":"https:\/\/zinetgold.com\/014-karat-pirlanta-markiz-zincir-bileklik\/"},"modified":"2024-09-06T13:18:43","modified_gmt":"2024-09-06T10:18:43","slug":"014-karat-pirlanta-markiz-zincir-bileklik","status":"publish","type":"product","link":"https:\/\/zinetgold.com\/tr\/014-karat-pirlanta-markiz-zincir-bileklik\/","title":{"rendered":"0,14 Karat P\u0131rlanta Markiz Zincir Bileklik"},"content":{"rendered":"<p>Bu bileklik, markiz kesim p\u0131rlantalar\u0131n zamans\u0131z cazibesini \u00e7a\u011fda\u015f bir zincir tasar\u0131m\u0131yla zarif bir \u015fekilde birle\u015ftiriyor.<br \/>\nHer bir p\u0131rlanta, narin 14 ayar beyaz alt\u0131n zincir boyunca markiz \u015feklindeki bir \u00e7er\u00e7eveye ustal\u0131kla yerle\u015ftirilerek klasik ve modern esteti\u011fin kusursuz bir kar\u0131\u015f\u0131m\u0131n\u0131 olu\u015fturuyor.<br \/>\nBileklik, m\u00fckemmel bir uyum i\u00e7in ayarlanabilir bir tokaya sahiptir ve bile\u011fin etraf\u0131nda zarif bir \u015fekilde \u00f6rt\u00fclmesini sa\u011flar.<br \/>\n\u0130nce ama \u00e7arp\u0131c\u0131 tasar\u0131m\u0131 sayesinde hem g\u00fcnl\u00fck \u015f\u0131kl\u0131k hem de \u00f6zel g\u00fcnler i\u00e7in uygundur ve her k\u0131yafete sofistike bir \u0131\u015f\u0131lt\u0131 katar.   <\/p>\n","protected":false},"excerpt":{"rendered":"<p><strong>0,14 Karat<\/strong> P\u0131rlanta Bileklik <strong>14 ayar Beyaz Alt\u0131n<\/strong>, <strong> <\/strong><strong> 3,98 gram<\/strong> a\u011f\u0131rl\u0131\u011f\u0131nda y\u00fcksek kaliteli do\u011fal <strong>p\u0131rlantaSKU-BL0000607<\/strong><\/p>\n","protected":false},"featured_media":3501,"comment_status":"open","ping_status":"closed","template":"","meta":{"_kad_blocks_custom_css":"","_kad_blocks_head_custom_js":"","_kad_blocks_body_custom_js":"","_kad_blocks_footer_custom_js":"","_kadence_starter_templates_imported_post":false,"_kad_post_transparent":"","_kad_post_title":"","_kad_post_layout":"","_kad_post_sidebar_id":"","_kad_post_content_style":"","_kad_post_vertical_padding":"","_kad_post_feature":"","_kad_post_feature_position":"","_kad_post_header":false,"_kad_post_footer":false,"_kad_post_classname":""},"product_brand":[],"product_cat":[53],"product_tag":[],"class_list":{"0":"post-3739","1":"product","2":"type-product","3":"status-publish","4":"has-post-thumbnail","6":"product_cat-pirlanta-bilezikler","8":"first","9":"instock","10":"sale","11":"shipping-taxable","12":"purchasable","13":"product-type-simple","14":"entry","15":"content-bg","16":"loop-entry"},"taxonomy_info":{"product_cat":[{"value":53,"label":"P\u0131rlanta Bilezikler"}]},"featured_image_src_large":["https:\/\/zinetgold.com\/wp-content\/uploads\/2024\/08\/BL0000607-14K-D-0.14-F-G-SI-19-3.98gr-2024-1024x1024.webp",1024,1024,true],"author_info":[],"comment_info":0,"_links":{"self":[{"href":"https:\/\/zinetgold.com\/tr\/wp-json\/wp\/v2\/product\/3739","targetHints":{"allow":["GET"]}}],"collection":[{"href":"https:\/\/zinetgold.com\/tr\/wp-json\/wp\/v2\/product"}],"about":[{"href":"https:\/\/zinetgold.com\/tr\/wp-json\/wp\/v2\/types\/product"}],"replies":[{"embeddable":true,"href":"https:\/\/zinetgold.com\/tr\/wp-json\/wp\/v2\/comments?post=3739"}],"wp:featuredmedia":[{"embeddable":true,"href":"https:\/\/zinetgold.com\/tr\/wp-json\/wp\/v2\/media\/3501"}],"wp:attachment":[{"href":"https:\/\/zinetgold.com\/tr\/wp-json\/wp\/v2\/media?parent=3739"}],"wp:term":[{"taxonomy":"product_brand","embeddable":true,"href":"https:\/\/zinetgold.com\/tr\/wp-json\/wp\/v2\/product_brand?post=3739"},{"taxonomy":"product_cat","embeddable":true,"href":"https:\/\/zinetgold.com\/tr\/wp-json\/wp\/v2\/product_cat?post=3739"},{"taxonomy":"product_tag","embeddable":true,"href":"https:\/\/zinetgold.com\/tr\/wp-json\/wp\/v2\/product_tag?post=3739"}],"curies":[{"name":"wp","href":"https:\/\/api.w.org\/{rel}","templated":true}]}}