{"id":3740,"date":"2024-08-12T15:48:17","date_gmt":"2024-08-12T12:48:17","guid":{"rendered":"https:\/\/zinetgold.com\/195-karat-kristal-orgu-pirlanta-bileklik\/"},"modified":"2024-09-06T13:18:44","modified_gmt":"2024-09-06T10:18:44","slug":"195-karat-kristal-orgu-pirlanta-bileklik","status":"publish","type":"product","link":"https:\/\/zinetgold.com\/tr\/195-karat-kristal-orgu-pirlanta-bileklik\/","title":{"rendered":"1,95 Karat Kristal \u00d6rg\u00fc P\u0131rlanta Bileklik"},"content":{"rendered":"<p>Bu zarif 14 ayar beyaz alt\u0131n bileklik, bile\u011fin etraf\u0131nda zarif bir \u015fekilde spiral \u00e7izen \u0131\u015f\u0131lt\u0131l\u0131 beyaz alt\u0131n bir bant i\u00e7ine yerle\u015ftirilmi\u015f e\u015fsiz ve karma\u015f\u0131k bir p\u0131rlanta \u00f6rg\u00fcs\u00fcn\u00fc sergiliyor.<br \/>\nTasar\u0131m, her a\u00e7\u0131dan \u0131\u015f\u0131\u011f\u0131 yakalayan kuma\u015f benzeri bir doku yaratan, birbirine s\u0131k\u0131ca kenetlenmi\u015f p\u0131rlantalardan olu\u015fan kesintisiz bir desene sahiptir.<br \/>\nHer k\u0131yafete sofistike bir dokunu\u015f katmak i\u00e7in ideal olan bu bilezik, uzman i\u015f\u00e7ili\u011fin ve zamans\u0131z stilin bir kan\u0131t\u0131d\u0131r.<br \/>\nG\u00fcvenli tokas\u0131, kullan\u0131c\u0131n\u0131n bile\u011fini g\u00fcn veya ak\u015fam boyunca rahatl\u0131k ve zarafetle s\u00fcslemesini sa\u011flar.   <\/p>\n","protected":false},"excerpt":{"rendered":"<p><strong>1,95 Karat<\/strong> P\u0131rlanta Bileklik <strong>14 ayar Beyaz Alt\u0131n<\/strong>, <strong> 14,92 gram<\/strong> a\u011f\u0131rl\u0131\u011f\u0131nda <strong> <\/strong>y\u00fcksek kaliteli do\u011fal <strong>p\u0131rlantaSKU-BBL0000227<\/strong><\/p>\n","protected":false},"featured_media":3496,"comment_status":"open","ping_status":"closed","template":"","meta":{"_kad_blocks_custom_css":"","_kad_blocks_head_custom_js":"","_kad_blocks_body_custom_js":"","_kad_blocks_footer_custom_js":"","_kadence_starter_templates_imported_post":false,"_kad_post_transparent":"","_kad_post_title":"","_kad_post_layout":"","_kad_post_sidebar_id":"","_kad_post_content_style":"","_kad_post_vertical_padding":"","_kad_post_feature":"","_kad_post_feature_position":"","_kad_post_header":false,"_kad_post_footer":false,"_kad_post_classname":""},"product_brand":[],"product_cat":[53],"product_tag":[],"class_list":{"0":"post-3740","1":"product","2":"type-product","3":"status-publish","4":"has-post-thumbnail","6":"product_cat-pirlanta-bilezikler","8":"first","9":"instock","10":"sale","11":"shipping-taxable","12":"purchasable","13":"product-type-simple","14":"entry","15":"content-bg","16":"loop-entry"},"taxonomy_info":{"product_cat":[{"value":53,"label":"P\u0131rlanta Bilezikler"}]},"featured_image_src_large":["https:\/\/zinetgold.com\/wp-content\/uploads\/2024\/08\/BBL0000227-14K-BD_-1.95-F-G-SI-82-14.92-gr.-11088-1024x1024.webp",1024,1024,true],"author_info":[],"comment_info":0,"_links":{"self":[{"href":"https:\/\/zinetgold.com\/tr\/wp-json\/wp\/v2\/product\/3740","targetHints":{"allow":["GET"]}}],"collection":[{"href":"https:\/\/zinetgold.com\/tr\/wp-json\/wp\/v2\/product"}],"about":[{"href":"https:\/\/zinetgold.com\/tr\/wp-json\/wp\/v2\/types\/product"}],"replies":[{"embeddable":true,"href":"https:\/\/zinetgold.com\/tr\/wp-json\/wp\/v2\/comments?post=3740"}],"wp:featuredmedia":[{"embeddable":true,"href":"https:\/\/zinetgold.com\/tr\/wp-json\/wp\/v2\/media\/3496"}],"wp:attachment":[{"href":"https:\/\/zinetgold.com\/tr\/wp-json\/wp\/v2\/media?parent=3740"}],"wp:term":[{"taxonomy":"product_brand","embeddable":true,"href":"https:\/\/zinetgold.com\/tr\/wp-json\/wp\/v2\/product_brand?post=3740"},{"taxonomy":"product_cat","embeddable":true,"href":"https:\/\/zinetgold.com\/tr\/wp-json\/wp\/v2\/product_cat?post=3740"},{"taxonomy":"product_tag","embeddable":true,"href":"https:\/\/zinetgold.com\/tr\/wp-json\/wp\/v2\/product_tag?post=3740"}],"curies":[{"name":"wp","href":"https:\/\/api.w.org\/{rel}","templated":true}]}}