{"id":3741,"date":"2024-08-12T06:31:27","date_gmt":"2024-08-12T03:31:27","guid":{"rendered":"https:\/\/zinetgold.com\/063-pirlanta-sonsuzluk-bilezigi\/"},"modified":"2024-09-06T13:18:50","modified_gmt":"2024-09-06T10:18:50","slug":"063-pirlanta-sonsuzluk-bilezigi","status":"publish","type":"product","link":"https:\/\/zinetgold.com\/tr\/063-pirlanta-sonsuzluk-bilezigi\/","title":{"rendered":"0,63 P\u0131rlanta Sonsuzluk Bilezi\u011fi"},"content":{"rendered":"<p><span style=\"font-family: var(--global-body-font-family);\">  Klasik ve zarif p\u0131rlanta sonsuzluk bilezi\u011fi, 14 ayar beyaz alt\u0131n i\u00e7ine yerle\u015ftirilmi\u015f bir s\u0131ra parlak yuvarlak kesim p\u0131rlanta i\u00e7erir.<br \/>\nZamans\u0131z bir l\u00fcks ve incelik yans\u0131tan bu bilezik, \u00fcst \u00fcste takmak veya tek ba\u015f\u0131na kullanmak i\u00e7in m\u00fckemmeldir. <\/span><\/p>\n","protected":false},"excerpt":{"rendered":"<p><strong>0,63 Karat<\/strong> P\u0131rlanta Bileklik <strong>14 ayar Beyaz Alt\u0131n<\/strong>, <strong> 19,40 gram<\/strong> a\u011f\u0131rl\u0131\u011f\u0131nda <strong> <\/strong>y\u00fcksek kalite do\u011fal <strong>p\u0131rlantal\u0131SKU-BBL0000171<\/strong><\/p>\n","protected":false},"featured_media":3490,"comment_status":"open","ping_status":"closed","template":"","meta":{"_kad_blocks_custom_css":"","_kad_blocks_head_custom_js":"","_kad_blocks_body_custom_js":"","_kad_blocks_footer_custom_js":"","_kadence_starter_templates_imported_post":false,"_kad_post_transparent":"","_kad_post_title":"","_kad_post_layout":"","_kad_post_sidebar_id":"","_kad_post_content_style":"","_kad_post_vertical_padding":"","_kad_post_feature":"","_kad_post_feature_position":"","_kad_post_header":false,"_kad_post_footer":false,"_kad_post_classname":""},"product_brand":[],"product_cat":[53],"product_tag":[],"class_list":{"0":"post-3741","1":"product","2":"type-product","3":"status-publish","4":"has-post-thumbnail","6":"product_cat-pirlanta-bilezikler","8":"first","9":"instock","10":"sale","11":"shipping-taxable","12":"purchasable","13":"product-type-simple","14":"entry","15":"content-bg","16":"loop-entry"},"taxonomy_info":{"product_cat":[{"value":53,"label":"P\u0131rlanta Bilezikler"}]},"featured_image_src_large":["https:\/\/zinetgold.com\/wp-content\/uploads\/2024\/08\/BBL0000171-14K-D_-1.68-F-G-SI-216-BD_-0.63-F-G-SI-25-19.40-gr.-13497-1024x1024.webp",1024,1024,true],"author_info":[],"comment_info":0,"_links":{"self":[{"href":"https:\/\/zinetgold.com\/tr\/wp-json\/wp\/v2\/product\/3741","targetHints":{"allow":["GET"]}}],"collection":[{"href":"https:\/\/zinetgold.com\/tr\/wp-json\/wp\/v2\/product"}],"about":[{"href":"https:\/\/zinetgold.com\/tr\/wp-json\/wp\/v2\/types\/product"}],"replies":[{"embeddable":true,"href":"https:\/\/zinetgold.com\/tr\/wp-json\/wp\/v2\/comments?post=3741"}],"wp:featuredmedia":[{"embeddable":true,"href":"https:\/\/zinetgold.com\/tr\/wp-json\/wp\/v2\/media\/3490"}],"wp:attachment":[{"href":"https:\/\/zinetgold.com\/tr\/wp-json\/wp\/v2\/media?parent=3741"}],"wp:term":[{"taxonomy":"product_brand","embeddable":true,"href":"https:\/\/zinetgold.com\/tr\/wp-json\/wp\/v2\/product_brand?post=3741"},{"taxonomy":"product_cat","embeddable":true,"href":"https:\/\/zinetgold.com\/tr\/wp-json\/wp\/v2\/product_cat?post=3741"},{"taxonomy":"product_tag","embeddable":true,"href":"https:\/\/zinetgold.com\/tr\/wp-json\/wp\/v2\/product_tag?post=3741"}],"curies":[{"name":"wp","href":"https:\/\/api.w.org\/{rel}","templated":true}]}}