{"id":3742,"date":"2024-08-12T15:39:48","date_gmt":"2024-08-12T12:39:48","guid":{"rendered":"https:\/\/zinetgold.com\/050-karat-radiant-elegance-pirlanta-bileklik\/"},"modified":"2024-09-06T13:18:50","modified_gmt":"2024-09-06T10:18:50","slug":"050-karat-radiant-elegance-pirlanta-bileklik","status":"publish","type":"product","link":"https:\/\/zinetgold.com\/tr\/050-karat-radiant-elegance-pirlanta-bileklik\/","title":{"rendered":"0,50 Karat Radiant Elegance P\u0131rlanta Bileklik"},"content":{"rendered":"<p>Bu 14 ayar beyaz alt\u0131n p\u0131rlanta bileklik, \u015f\u0131k beyaz alt\u0131n band\u0131 ve daha k\u00fc\u00e7\u00fck ta\u015flardan olu\u015fan bir haleyle \u00e7evrili \u0131\u015f\u0131lt\u0131l\u0131 bir p\u0131rlanta ile \u00e7arp\u0131c\u0131 bir merkezi kare \u00f6zelli\u011fi ile rafine l\u00fcks\u00fcn \u00f6z\u00fcn\u00fc yakalar.<br \/>\nBand\u0131n sade \u00e7izgileri, s\u0131ra s\u0131ra dizilmi\u015f p\u0131rlantalarla tamamlanarak ihti\u015fam ve \u0131\u015f\u0131lt\u0131 kat\u0131yor.<br \/>\nZarif ak\u015famlar veya \u00f6nemli g\u00fcnler i\u00e7in m\u00fckemmel olan bu bileklik, klasik cazibeyi \u00e7a\u011fda\u015f sofistikelikle harmanl\u0131yor.  <\/p>\n","protected":false},"excerpt":{"rendered":"<p><strong>0,50 Karat<\/strong> P\u0131rlanta Bileklik <strong>14 ayar Beyaz Alt\u0131n<\/strong>, <strong> <\/strong><strong> 15,49 gram<\/strong> a\u011f\u0131rl\u0131\u011f\u0131nda y\u00fcksek kaliteli do\u011fal <strong>p\u0131rlantaSKU-BBL0000215<\/strong><\/p>\n","protected":false},"featured_media":3495,"comment_status":"open","ping_status":"closed","template":"","meta":{"_kad_blocks_custom_css":"","_kad_blocks_head_custom_js":"","_kad_blocks_body_custom_js":"","_kad_blocks_footer_custom_js":"","_kadence_starter_templates_imported_post":false,"_kad_post_transparent":"","_kad_post_title":"","_kad_post_layout":"","_kad_post_sidebar_id":"","_kad_post_content_style":"","_kad_post_vertical_padding":"","_kad_post_feature":"","_kad_post_feature_position":"","_kad_post_header":false,"_kad_post_footer":false,"_kad_post_classname":""},"product_brand":[],"product_cat":[53],"product_tag":[],"class_list":{"0":"post-3742","1":"product","2":"type-product","3":"status-publish","4":"has-post-thumbnail","6":"product_cat-pirlanta-bilezikler","8":"first","9":"instock","10":"sale","11":"shipping-taxable","12":"purchasable","13":"product-type-simple","14":"entry","15":"content-bg","16":"loop-entry"},"taxonomy_info":{"product_cat":[{"value":53,"label":"P\u0131rlanta Bilezikler"}]},"featured_image_src_large":["https:\/\/zinetgold.com\/wp-content\/uploads\/2024\/08\/BBL0000215-14K-D_-0.74-F-G-SI-132-BD_-0.50-F-G-SI-31-15.49-gr.-9108-1024x1024.webp",1024,1024,true],"author_info":[],"comment_info":0,"_links":{"self":[{"href":"https:\/\/zinetgold.com\/tr\/wp-json\/wp\/v2\/product\/3742","targetHints":{"allow":["GET"]}}],"collection":[{"href":"https:\/\/zinetgold.com\/tr\/wp-json\/wp\/v2\/product"}],"about":[{"href":"https:\/\/zinetgold.com\/tr\/wp-json\/wp\/v2\/types\/product"}],"replies":[{"embeddable":true,"href":"https:\/\/zinetgold.com\/tr\/wp-json\/wp\/v2\/comments?post=3742"}],"wp:featuredmedia":[{"embeddable":true,"href":"https:\/\/zinetgold.com\/tr\/wp-json\/wp\/v2\/media\/3495"}],"wp:attachment":[{"href":"https:\/\/zinetgold.com\/tr\/wp-json\/wp\/v2\/media?parent=3742"}],"wp:term":[{"taxonomy":"product_brand","embeddable":true,"href":"https:\/\/zinetgold.com\/tr\/wp-json\/wp\/v2\/product_brand?post=3742"},{"taxonomy":"product_cat","embeddable":true,"href":"https:\/\/zinetgold.com\/tr\/wp-json\/wp\/v2\/product_cat?post=3742"},{"taxonomy":"product_tag","embeddable":true,"href":"https:\/\/zinetgold.com\/tr\/wp-json\/wp\/v2\/product_tag?post=3742"}],"curies":[{"name":"wp","href":"https:\/\/api.w.org\/{rel}","templated":true}]}}