{"id":3744,"date":"2024-08-12T15:34:59","date_gmt":"2024-08-12T12:34:59","guid":{"rendered":"https:\/\/zinetgold.com\/035-karat-glimmering-links-pirlanta-bileklik\/"},"modified":"2024-09-06T13:18:52","modified_gmt":"2024-09-06T10:18:52","slug":"035-karat-glimmering-links-pirlanta-bileklik","status":"publish","type":"product","link":"https:\/\/zinetgold.com\/tr\/035-karat-glimmering-links-pirlanta-bileklik\/","title":{"rendered":"0,35 Karat Glimmering Links P\u0131rlanta Bileklik"},"content":{"rendered":"<p>Bu zarif 14 ayar beyaz alt\u0131n bileklik, baget ve yuvarlak kesim p\u0131rlantalarla kapl\u0131 bir dizi birbirine ge\u00e7en ba\u011flant\u0131ya sahip olup zarafeti modern tasar\u0131mla birle\u015ftiriyor.<br \/>\nBilezik, p\u0131rlantalar\u0131n parlakl\u0131\u011f\u0131n\u0131 art\u0131ran ve kusursuz bir g\u00f6r\u00fcn\u00fcm yaratan \u0131\u015f\u0131lt\u0131l\u0131 beyaz alt\u0131ndan \u00fcretilmi\u015ftir.<br \/>\nG\u00fcvenli tokas\u0131 bile\u011fe g\u00fczel bir \u015fekilde oturmas\u0131n\u0131 sa\u011flar ve hem g\u00fcnd\u00fcz sofistike hem de ak\u015fam ihti\u015fam\u0131 i\u00e7in m\u00fckemmel bir se\u00e7imdir.  <\/p>\n","protected":false},"excerpt":{"rendered":"<p><strong>0,35 Karat<\/strong> P\u0131rlanta Bileklik <strong>14 ayar Beyaz Alt\u0131n<\/strong>, <strong> 17,<\/strong><strong>76gram<\/strong> a\u011f\u0131rl\u0131\u011f\u0131nda <strong> <\/strong>y\u00fcksek kaliteli do\u011fal <strong> p\u0131rlantal\u0131SKU-BBL0000213<\/strong><\/p>\n","protected":false},"featured_media":3494,"comment_status":"open","ping_status":"closed","template":"","meta":{"_kad_blocks_custom_css":"","_kad_blocks_head_custom_js":"","_kad_blocks_body_custom_js":"","_kad_blocks_footer_custom_js":"","_kadence_starter_templates_imported_post":false,"_kad_post_transparent":"","_kad_post_title":"","_kad_post_layout":"","_kad_post_sidebar_id":"","_kad_post_content_style":"","_kad_post_vertical_padding":"","_kad_post_feature":"","_kad_post_feature_position":"","_kad_post_header":false,"_kad_post_footer":false,"_kad_post_classname":""},"product_brand":[],"product_cat":[53],"product_tag":[],"class_list":{"0":"post-3744","1":"product","2":"type-product","3":"status-publish","4":"has-post-thumbnail","6":"product_cat-pirlanta-bilezikler","8":"first","9":"instock","10":"sale","11":"shipping-taxable","12":"purchasable","13":"product-type-simple","14":"entry","15":"content-bg","16":"loop-entry"},"taxonomy_info":{"product_cat":[{"value":53,"label":"P\u0131rlanta Bilezikler"}]},"featured_image_src_large":["https:\/\/zinetgold.com\/wp-content\/uploads\/2024\/08\/BBL0000213-14K-D_-0.95-F-G-SI-69-BD_-0.35-F-G-SI-9-17.76-gr.-9812-1024x1024.webp",1024,1024,true],"author_info":[],"comment_info":0,"_links":{"self":[{"href":"https:\/\/zinetgold.com\/tr\/wp-json\/wp\/v2\/product\/3744","targetHints":{"allow":["GET"]}}],"collection":[{"href":"https:\/\/zinetgold.com\/tr\/wp-json\/wp\/v2\/product"}],"about":[{"href":"https:\/\/zinetgold.com\/tr\/wp-json\/wp\/v2\/types\/product"}],"replies":[{"embeddable":true,"href":"https:\/\/zinetgold.com\/tr\/wp-json\/wp\/v2\/comments?post=3744"}],"wp:featuredmedia":[{"embeddable":true,"href":"https:\/\/zinetgold.com\/tr\/wp-json\/wp\/v2\/media\/3494"}],"wp:attachment":[{"href":"https:\/\/zinetgold.com\/tr\/wp-json\/wp\/v2\/media?parent=3744"}],"wp:term":[{"taxonomy":"product_brand","embeddable":true,"href":"https:\/\/zinetgold.com\/tr\/wp-json\/wp\/v2\/product_brand?post=3744"},{"taxonomy":"product_cat","embeddable":true,"href":"https:\/\/zinetgold.com\/tr\/wp-json\/wp\/v2\/product_cat?post=3744"},{"taxonomy":"product_tag","embeddable":true,"href":"https:\/\/zinetgold.com\/tr\/wp-json\/wp\/v2\/product_tag?post=3744"}],"curies":[{"name":"wp","href":"https:\/\/api.w.org\/{rel}","templated":true}]}}