{"id":3745,"date":"2024-08-12T06:20:06","date_gmt":"2024-08-12T03:20:06","guid":{"rendered":"https:\/\/zinetgold.com\/032-karat-kumelenmis-pirlanta-bileklik\/"},"modified":"2024-09-06T13:18:54","modified_gmt":"2024-09-06T10:18:54","slug":"032-karat-kumelenmis-pirlanta-bileklik","status":"publish","type":"product","link":"https:\/\/zinetgold.com\/tr\/032-karat-kumelenmis-pirlanta-bileklik\/","title":{"rendered":"0,32 Karat K\u00fcmelenmi\u015f P\u0131rlanta Bileklik"},"content":{"rendered":"<p><span style=\"font-family: var(--global-body-font-family);\">Yuvarlak ve baget kesim p\u0131rlantalar\u0131n birle\u015fiminden olu\u015fan \u00e7arp\u0131c\u0131 bir bileklik.<br \/>\nP\u0131rlantalar, \u0131\u015f\u0131lt\u0131l\u0131 ve g\u00f6z al\u0131c\u0131 bir etki yaratan bir k\u00fcme tasar\u0131m\u0131na yerle\u015ftirilmi\u015ftir.<br \/>\nBilezi\u011fin 14 ayar beyaz alt\u0131ndan \u00fcretildi\u011fi ve cilal\u0131 bir y\u00fczeye sahip oldu\u011fu g\u00f6r\u00fcl\u00fcyor.  <\/span><\/p>\n","protected":false},"excerpt":{"rendered":"<p><strong>0,32 Karat<\/strong> P\u0131rlanta Bileklik <strong>14 ayar Beyaz Alt\u0131n<\/strong>, <strong> 11,99 gram<\/strong> a\u011f\u0131rl\u0131\u011f\u0131nda <strong> <\/strong>y\u00fcksek kalite do\u011fal <strong>p\u0131rlantal\u0131SKU-BBL0000168<\/strong><\/p>\n","protected":false},"featured_media":3488,"comment_status":"open","ping_status":"closed","template":"","meta":{"_kad_blocks_custom_css":"","_kad_blocks_head_custom_js":"","_kad_blocks_body_custom_js":"","_kad_blocks_footer_custom_js":"","_kadence_starter_templates_imported_post":false,"_kad_post_transparent":"","_kad_post_title":"","_kad_post_layout":"","_kad_post_sidebar_id":"","_kad_post_content_style":"","_kad_post_vertical_padding":"","_kad_post_feature":"","_kad_post_feature_position":"","_kad_post_header":false,"_kad_post_footer":false,"_kad_post_classname":""},"product_brand":[],"product_cat":[53],"product_tag":[],"class_list":{"0":"post-3745","1":"product","2":"type-product","3":"status-publish","4":"has-post-thumbnail","6":"product_cat-pirlanta-bilezikler","8":"first","9":"instock","10":"sale","11":"shipping-taxable","12":"purchasable","13":"product-type-simple","14":"entry","15":"content-bg","16":"loop-entry"},"taxonomy_info":{"product_cat":[{"value":53,"label":"P\u0131rlanta Bilezikler"}]},"featured_image_src_large":["https:\/\/zinetgold.com\/wp-content\/uploads\/2024\/08\/BBL0000168-14K-D_-0.65-F-G-SI-164-BD_-0.32-F-G-SI-16-11.99-gr.-7315-1024x1024.webp",1024,1024,true],"author_info":[],"comment_info":0,"_links":{"self":[{"href":"https:\/\/zinetgold.com\/tr\/wp-json\/wp\/v2\/product\/3745","targetHints":{"allow":["GET"]}}],"collection":[{"href":"https:\/\/zinetgold.com\/tr\/wp-json\/wp\/v2\/product"}],"about":[{"href":"https:\/\/zinetgold.com\/tr\/wp-json\/wp\/v2\/types\/product"}],"replies":[{"embeddable":true,"href":"https:\/\/zinetgold.com\/tr\/wp-json\/wp\/v2\/comments?post=3745"}],"wp:featuredmedia":[{"embeddable":true,"href":"https:\/\/zinetgold.com\/tr\/wp-json\/wp\/v2\/media\/3488"}],"wp:attachment":[{"href":"https:\/\/zinetgold.com\/tr\/wp-json\/wp\/v2\/media?parent=3745"}],"wp:term":[{"taxonomy":"product_brand","embeddable":true,"href":"https:\/\/zinetgold.com\/tr\/wp-json\/wp\/v2\/product_brand?post=3745"},{"taxonomy":"product_cat","embeddable":true,"href":"https:\/\/zinetgold.com\/tr\/wp-json\/wp\/v2\/product_cat?post=3745"},{"taxonomy":"product_tag","embeddable":true,"href":"https:\/\/zinetgold.com\/tr\/wp-json\/wp\/v2\/product_tag?post=3745"}],"curies":[{"name":"wp","href":"https:\/\/api.w.org\/{rel}","templated":true}]}}