{"id":3746,"date":"2024-08-12T15:24:36","date_gmt":"2024-08-12T12:24:36","guid":{"rendered":"https:\/\/zinetgold.com\/079-karat-celestial-harmony-pirlanta-bileklik\/"},"modified":"2024-09-06T13:18:54","modified_gmt":"2024-09-06T10:18:54","slug":"079-karat-celestial-harmony-pirlanta-bileklik","status":"publish","type":"product","link":"https:\/\/zinetgold.com\/tr\/079-karat-celestial-harmony-pirlanta-bileklik\/","title":{"rendered":"0,79 Karat Celestial Harmony P\u0131rlanta Bileklik."},"content":{"rendered":"<p>Bu g\u00f6z al\u0131c\u0131 bileklik, 14 ayar beyaz alt\u0131ndan, p\u0131rlanta s\u0131ralar\u0131yla s\u00fcslenmi\u015f \u00e7ok say\u0131da banttan olu\u015fan karma\u015f\u0131k bir tasar\u0131ma sahiptir.<br \/>\nMerkezde, \u0131\u015f\u0131lt\u0131s\u0131n\u0131 art\u0131ran p\u0131rlanta k\u00fcmeleriyle s\u00fcsl\u00fc kare bir motif yer al\u0131yor.<br \/>\nKlasik ve \u00e7a\u011fda\u015f tasar\u0131m \u00f6\u011felerinin uyumlu kar\u0131\u015f\u0131m\u0131, bu bilezi\u011fi hem resmi etkinlikler hem de sofistike g\u00fcnl\u00fck kullan\u0131m i\u00e7in \u00e7ok y\u00f6nl\u00fc hale getirir.<br \/>\n\u00c7oklu s\u0131ralar katmanl\u0131 bir g\u00f6r\u00fcn\u00fcm yaratarak par\u00e7aya derinlik ve parlakl\u0131k katar ve \u0131\u015f\u0131\u011f\u0131 her a\u00e7\u0131dan g\u00fczel bir \u015fekilde yans\u0131t\u0131r.<br \/>\nZamans\u0131z zarafetin ve l\u00fcks cazibenin timsali olan bu bileklik, her m\u00fccevher koleksiyonuna m\u00fckemmel bir katk\u0131 sa\u011flar.    <\/p>\n","protected":false},"excerpt":{"rendered":"<p><strong>0,79 Karat<\/strong> P\u0131rlanta Bileklik <strong>14 ayar Beyaz Alt\u0131n<\/strong>, <strong> 19,58 gram<\/strong> a\u011f\u0131rl\u0131\u011f\u0131nda <strong> <\/strong>y\u00fcksek kalite do\u011fal <strong>p\u0131rlantal\u0131SKU-BBL0000211<\/strong><\/p>\n","protected":false},"featured_media":3493,"comment_status":"open","ping_status":"closed","template":"","meta":{"_kad_blocks_custom_css":"","_kad_blocks_head_custom_js":"","_kad_blocks_body_custom_js":"","_kad_blocks_footer_custom_js":"","_kadence_starter_templates_imported_post":false,"_kad_post_transparent":"","_kad_post_title":"","_kad_post_layout":"","_kad_post_sidebar_id":"","_kad_post_content_style":"","_kad_post_vertical_padding":"","_kad_post_feature":"","_kad_post_feature_position":"","_kad_post_header":false,"_kad_post_footer":false,"_kad_post_classname":""},"product_brand":[],"product_cat":[53],"product_tag":[],"class_list":{"0":"post-3746","1":"product","2":"type-product","3":"status-publish","4":"has-post-thumbnail","6":"product_cat-pirlanta-bilezikler","8":"first","9":"instock","10":"sale","11":"shipping-taxable","12":"purchasable","13":"product-type-simple","14":"entry","15":"content-bg","16":"loop-entry"},"taxonomy_info":{"product_cat":[{"value":53,"label":"P\u0131rlanta Bilezikler"}]},"featured_image_src_large":["https:\/\/zinetgold.com\/wp-content\/uploads\/2024\/08\/BBL0000211-14K-D_-0.89-F-G-SI-132-BD_-0.79-F-G-SI-43-19.58-gr.-11902-1024x1024.webp",1024,1024,true],"author_info":[],"comment_info":0,"_links":{"self":[{"href":"https:\/\/zinetgold.com\/tr\/wp-json\/wp\/v2\/product\/3746","targetHints":{"allow":["GET"]}}],"collection":[{"href":"https:\/\/zinetgold.com\/tr\/wp-json\/wp\/v2\/product"}],"about":[{"href":"https:\/\/zinetgold.com\/tr\/wp-json\/wp\/v2\/types\/product"}],"replies":[{"embeddable":true,"href":"https:\/\/zinetgold.com\/tr\/wp-json\/wp\/v2\/comments?post=3746"}],"wp:featuredmedia":[{"embeddable":true,"href":"https:\/\/zinetgold.com\/tr\/wp-json\/wp\/v2\/media\/3493"}],"wp:attachment":[{"href":"https:\/\/zinetgold.com\/tr\/wp-json\/wp\/v2\/media?parent=3746"}],"wp:term":[{"taxonomy":"product_brand","embeddable":true,"href":"https:\/\/zinetgold.com\/tr\/wp-json\/wp\/v2\/product_brand?post=3746"},{"taxonomy":"product_cat","embeddable":true,"href":"https:\/\/zinetgold.com\/tr\/wp-json\/wp\/v2\/product_cat?post=3746"},{"taxonomy":"product_tag","embeddable":true,"href":"https:\/\/zinetgold.com\/tr\/wp-json\/wp\/v2\/product_tag?post=3746"}],"curies":[{"name":"wp","href":"https:\/\/api.w.org\/{rel}","templated":true}]}}