{"id":3747,"date":"2024-08-12T06:15:06","date_gmt":"2024-08-12T03:15:06","guid":{"rendered":"https:\/\/zinetgold.com\/014-karat-pirlanta-tenis-bilekligi\/"},"modified":"2024-09-06T13:18:55","modified_gmt":"2024-09-06T10:18:55","slug":"014-karat-pirlanta-tenis-bilekligi","status":"publish","type":"product","link":"https:\/\/zinetgold.com\/tr\/014-karat-pirlanta-tenis-bilekligi\/","title":{"rendered":"0,14 Karat P\u0131rlanta Tenis Bilekli\u011fi"},"content":{"rendered":"<p><span style=\"font-family: var(--global-body-font-family);\">  Klasik bir p\u0131rlanta tenis bilezi\u011fi, 14 ayar beyaz alt\u0131n bir bant i\u00e7ine yerle\u015ftirilmi\u015f kesintisiz bir s\u0131ra p\u0131r\u0131lt\u0131l\u0131 yuvarlak kesim p\u0131rlanta i\u00e7erir.<br \/>\nBilezik zamans\u0131z bir zarafet sergiler ve her durum i\u00e7in m\u00fckemmeldir. <\/span><\/p>\n","protected":false},"excerpt":{"rendered":"<p><strong>0,14 Karat<\/strong> P\u0131rlanta Bileklik <strong>14 ayar Beyaz Alt\u0131n<\/strong>, <strong> <\/strong><strong> 5,27 gram<\/strong> a\u011f\u0131rl\u0131\u011f\u0131nda y\u00fcksek kalite do\u011fal <strong>p\u0131rlantaSKU-BBL0000118<\/strong><\/p>\n","protected":false},"featured_media":3487,"comment_status":"open","ping_status":"closed","template":"","meta":{"_kad_blocks_custom_css":"","_kad_blocks_head_custom_js":"","_kad_blocks_body_custom_js":"","_kad_blocks_footer_custom_js":"","_kadence_starter_templates_imported_post":false,"_kad_post_transparent":"","_kad_post_title":"","_kad_post_layout":"","_kad_post_sidebar_id":"","_kad_post_content_style":"","_kad_post_vertical_padding":"","_kad_post_feature":"","_kad_post_feature_position":"","_kad_post_header":false,"_kad_post_footer":false,"_kad_post_classname":""},"product_brand":[],"product_cat":[53],"product_tag":[],"class_list":{"0":"post-3747","1":"product","2":"type-product","3":"status-publish","4":"has-post-thumbnail","6":"product_cat-pirlanta-bilezikler","8":"first","9":"instock","10":"sale","11":"shipping-taxable","12":"purchasable","13":"product-type-simple","14":"entry","15":"content-bg","16":"loop-entry"},"taxonomy_info":{"product_cat":[{"value":53,"label":"P\u0131rlanta Bilezikler"}]},"featured_image_src_large":["https:\/\/zinetgold.com\/wp-content\/uploads\/2024\/08\/BBL0000118-14K-D_-0.17-F-G-SI-6-BD_-0.14-F-G-SI-5-5.27-gr.-2970-1024x1024.webp",1024,1024,true],"author_info":[],"comment_info":0,"_links":{"self":[{"href":"https:\/\/zinetgold.com\/tr\/wp-json\/wp\/v2\/product\/3747","targetHints":{"allow":["GET"]}}],"collection":[{"href":"https:\/\/zinetgold.com\/tr\/wp-json\/wp\/v2\/product"}],"about":[{"href":"https:\/\/zinetgold.com\/tr\/wp-json\/wp\/v2\/types\/product"}],"replies":[{"embeddable":true,"href":"https:\/\/zinetgold.com\/tr\/wp-json\/wp\/v2\/comments?post=3747"}],"wp:featuredmedia":[{"embeddable":true,"href":"https:\/\/zinetgold.com\/tr\/wp-json\/wp\/v2\/media\/3487"}],"wp:attachment":[{"href":"https:\/\/zinetgold.com\/tr\/wp-json\/wp\/v2\/media?parent=3747"}],"wp:term":[{"taxonomy":"product_brand","embeddable":true,"href":"https:\/\/zinetgold.com\/tr\/wp-json\/wp\/v2\/product_brand?post=3747"},{"taxonomy":"product_cat","embeddable":true,"href":"https:\/\/zinetgold.com\/tr\/wp-json\/wp\/v2\/product_cat?post=3747"},{"taxonomy":"product_tag","embeddable":true,"href":"https:\/\/zinetgold.com\/tr\/wp-json\/wp\/v2\/product_tag?post=3747"}],"curies":[{"name":"wp","href":"https:\/\/api.w.org\/{rel}","templated":true}]}}