{"id":3748,"date":"2024-08-12T15:10:42","date_gmt":"2024-08-12T12:10:42","guid":{"rendered":"https:\/\/zinetgold.com\/091-karat-pirlanta-nexus-bileklik\/"},"modified":"2024-09-06T13:18:56","modified_gmt":"2024-09-06T10:18:56","slug":"091-karat-pirlanta-nexus-bileklik","status":"publish","type":"product","link":"https:\/\/zinetgold.com\/tr\/091-karat-pirlanta-nexus-bileklik\/","title":{"rendered":"0,91 Karat P\u0131rlanta Nexus Bileklik"},"content":{"rendered":"<p>14 ayar beyaz alt\u0131ndan \u00fcretilen bu bileklik, baget p\u0131rlantalar\u0131n benzersiz bir basamakl\u0131 desenle yerle\u015ftirildi\u011fi zarif bir d\u00fczenlemeye sahiptir.<br \/>\nBu bilezik, \u0131\u015f\u0131\u011f\u0131 yakalamak ve g\u00f6z kama\u015ft\u0131rmak i\u00e7in stratejik olarak yerle\u015ftirilmi\u015f her bir m\u00fccevherle modern sofistikeli\u011fi temsil eder.<br \/>\nHem \u00f6zel g\u00fcnler hem de g\u00fcnl\u00fck l\u00fcks i\u00e7in m\u00fckemmel olan bu bilezik, her kombini y\u00fckselten bir zarafet dokunu\u015fu sunar.  <\/p>\n","protected":false},"excerpt":{"rendered":"<p><strong>0,91 Karat<\/strong> P\u0131rlanta Bileklik <strong>14 ayar Beyaz Alt\u0131n<\/strong>, <strong> 13,08 gram<\/strong> a\u011f\u0131rl\u0131\u011f\u0131nda <strong> <\/strong>y\u00fcksek kalite do\u011fal <strong>p\u0131rlantal\u0131SKU-BBL0000193<\/strong><\/p>\n","protected":false},"featured_media":3492,"comment_status":"open","ping_status":"closed","template":"","meta":{"_kad_blocks_custom_css":"","_kad_blocks_head_custom_js":"","_kad_blocks_body_custom_js":"","_kad_blocks_footer_custom_js":"","_kadence_starter_templates_imported_post":false,"_kad_post_transparent":"","_kad_post_title":"","_kad_post_layout":"","_kad_post_sidebar_id":"","_kad_post_content_style":"","_kad_post_vertical_padding":"","_kad_post_feature":"","_kad_post_feature_position":"","_kad_post_header":false,"_kad_post_footer":false,"_kad_post_classname":""},"product_brand":[],"product_cat":[53],"product_tag":[],"class_list":{"0":"post-3748","1":"product","2":"type-product","3":"status-publish","4":"has-post-thumbnail","6":"product_cat-pirlanta-bilezikler","8":"first","9":"instock","10":"sale","11":"shipping-taxable","12":"purchasable","13":"product-type-simple","14":"entry","15":"content-bg","16":"loop-entry"},"taxonomy_info":{"product_cat":[{"value":53,"label":"P\u0131rlanta Bilezikler"}]},"featured_image_src_large":["https:\/\/zinetgold.com\/wp-content\/uploads\/2024\/08\/BBL0000193-14K-BD_-0.91-F-G-SI-14-13.08-gr.-8514-1024x1024.webp",1024,1024,true],"author_info":[],"comment_info":0,"_links":{"self":[{"href":"https:\/\/zinetgold.com\/tr\/wp-json\/wp\/v2\/product\/3748","targetHints":{"allow":["GET"]}}],"collection":[{"href":"https:\/\/zinetgold.com\/tr\/wp-json\/wp\/v2\/product"}],"about":[{"href":"https:\/\/zinetgold.com\/tr\/wp-json\/wp\/v2\/types\/product"}],"replies":[{"embeddable":true,"href":"https:\/\/zinetgold.com\/tr\/wp-json\/wp\/v2\/comments?post=3748"}],"wp:featuredmedia":[{"embeddable":true,"href":"https:\/\/zinetgold.com\/tr\/wp-json\/wp\/v2\/media\/3492"}],"wp:attachment":[{"href":"https:\/\/zinetgold.com\/tr\/wp-json\/wp\/v2\/media?parent=3748"}],"wp:term":[{"taxonomy":"product_brand","embeddable":true,"href":"https:\/\/zinetgold.com\/tr\/wp-json\/wp\/v2\/product_brand?post=3748"},{"taxonomy":"product_cat","embeddable":true,"href":"https:\/\/zinetgold.com\/tr\/wp-json\/wp\/v2\/product_cat?post=3748"},{"taxonomy":"product_tag","embeddable":true,"href":"https:\/\/zinetgold.com\/tr\/wp-json\/wp\/v2\/product_tag?post=3748"}],"curies":[{"name":"wp","href":"https:\/\/api.w.org\/{rel}","templated":true}]}}