{"id":3749,"date":"2024-08-11T00:01:58","date_gmt":"2024-08-10T21:01:58","guid":{"rendered":"https:\/\/zinetgold.com\/blue-belle-pirlanta-seti\/"},"modified":"2024-09-06T13:18:57","modified_gmt":"2024-09-06T10:18:57","slug":"blue-belle-pirlanta-seti","status":"publish","type":"product","link":"https:\/\/zinetgold.com\/tr\/blue-belle-pirlanta-seti\/","title":{"rendered":"Blue Belle P\u0131rlanta Seti"},"content":{"rendered":"<p>Bu zarif 14 ayar beyaz alt\u0131n m\u00fccevher seti, safir ve p\u0131rlantan\u0131n b\u00fcy\u00fcleyici bir kar\u0131\u015f\u0131m\u0131n\u0131 sunuyor.<br \/>\nY\u00fcz\u00fck, l\u00fcks ve romantik bir \u00e7ekicilik yayan, \u0131\u015f\u0131lt\u0131l\u0131 elmaslardan olu\u015fan bir haleyle \u00e7evrili merkezi bir safir sergiliyor.<br \/>\nE\u015fle\u015fen k\u00fcpeler de benzer bir tasar\u0131ma sahiptir ve p\u0131rlanta halelerle vurgulanan safir damla kolye u\u00e7lar\u0131na sahiptir.<br \/>\nSeti tamamlayan zarif kolye ise bir s\u0131ra safir ve p\u0131rlantadan olu\u015fuyor ve g\u00f6z kama\u015ft\u0131r\u0131c\u0131 ve uyumlu bir g\u00f6r\u00fcn\u00fcm yarat\u0131yor.<br \/>\nDetaylara titizlikle \u00f6zen g\u00f6sterilerek haz\u0131rlanan set, her iki de\u011ferli ta\u015f\u0131n parlakl\u0131\u011f\u0131n\u0131 g\u00f6zler \u00f6n\u00fcne seriyor.    <\/p>\n","protected":false},"excerpt":{"rendered":"<p><strong>SKU-YZ00033840<\/strong><strong>,50 Karat <\/strong>P\u0131rlanta Kolye<strong> 14<\/strong><strong>ayar <\/strong><strong> Beyaz Alt\u0131n<\/strong> <strong> <\/strong><strong>2,11 gram <\/strong> a\u011f\u0131rl\u0131\u011f\u0131nda y\u00fcksek kalite do\u011fal p\u0131rlantal\u0131 0<strong>,<\/strong><strong> 85<\/strong><strong>Karat<\/strong> P\u0131rlanta Y\u00fcz\u00fck<strong> 14<\/strong><strong>ayar<\/strong><strong> Beyaz Alt\u0131n<\/strong><strong> 2,52 gram a\u011f\u0131rl\u0131\u011f\u0131nda y\u00fcksek kalite do\u011fal p\u0131rlantal\u01311<\/strong><strong>,03 Karat<\/strong> P\u0131rlanta <strong>K\u00fcpe<\/strong><strong> 14<\/strong><strong>ayar<\/strong><strong> Beyaz Alt\u0131n<\/strong> 1 <strong>,78 gram a\u011f\u0131rl\u0131\u011f\u0131nda y\u00fcksek kalite do\u011fal p\u0131rlantal\u0131<\/strong><strong>Kolye-$<\/strong> 352 <strong>K\u00fcpe-$<\/strong> 387 <strong>Y\u00fcz\u00fck-$<\/strong> 449  &nbsp;<\/p>\n","protected":false},"featured_media":3480,"comment_status":"open","ping_status":"closed","template":"","meta":{"_kad_blocks_custom_css":"","_kad_blocks_head_custom_js":"","_kad_blocks_body_custom_js":"","_kad_blocks_footer_custom_js":"","_kadence_starter_templates_imported_post":false,"_kad_post_transparent":"","_kad_post_title":"","_kad_post_layout":"","_kad_post_sidebar_id":"","_kad_post_content_style":"","_kad_post_vertical_padding":"","_kad_post_feature":"","_kad_post_feature_position":"","_kad_post_header":false,"_kad_post_footer":false,"_kad_post_classname":""},"product_brand":[],"product_cat":[54],"product_tag":[],"class_list":{"0":"post-3749","1":"product","2":"type-product","3":"status-publish","4":"has-post-thumbnail","6":"product_cat-elmas-setleri","8":"first","9":"instock","10":"sale","11":"shipping-taxable","12":"purchasable","13":"product-type-simple","14":"entry","15":"content-bg","16":"loop-entry"},"taxonomy_info":{"product_cat":[{"value":54,"label":"Elmas Setleri"}]},"featured_image_src_large":["https:\/\/zinetgold.com\/wp-content\/uploads\/2024\/08\/R-YZ0003384-14K-D-0.15-F-G-SI-6-IOL-0.85-1-2.52gr-1573N-MKL0000007-14K-D-0.06-F-G-SI-18-SF-0.50-1-2.11gr-1232-T-MKP0000006-14K-D-0.08-F-G-SI-10-SF-1.03-2-1.78gr-1353-1024x1024.webp",1024,1024,true],"author_info":[],"comment_info":0,"_links":{"self":[{"href":"https:\/\/zinetgold.com\/tr\/wp-json\/wp\/v2\/product\/3749","targetHints":{"allow":["GET"]}}],"collection":[{"href":"https:\/\/zinetgold.com\/tr\/wp-json\/wp\/v2\/product"}],"about":[{"href":"https:\/\/zinetgold.com\/tr\/wp-json\/wp\/v2\/types\/product"}],"replies":[{"embeddable":true,"href":"https:\/\/zinetgold.com\/tr\/wp-json\/wp\/v2\/comments?post=3749"}],"wp:featuredmedia":[{"embeddable":true,"href":"https:\/\/zinetgold.com\/tr\/wp-json\/wp\/v2\/media\/3480"}],"wp:attachment":[{"href":"https:\/\/zinetgold.com\/tr\/wp-json\/wp\/v2\/media?parent=3749"}],"wp:term":[{"taxonomy":"product_brand","embeddable":true,"href":"https:\/\/zinetgold.com\/tr\/wp-json\/wp\/v2\/product_brand?post=3749"},{"taxonomy":"product_cat","embeddable":true,"href":"https:\/\/zinetgold.com\/tr\/wp-json\/wp\/v2\/product_cat?post=3749"},{"taxonomy":"product_tag","embeddable":true,"href":"https:\/\/zinetgold.com\/tr\/wp-json\/wp\/v2\/product_tag?post=3749"}],"curies":[{"name":"wp","href":"https:\/\/api.w.org\/{rel}","templated":true}]}}