{"id":3750,"date":"2024-08-12T06:37:23","date_gmt":"2024-08-12T03:37:23","guid":{"rendered":"https:\/\/zinetgold.com\/173-karat-pirlanta-bileklik\/"},"modified":"2024-09-06T13:18:57","modified_gmt":"2024-09-06T10:18:57","slug":"173-karat-pirlanta-bileklik","status":"publish","type":"product","link":"https:\/\/zinetgold.com\/tr\/173-karat-pirlanta-bileklik\/","title":{"rendered":"1,73 Karat P\u0131rlanta Bileklik"},"content":{"rendered":"<p><span style=\"font-family: var(--global-body-font-family);\">Bu zarif p\u0131rlanta bileklik, merkeze do\u011fru kademeli olarak artan bir dizi konik p\u0131rlantaya sahiptir.<br \/>\nP\u0131rlantalar 14 ayar beyaz alt\u0131n bileklik i\u00e7ine yerle\u015ftirilerek \u00e7a\u011fda\u015f ve \u015f\u0131k bir g\u00f6r\u00fcn\u00fcm yarat\u0131lm\u0131\u015ft\u0131r.<br \/>\nBilekli\u011fin tasar\u0131m\u0131 modern bir yorum sunar ve her etkinlikte tak\u0131labilir.  <\/span><\/p>\n","protected":false},"excerpt":{"rendered":"<p><strong>1,73 Karat<\/strong> P\u0131rlanta Bileklik <strong>14 ayar Beyaz Alt\u0131n<\/strong>, <strong> 14,59 gram<\/strong> a\u011f\u0131rl\u0131\u011f\u0131nda <strong> <\/strong>y\u00fcksek kaliteli do\u011fal <strong>p\u0131rlantaSKU-BBL0000190<\/strong><\/p>\n","protected":false},"featured_media":3491,"comment_status":"open","ping_status":"closed","template":"","meta":{"_kad_blocks_custom_css":"","_kad_blocks_head_custom_js":"","_kad_blocks_body_custom_js":"","_kad_blocks_footer_custom_js":"","_kadence_starter_templates_imported_post":false,"_kad_post_transparent":"","_kad_post_title":"","_kad_post_layout":"","_kad_post_sidebar_id":"","_kad_post_content_style":"","_kad_post_vertical_padding":"","_kad_post_feature":"","_kad_post_feature_position":"","_kad_post_header":false,"_kad_post_footer":false,"_kad_post_classname":""},"product_brand":[],"product_cat":[53],"product_tag":[],"class_list":{"0":"post-3750","1":"product","2":"type-product","3":"status-publish","4":"has-post-thumbnail","6":"product_cat-pirlanta-bilezikler","8":"first","9":"instock","10":"sale","11":"shipping-taxable","12":"purchasable","13":"product-type-simple","14":"entry","15":"content-bg","16":"loop-entry"},"taxonomy_info":{"product_cat":[{"value":53,"label":"P\u0131rlanta Bilezikler"}]},"featured_image_src_large":["https:\/\/zinetgold.com\/wp-content\/uploads\/2024\/08\/BBL0000190-14K-D_-0.86-F-G-SI-76-BD_-1.73-F-G-SI-64-14.59-gr.-14509-1024x1024.webp",1024,1024,true],"author_info":[],"comment_info":0,"_links":{"self":[{"href":"https:\/\/zinetgold.com\/tr\/wp-json\/wp\/v2\/product\/3750","targetHints":{"allow":["GET"]}}],"collection":[{"href":"https:\/\/zinetgold.com\/tr\/wp-json\/wp\/v2\/product"}],"about":[{"href":"https:\/\/zinetgold.com\/tr\/wp-json\/wp\/v2\/types\/product"}],"replies":[{"embeddable":true,"href":"https:\/\/zinetgold.com\/tr\/wp-json\/wp\/v2\/comments?post=3750"}],"wp:featuredmedia":[{"embeddable":true,"href":"https:\/\/zinetgold.com\/tr\/wp-json\/wp\/v2\/media\/3491"}],"wp:attachment":[{"href":"https:\/\/zinetgold.com\/tr\/wp-json\/wp\/v2\/media?parent=3750"}],"wp:term":[{"taxonomy":"product_brand","embeddable":true,"href":"https:\/\/zinetgold.com\/tr\/wp-json\/wp\/v2\/product_brand?post=3750"},{"taxonomy":"product_cat","embeddable":true,"href":"https:\/\/zinetgold.com\/tr\/wp-json\/wp\/v2\/product_cat?post=3750"},{"taxonomy":"product_tag","embeddable":true,"href":"https:\/\/zinetgold.com\/tr\/wp-json\/wp\/v2\/product_tag?post=3750"}],"curies":[{"name":"wp","href":"https:\/\/api.w.org\/{rel}","templated":true}]}}