{"id":3751,"date":"2024-08-10T23:49:52","date_gmt":"2024-08-10T20:49:52","guid":{"rendered":"https:\/\/zinetgold.com\/yesil-ve-glam-pirlanta-set\/"},"modified":"2024-09-06T13:19:03","modified_gmt":"2024-09-06T10:19:03","slug":"yesil-ve-glam-pirlanta-set","status":"publish","type":"product","link":"https:\/\/zinetgold.com\/tr\/yesil-ve-glam-pirlanta-set\/","title":{"rendered":"Ye\u015fil ve Glam P\u0131rlanta Set"},"content":{"rendered":"<p><span class=\"citation-0 recitation citation-end-0\">Bu zarif m\u00fccevher seti, z\u00fcmr\u00fct ve p\u0131rlantan\u0131n b\u00fcy\u00fcleyici bir kar\u0131\u015f\u0131m\u0131na sahiptir.  <\/span>Y\u00fcz\u00fck, l\u00fcks ve romantik bir \u00e7ekicili\u011fe sahip, \u0131\u015f\u0131lt\u0131l\u0131 elmaslardan olu\u015fan bir haleyle \u00e7evrili merkezi bir z\u00fcmr\u00fct sergiliyor.<br \/>\nE\u015fle\u015fen k\u00fcpeler de benzer bir tasar\u0131ma sahip olup p\u0131rlanta halelerle vurgulanan z\u00fcmr\u00fct damla kolye u\u00e7lar\u0131na sahiptir.<br \/>\nSeti tamamlayan narin kolye ise g\u00f6z kama\u015ft\u0131r\u0131c\u0131 ve uyumlu bir g\u00f6r\u00fcn\u00fcm yaratan bir s\u0131ra z\u00fcmr\u00fct ve p\u0131rlantadan olu\u015fuyor.<br \/>\nDetaylara titizlikle \u00f6zen g\u00f6sterilerek haz\u0131rlanan set, hem de\u011ferli ta\u015flar\u0131n hem de 14 ayar beyaz alt\u0131n\u0131n parlakl\u0131\u011f\u0131n\u0131 g\u00f6zler \u00f6n\u00fcne seriyor.   <\/p>\n","protected":false},"excerpt":{"rendered":"<p><strong>SKU-YZ00025160<\/strong><strong>.70 Karat <\/strong>P\u0131rlanta Kolye<strong> 14<\/strong><strong>ayar <\/strong><strong> Beyaz Alt\u0131n<\/strong> <strong> <\/strong><strong>2.53 gram <\/strong> a\u011f\u0131rl\u0131\u011f\u0131nda y\u00fcksek kalite do\u011fal p\u0131rlantal\u0131 0<strong>.<\/strong><strong> 69<\/strong><strong>Karat<\/strong> P\u0131rlanta Y\u00fcz\u00fck<strong> 14<\/strong><strong>ayar<\/strong><strong> Beyaz Alt\u0131n<\/strong><strong> 2.18 gram a\u011f\u0131rl\u0131\u011f\u0131nda y\u00fcksek kalite do\u011fal p\u0131rlantal\u01311<\/strong><strong>.53 Karat<\/strong> P\u0131rlanta K\u00fcpe<strong> 14<\/strong><strong>ayar<\/strong><strong> Beyaz Alt\u0131n<\/strong> 1<strong>.<\/strong> <strong> 95 gram a\u011f\u0131rl\u0131\u011f\u0131nda y\u00fcksek kalite do\u011fal p\u0131rlantal\u0131<\/strong><strong>Kolye-$<\/strong> 575 <strong>K\u00fcpe-$<\/strong> 817 <strong>Y\u00fcz\u00fck-$<\/strong> 585  &nbsp;<\/p>\n","protected":false},"featured_media":3479,"comment_status":"open","ping_status":"closed","template":"","meta":{"_kad_blocks_custom_css":"","_kad_blocks_head_custom_js":"","_kad_blocks_body_custom_js":"","_kad_blocks_footer_custom_js":"","_kadence_starter_templates_imported_post":false,"_kad_post_transparent":"","_kad_post_title":"","_kad_post_layout":"","_kad_post_sidebar_id":"","_kad_post_content_style":"","_kad_post_vertical_padding":"","_kad_post_feature":"","_kad_post_feature_position":"","_kad_post_header":false,"_kad_post_footer":false,"_kad_post_classname":""},"product_brand":[],"product_cat":[54],"product_tag":[],"class_list":{"0":"post-3751","1":"product","2":"type-product","3":"status-publish","4":"has-post-thumbnail","6":"product_cat-elmas-setleri","8":"first","9":"instock","10":"sale","11":"shipping-taxable","12":"purchasable","13":"product-type-simple","14":"entry","15":"content-bg","16":"loop-entry"},"taxonomy_info":{"product_cat":[{"value":54,"label":"Elmas Setleri"}]},"featured_image_src_large":["https:\/\/zinetgold.com\/wp-content\/uploads\/2024\/08\/r-YZ0002516-14K-D-0.21-F-G-SI-28-EM-0.69-1-2.18-gr.-2046-n-KL0000542-14K-D-0.17-F-G-SI-19-EM-0.70-1-2.53-gr.-2013-e-KP0000501-14K-D-0.31-F-G-SI-32-EM-1.53-2-1.95-gr.-2860-1024x1024.webp",1024,1024,true],"author_info":[],"comment_info":0,"_links":{"self":[{"href":"https:\/\/zinetgold.com\/tr\/wp-json\/wp\/v2\/product\/3751","targetHints":{"allow":["GET"]}}],"collection":[{"href":"https:\/\/zinetgold.com\/tr\/wp-json\/wp\/v2\/product"}],"about":[{"href":"https:\/\/zinetgold.com\/tr\/wp-json\/wp\/v2\/types\/product"}],"replies":[{"embeddable":true,"href":"https:\/\/zinetgold.com\/tr\/wp-json\/wp\/v2\/comments?post=3751"}],"wp:featuredmedia":[{"embeddable":true,"href":"https:\/\/zinetgold.com\/tr\/wp-json\/wp\/v2\/media\/3479"}],"wp:attachment":[{"href":"https:\/\/zinetgold.com\/tr\/wp-json\/wp\/v2\/media?parent=3751"}],"wp:term":[{"taxonomy":"product_brand","embeddable":true,"href":"https:\/\/zinetgold.com\/tr\/wp-json\/wp\/v2\/product_brand?post=3751"},{"taxonomy":"product_cat","embeddable":true,"href":"https:\/\/zinetgold.com\/tr\/wp-json\/wp\/v2\/product_cat?post=3751"},{"taxonomy":"product_tag","embeddable":true,"href":"https:\/\/zinetgold.com\/tr\/wp-json\/wp\/v2\/product_tag?post=3751"}],"curies":[{"name":"wp","href":"https:\/\/api.w.org\/{rel}","templated":true}]}}