{"id":3752,"date":"2024-08-10T14:24:58","date_gmt":"2024-08-10T11:24:58","guid":{"rendered":"https:\/\/zinetgold.com\/klasik-elmas-seti\/"},"modified":"2024-09-06T13:19:04","modified_gmt":"2024-09-06T10:19:04","slug":"klasik-elmas-seti","status":"publish","type":"product","link":"https:\/\/zinetgold.com\/tr\/klasik-elmas-seti\/","title":{"rendered":"Klasik Elmas Seti"},"content":{"rendered":"<p><span style=\"font-family: var(--global-body-font-family);\">  Zamans\u0131z ve zarif bir p\u0131rlanta set.<br \/>\nMerkezdeki p\u0131rlanta, klasik d\u00f6rt u\u00e7lu bir ayarla yerle\u015ftirilmi\u015f parlak kesim bir ta\u015ft\u0131r.<br \/>\nSet, l\u00fcks ve abart\u0131s\u0131z bir g\u00f6r\u00fcn\u00fcm sunan 14 ayar alt\u0131ndan \u00fcretilmi\u015ftir.<br \/>\nP\u0131rlantan\u0131n boyutu ve berrakl\u0131\u011f\u0131, y\u00fcksek kaliteli ve do\u011fal bir p\u0131rlanta oldu\u011funu g\u00f6sterir.   <\/span><\/p>\n<div class=\"markdown markdown-main-panel\" dir=\"ltr\">\n<p data-sourcepos=\"13:1-13:52\">\n<\/div>\n","protected":false},"excerpt":{"rendered":"<p><strong>SKU-BY00045320<\/strong><strong>.24 Karat <\/strong>P\u0131rlanta Kolye<strong> 14 ayar Beyaz Alt\u0131n<\/strong> <strong> <\/strong><strong>2.46 gram <\/strong> a\u011f\u0131rl\u0131\u011f\u0131nda y\u00fcksek kaliteli do\u011fal p\u0131rlantalar 0<strong>.<\/strong><strong> 29<\/strong><strong>Karat<\/strong> P\u0131rlanta Y\u00fcz\u00fck<strong> 14<\/strong><strong>ayar<\/strong><strong> Beyaz Alt\u0131n<\/strong><strong> 3.34 gram a\u011f\u0131rl\u0131\u011f\u0131nda y\u00fcksek kaliteli do\u011fal p\u0131rlantalar0.<\/strong><strong>52 Karat<\/strong> P\u0131rlanta <strong>K\u00fcpe<\/strong><strong> 14<\/strong><strong>ayar<\/strong><strong> Beyaz Alt\u0131n<\/strong> 3 <strong>.82 gram a\u011f\u0131rl\u0131\u011f\u0131nda y\u00fcksek kaliteli do\u011fal p\u0131rlantalar<\/strong><strong>Kolye-$<\/strong> 789 <strong>K\u00fcpe-$<\/strong> 1072 <strong>Y\u00fcz\u00fck-$<\/strong> 801  &nbsp;<\/p>\n","protected":false},"featured_media":3474,"comment_status":"open","ping_status":"closed","template":"","meta":{"_kad_blocks_custom_css":"","_kad_blocks_head_custom_js":"","_kad_blocks_body_custom_js":"","_kad_blocks_footer_custom_js":"","_kadence_starter_templates_imported_post":false,"_kad_post_transparent":"","_kad_post_title":"","_kad_post_layout":"","_kad_post_sidebar_id":"","_kad_post_content_style":"","_kad_post_vertical_padding":"","_kad_post_feature":"","_kad_post_feature_position":"","_kad_post_header":false,"_kad_post_footer":false,"_kad_post_classname":""},"product_brand":[],"product_cat":[54],"product_tag":[],"class_list":{"0":"post-3752","1":"product","2":"type-product","3":"status-publish","4":"has-post-thumbnail","6":"product_cat-elmas-setleri","8":"first","9":"instock","10":"sale","11":"shipping-taxable","12":"purchasable","13":"product-type-simple","14":"entry","15":"content-bg","16":"loop-entry"},"taxonomy_info":{"product_cat":[{"value":54,"label":"Elmas Setleri"}]},"featured_image_src_large":["https:\/\/zinetgold.com\/wp-content\/uploads\/2024\/08\/set6-1024x1024.webp",1024,1024,true],"author_info":[],"comment_info":0,"_links":{"self":[{"href":"https:\/\/zinetgold.com\/tr\/wp-json\/wp\/v2\/product\/3752","targetHints":{"allow":["GET"]}}],"collection":[{"href":"https:\/\/zinetgold.com\/tr\/wp-json\/wp\/v2\/product"}],"about":[{"href":"https:\/\/zinetgold.com\/tr\/wp-json\/wp\/v2\/types\/product"}],"replies":[{"embeddable":true,"href":"https:\/\/zinetgold.com\/tr\/wp-json\/wp\/v2\/comments?post=3752"}],"wp:featuredmedia":[{"embeddable":true,"href":"https:\/\/zinetgold.com\/tr\/wp-json\/wp\/v2\/media\/3474"}],"wp:attachment":[{"href":"https:\/\/zinetgold.com\/tr\/wp-json\/wp\/v2\/media?parent=3752"}],"wp:term":[{"taxonomy":"product_brand","embeddable":true,"href":"https:\/\/zinetgold.com\/tr\/wp-json\/wp\/v2\/product_brand?post=3752"},{"taxonomy":"product_cat","embeddable":true,"href":"https:\/\/zinetgold.com\/tr\/wp-json\/wp\/v2\/product_cat?post=3752"},{"taxonomy":"product_tag","embeddable":true,"href":"https:\/\/zinetgold.com\/tr\/wp-json\/wp\/v2\/product_tag?post=3752"}],"curies":[{"name":"wp","href":"https:\/\/api.w.org\/{rel}","templated":true}]}}