{"id":3753,"date":"2024-08-10T23:39:52","date_gmt":"2024-08-10T20:39:52","guid":{"rendered":"https:\/\/zinetgold.com\/pirlanta-yakut-takim-seti\/"},"modified":"2024-09-06T13:19:05","modified_gmt":"2024-09-06T10:19:05","slug":"pirlanta-yakut-takim-seti","status":"publish","type":"product","link":"https:\/\/zinetgold.com\/tr\/pirlanta-yakut-takim-seti\/","title":{"rendered":"P\u0131rlanta &amp; Yakut Tak\u0131m Seti"},"content":{"rendered":"<p><span style=\"font-family: var(--global-body-font-family);\">Bu zarif m\u00fccevher setinde yakut ve p\u0131rlantan\u0131n b\u00fcy\u00fcleyici bir kar\u0131\u015f\u0131m\u0131 yer al\u0131yor.<br \/>\nY\u00fcz\u00fck, l\u00fcks ve romantik bir \u00e7ekicili\u011fe sahip, \u0131\u015f\u0131lt\u0131l\u0131 elmaslardan olu\u015fan bir haleyle \u00e7evrili merkezi bir yakut sergiliyor.<br \/>\nE\u015fle\u015fen k\u00fcpeler, p\u0131rlanta halelerle vurgulanan yakut damla kolye u\u00e7lar\u0131yla benzer bir tasar\u0131ma sahiptir.<br \/>\nSeti tamamlayan narin kolye ise g\u00f6z kama\u015ft\u0131r\u0131c\u0131 ve uyumlu bir g\u00f6r\u00fcn\u00fcm yaratan bir s\u0131ra alternatif yakut ve p\u0131rlantadan olu\u015fuyor.<br \/>\nDetaylara titizlikle \u00f6zen g\u00f6sterilerek haz\u0131rlanan set, hem de\u011ferli ta\u015flar\u0131n hem de 14 ayar beyaz alt\u0131n\u0131n parlakl\u0131\u011f\u0131n\u0131 g\u00f6zler \u00f6n\u00fcne seriyor.    <\/span><\/p>\n","protected":false},"excerpt":{"rendered":"<p><strong>SKU-YZ00025150<\/strong><strong>,71 Karat <\/strong>P\u0131rlanta Kolye<strong> 14 ayar Beyaz Alt\u0131n<\/strong> <strong> <\/strong><strong>2,39 gram <\/strong> a\u011f\u0131rl\u0131\u011f\u0131nda y\u00fcksek kalite do\u011fal p\u0131rlantal\u0131 0<strong>,<\/strong><strong> 70<\/strong><strong>Karat<\/strong> P\u0131rlanta Y\u00fcz\u00fck<strong> 14<\/strong><strong>ayar<\/strong><strong> Beyaz Alt\u0131n<\/strong><strong> 1,81 gram a\u011f\u0131rl\u0131\u011f\u0131nda y\u00fcksek kalite do\u011fal p\u0131rlantal\u01311<\/strong><strong>,36 Karat<\/strong> P\u0131rlanta <strong>K\u00fcpe<\/strong><strong> 14<\/strong><strong>ayar<\/strong><strong> Beyaz Alt\u0131n<\/strong> 1<strong>,<\/strong> <strong> 70 gram a\u011f\u0131rl\u0131\u011f\u0131nda y\u00fcksek kalite do\u011fal p\u0131rlantal\u0131<\/strong><strong>Kolye-$<\/strong> 424 <strong>K\u00fcpe-$<\/strong> 481 <strong>Y\u00fcz\u00fck-$<\/strong> 339  &nbsp;<\/p>\n","protected":false},"featured_media":3478,"comment_status":"open","ping_status":"closed","template":"","meta":{"_kad_blocks_custom_css":"","_kad_blocks_head_custom_js":"","_kad_blocks_body_custom_js":"","_kad_blocks_footer_custom_js":"","_kadence_starter_templates_imported_post":false,"_kad_post_transparent":"","_kad_post_title":"","_kad_post_layout":"","_kad_post_sidebar_id":"","_kad_post_content_style":"","_kad_post_vertical_padding":"","_kad_post_feature":"","_kad_post_feature_position":"","_kad_post_header":false,"_kad_post_footer":false,"_kad_post_classname":""},"product_brand":[],"product_cat":[54],"product_tag":[],"class_list":{"0":"post-3753","1":"product","2":"type-product","3":"status-publish","4":"has-post-thumbnail","6":"product_cat-elmas-setleri","8":"first","9":"instock","10":"sale","11":"shipping-taxable","12":"purchasable","13":"product-type-simple","14":"entry","15":"content-bg","16":"loop-entry"},"taxonomy_info":{"product_cat":[{"value":54,"label":"Elmas Setleri"}]},"featured_image_src_large":["https:\/\/zinetgold.com\/wp-content\/uploads\/2024\/08\/r-YZ0002515-14K-D-0.13-F-G-SI-14-RB-0.7011.81-gr.-1188-n-KL0000541-14K-D-0.16-F-G-SI-17-RB-0.71-1-2.39-gr.-1485-topz-KP0000500-14K-D-0.27-F-G-SI-28-RB-1.36-2-1.70-gr.-1683-1024x1024.webp",1024,1024,true],"author_info":[],"comment_info":0,"_links":{"self":[{"href":"https:\/\/zinetgold.com\/tr\/wp-json\/wp\/v2\/product\/3753","targetHints":{"allow":["GET"]}}],"collection":[{"href":"https:\/\/zinetgold.com\/tr\/wp-json\/wp\/v2\/product"}],"about":[{"href":"https:\/\/zinetgold.com\/tr\/wp-json\/wp\/v2\/types\/product"}],"replies":[{"embeddable":true,"href":"https:\/\/zinetgold.com\/tr\/wp-json\/wp\/v2\/comments?post=3753"}],"wp:featuredmedia":[{"embeddable":true,"href":"https:\/\/zinetgold.com\/tr\/wp-json\/wp\/v2\/media\/3478"}],"wp:attachment":[{"href":"https:\/\/zinetgold.com\/tr\/wp-json\/wp\/v2\/media?parent=3753"}],"wp:term":[{"taxonomy":"product_brand","embeddable":true,"href":"https:\/\/zinetgold.com\/tr\/wp-json\/wp\/v2\/product_brand?post=3753"},{"taxonomy":"product_cat","embeddable":true,"href":"https:\/\/zinetgold.com\/tr\/wp-json\/wp\/v2\/product_cat?post=3753"},{"taxonomy":"product_tag","embeddable":true,"href":"https:\/\/zinetgold.com\/tr\/wp-json\/wp\/v2\/product_tag?post=3753"}],"curies":[{"name":"wp","href":"https:\/\/api.w.org\/{rel}","templated":true}]}}