{"id":3755,"date":"2024-08-10T23:29:50","date_gmt":"2024-08-10T20:29:50","guid":{"rendered":"https:\/\/zinetgold.com\/pirlanta-safir-set\/"},"modified":"2024-09-06T13:19:07","modified_gmt":"2024-09-06T10:19:07","slug":"pirlanta-safir-set","status":"publish","type":"product","link":"https:\/\/zinetgold.com\/tr\/pirlanta-safir-set\/","title":{"rendered":"P\u0131rlanta Safir Set"},"content":{"rendered":"<p><span style=\"font-family: var(--global-body-font-family);\">Bu zarif setin merkezinde \u00e7arp\u0131c\u0131 bir mavi safir yer almaktad\u0131r.<br \/>\nSafir oval \u015fekilli ve zengin, koyu mavi bir ton sergiliyor.<br \/>\nSafirin parlakl\u0131\u011f\u0131n\u0131 vurgulayan daha k\u00fc\u00e7\u00fck p\u0131rlantalarla s\u00fcslenmi\u015f 14 ayar beyaz alt\u0131n bir bant i\u00e7ine g\u00fcvenli bir \u015fekilde yerle\u015ftirilmi\u015ftir.<br \/>\nSet klasik ama sofistike bir cazibe yay\u0131yor.   <\/span><\/p>\n<div class=\"markdown markdown-main-panel\" dir=\"ltr\">\n<p data-sourcepos=\"11:1-11:114\">\n<\/div>\n","protected":false},"excerpt":{"rendered":"<p><strong>SKU-YZ00025130<\/strong><strong>.46 Karat <\/strong>P\u0131rlanta Kolye<strong> 14 ayar Beyaz Alt\u0131n<\/strong> <strong> <\/strong><strong>2.42 gram <\/strong> a\u011f\u0131rl\u0131\u011f\u0131nda y\u00fcksek kalite do\u011fal p\u0131rlantal\u0131 0<strong>.<\/strong><strong> 48<\/strong><strong>Karat<\/strong> P\u0131rlanta Y\u00fcz\u00fck<strong> 14<\/strong><strong>ayar<\/strong><strong> Beyaz Alt\u0131n<\/strong><strong> 1.75 gram a\u011f\u0131rl\u0131\u011f\u0131nda y\u00fcksek kalite do\u011fal p\u0131rlantal\u01310.<\/strong><strong>98 Karat<\/strong> P\u0131rlanta <strong>K\u00fcpe<\/strong><strong> 14<\/strong><strong>ayar<\/strong><strong> Beyaz Alt\u0131n<\/strong> 1<strong>.<\/strong> <strong> 68 gram a\u011f\u0131rl\u0131\u011f\u0131nda y\u00fcksek kalite do\u011fal p\u0131rlantal\u0131<\/strong><strong>Kolye-$<\/strong> 427 <strong>K\u00fcpe-$<\/strong> 493 <strong>Y\u00fcz\u00fck-$<\/strong> 393  &nbsp;<\/p>\n","protected":false},"featured_media":3477,"comment_status":"open","ping_status":"closed","template":"","meta":{"_kad_blocks_custom_css":"","_kad_blocks_head_custom_js":"","_kad_blocks_body_custom_js":"","_kad_blocks_footer_custom_js":"","_kadence_starter_templates_imported_post":false,"_kad_post_transparent":"","_kad_post_title":"","_kad_post_layout":"","_kad_post_sidebar_id":"","_kad_post_content_style":"","_kad_post_vertical_padding":"","_kad_post_feature":"","_kad_post_feature_position":"","_kad_post_header":false,"_kad_post_footer":false,"_kad_post_classname":""},"product_brand":[],"product_cat":[54],"product_tag":[],"class_list":{"0":"post-3755","1":"product","2":"type-product","3":"status-publish","4":"has-post-thumbnail","6":"product_cat-elmas-setleri","8":"first","9":"instock","10":"sale","11":"shipping-taxable","12":"purchasable","13":"product-type-simple","14":"entry","15":"content-bg","16":"loop-entry"},"taxonomy_info":{"product_cat":[{"value":54,"label":"Elmas Setleri"}]},"featured_image_src_large":["https:\/\/zinetgold.com\/wp-content\/uploads\/2024\/08\/r-YZ0002513-14K-D-0.18-F-G-SI-26SF-0.4811.75-gr.-1375-n-KL0000539-14K-D-0.15-F-G-SI-17-SF-0.46-1-2.42-gr.-1496-topz-KP0000498-14K-D-0.27-F-G-SI-28-SF-0.98-2-1.68-gr.-1727-1024x1024.webp",1024,1024,true],"author_info":[],"comment_info":0,"_links":{"self":[{"href":"https:\/\/zinetgold.com\/tr\/wp-json\/wp\/v2\/product\/3755","targetHints":{"allow":["GET"]}}],"collection":[{"href":"https:\/\/zinetgold.com\/tr\/wp-json\/wp\/v2\/product"}],"about":[{"href":"https:\/\/zinetgold.com\/tr\/wp-json\/wp\/v2\/types\/product"}],"replies":[{"embeddable":true,"href":"https:\/\/zinetgold.com\/tr\/wp-json\/wp\/v2\/comments?post=3755"}],"wp:featuredmedia":[{"embeddable":true,"href":"https:\/\/zinetgold.com\/tr\/wp-json\/wp\/v2\/media\/3477"}],"wp:attachment":[{"href":"https:\/\/zinetgold.com\/tr\/wp-json\/wp\/v2\/media?parent=3755"}],"wp:term":[{"taxonomy":"product_brand","embeddable":true,"href":"https:\/\/zinetgold.com\/tr\/wp-json\/wp\/v2\/product_brand?post=3755"},{"taxonomy":"product_cat","embeddable":true,"href":"https:\/\/zinetgold.com\/tr\/wp-json\/wp\/v2\/product_cat?post=3755"},{"taxonomy":"product_tag","embeddable":true,"href":"https:\/\/zinetgold.com\/tr\/wp-json\/wp\/v2\/product_tag?post=3755"}],"curies":[{"name":"wp","href":"https:\/\/api.w.org\/{rel}","templated":true}]}}