{"id":3756,"date":"2024-08-10T11:59:01","date_gmt":"2024-08-10T08:59:01","guid":{"rendered":"https:\/\/zinetgold.com\/pirlanta-cicegi-mucevher-seti\/"},"modified":"2024-09-06T13:19:07","modified_gmt":"2024-09-06T10:19:07","slug":"pirlanta-cicegi-mucevher-seti","status":"publish","type":"product","link":"https:\/\/zinetgold.com\/tr\/pirlanta-cicegi-mucevher-seti\/","title":{"rendered":"P\u0131rlanta \u00c7i\u00e7e\u011fi M\u00fccevher Seti"},"content":{"rendered":"<p><span style=\"font-family: var(--global-body-font-family);\">  I\u015f\u0131lt\u0131l\u0131 p\u0131rlantalarla s\u00fcslenmi\u015f bir kolye, k\u00fcpe ve y\u00fcz\u00fck i\u00e7eren narin ve kad\u0131ns\u0131 bir m\u00fccevher seti.<br \/>\nKolye, \u00e7i\u00e7ek a\u00e7m\u0131\u015f bir \u00e7i\u00e7e\u011fi and\u0131ran, daha k\u00fc\u00e7\u00fck p\u0131rlantalarla \u00e7evrili armut bi\u00e7imli merkezi bir kolye ucu sergiliyor.<br \/>\nK\u00fcpe ve y\u00fcz\u00fck, \u00e7ok say\u0131da yuvarlak kesim p\u0131rlanta i\u00e7eren benzer bir \u00e7i\u00e7ek tasar\u0131m\u0131yla kolyeyi tamaml\u0131yor.<br \/>\nSet, zarafet katan 14 ayar beyaz alt\u0131ndan \u00fcretilmi\u015ftir.   <\/span><\/p>\n","protected":false},"excerpt":{"rendered":"<p><strong>SKU-BYZ00045190<\/strong><strong>.10 Karat <\/strong>P\u0131rlanta Kolye<strong> 14 ayar Beyaz Alt\u0131n<\/strong> <strong> <\/strong><strong>2.97 gram <\/strong> a\u011f\u0131rl\u0131\u011f\u0131nda y\u00fcksek kalite do\u011fal p\u0131rlantal\u0131 0<strong>.<\/strong><strong> 12<\/strong><strong>Karat<\/strong> P\u0131rlanta Y\u00fcz\u00fck<strong> 14<\/strong><strong>ayar<\/strong><strong> Beyaz Alt\u0131n<\/strong><strong> 3.30<\/strong> <strong> gram<\/strong> a\u011f\u0131rl\u0131\u011f\u0131nda y\u00fcksek kalite do\u011fal p\u0131rlantal\u0131 0<strong>.<\/strong><strong>29 Karat<\/strong> P\u0131rlanta <strong>K\u00fcpe<\/strong><strong> 14<\/strong><strong>ayar<\/strong><strong> Beyaz Alt\u0131n<\/strong> 3<strong>.<\/strong> <strong> 99 gram a\u011f\u0131rl\u0131\u011f\u0131nda y\u00fcksek kalite do\u011fal p\u0131rlantal\u0131<\/strong><strong>Kolye-$<\/strong> 729 <strong>K\u00fcpe-$<\/strong> 1433 <strong>Y\u00fcz\u00fck-$<\/strong> 902  &nbsp;<\/p>\n","protected":false},"featured_media":3472,"comment_status":"open","ping_status":"closed","template":"","meta":{"_kad_blocks_custom_css":"","_kad_blocks_head_custom_js":"","_kad_blocks_body_custom_js":"","_kad_blocks_footer_custom_js":"","_kadence_starter_templates_imported_post":false,"_kad_post_transparent":"","_kad_post_title":"","_kad_post_layout":"","_kad_post_sidebar_id":"","_kad_post_content_style":"","_kad_post_vertical_padding":"","_kad_post_feature":"","_kad_post_feature_position":"","_kad_post_header":false,"_kad_post_footer":false,"_kad_post_classname":""},"product_brand":[],"product_cat":[54],"product_tag":[],"class_list":{"0":"post-3756","1":"product","2":"type-product","3":"status-publish","4":"has-post-thumbnail","6":"product_cat-elmas-setleri","8":"first","9":"instock","10":"sale","11":"shipping-taxable","12":"purchasable","13":"product-type-simple","14":"entry","15":"content-bg","16":"loop-entry"},"taxonomy_info":{"product_cat":[{"value":54,"label":"Elmas Setleri"}]},"featured_image_src_large":["https:\/\/zinetgold.com\/wp-content\/uploads\/2024\/08\/set4-1024x1024.webp",1024,1024,true],"author_info":[],"comment_info":0,"_links":{"self":[{"href":"https:\/\/zinetgold.com\/tr\/wp-json\/wp\/v2\/product\/3756","targetHints":{"allow":["GET"]}}],"collection":[{"href":"https:\/\/zinetgold.com\/tr\/wp-json\/wp\/v2\/product"}],"about":[{"href":"https:\/\/zinetgold.com\/tr\/wp-json\/wp\/v2\/types\/product"}],"replies":[{"embeddable":true,"href":"https:\/\/zinetgold.com\/tr\/wp-json\/wp\/v2\/comments?post=3756"}],"wp:featuredmedia":[{"embeddable":true,"href":"https:\/\/zinetgold.com\/tr\/wp-json\/wp\/v2\/media\/3472"}],"wp:attachment":[{"href":"https:\/\/zinetgold.com\/tr\/wp-json\/wp\/v2\/media?parent=3756"}],"wp:term":[{"taxonomy":"product_brand","embeddable":true,"href":"https:\/\/zinetgold.com\/tr\/wp-json\/wp\/v2\/product_brand?post=3756"},{"taxonomy":"product_cat","embeddable":true,"href":"https:\/\/zinetgold.com\/tr\/wp-json\/wp\/v2\/product_cat?post=3756"},{"taxonomy":"product_tag","embeddable":true,"href":"https:\/\/zinetgold.com\/tr\/wp-json\/wp\/v2\/product_tag?post=3756"}],"curies":[{"name":"wp","href":"https:\/\/api.w.org\/{rel}","templated":true}]}}