{"id":3757,"date":"2024-08-10T23:11:46","date_gmt":"2024-08-10T20:11:46","guid":{"rendered":"https:\/\/zinetgold.com\/068-065-ve-144-karat-pirlanta-isilti-seti\/"},"modified":"2024-09-06T13:19:09","modified_gmt":"2024-09-06T10:19:09","slug":"068-065-ve-144-karat-pirlanta-isilti-seti","status":"publish","type":"product","link":"https:\/\/zinetgold.com\/tr\/068-065-ve-144-karat-pirlanta-isilti-seti\/","title":{"rendered":"0,68, 0,65 ve 1,44 Karat P\u0131rlanta I\u015f\u0131lt\u0131 Seti"},"content":{"rendered":"<p><span style=\"font-family: var(--global-body-font-family);\">  Klasik ve 14 ayar beyaz alt\u0131ndan zarif bir set, daha k\u00fc\u00e7\u00fck elmaslardan olu\u015fan bir haleyle \u00e7evrili \u0131\u015f\u0131lt\u0131l\u0131 yuvarlak kesim bir p\u0131rlanta i\u00e7erir.<br \/>\nY\u00fcz\u00fc\u011f\u00fcn band\u0131 platin veya beyaz alt\u0131ndan \u00fcretilmi\u015ftir ve p\u0131rlantan\u0131n kesimi ve berrakl\u0131\u011f\u0131 y\u00fcksek kaliteye i\u015faret eder.<br \/>\nGenel tasar\u0131m l\u00fcks ve sofistike bir g\u00f6r\u00fcn\u00fcm sergiler.  <\/span><\/p>\n","protected":false},"excerpt":{"rendered":"<p><strong>SKU-MYZ00000030<\/strong><strong>,65 Karat <\/strong>P\u0131rlanta Kolye<strong> 14 ayar Beyaz Alt\u0131n<\/strong> <strong> <\/strong><strong>2,22 gram <\/strong> a\u011f\u0131rl\u0131\u011f\u0131nda y\u00fcksek kaliteli do\u011fal p\u0131rlantalar 0 <strong>, <\/strong><strong> 68<\/strong><strong>Karat<\/strong> P\u0131rlanta Y\u00fcz\u00fck<strong> 14<\/strong><strong>ayar<\/strong><strong> Beyaz Alt\u0131n<\/strong><strong> 1<\/strong><strong>,<\/strong><strong> 71 gram a\u011f\u0131rl\u0131\u011f\u0131nda y\u00fcksek kaliteli do\u011fal p\u0131rlantalar1<\/strong><strong>,44 Karat<\/strong> P\u0131rlanta <strong>K\u00fcpe<\/strong><strong> 14<\/strong><strong>ayar<\/strong><strong> Beyaz Alt\u0131n<\/strong> 1<strong>,<\/strong> <strong> 94 gram a\u011f\u0131rl\u0131\u011f\u0131nda y\u00fcksek kaliteli do\u011fal p\u0131rlantalar<\/strong><strong>Kolye-$<\/strong> 377 <strong>K\u00fcpe-$<\/strong> 456 <strong>Y\u00fcz\u00fck-$<\/strong> 295  &nbsp;<\/p>\n","protected":false},"featured_media":3476,"comment_status":"open","ping_status":"closed","template":"","meta":{"_kad_blocks_custom_css":"","_kad_blocks_head_custom_js":"","_kad_blocks_body_custom_js":"","_kad_blocks_footer_custom_js":"","_kadence_starter_templates_imported_post":false,"_kad_post_transparent":"","_kad_post_title":"","_kad_post_layout":"","_kad_post_sidebar_id":"","_kad_post_content_style":"","_kad_post_vertical_padding":"","_kad_post_feature":"","_kad_post_feature_position":"","_kad_post_header":false,"_kad_post_footer":false,"_kad_post_classname":""},"product_brand":[],"product_cat":[54],"product_tag":[],"class_list":{"0":"post-3757","1":"product","2":"type-product","3":"status-publish","4":"has-post-thumbnail","6":"product_cat-elmas-setleri","8":"first","9":"instock","10":"sale","11":"shipping-taxable","12":"purchasable","13":"product-type-simple","14":"entry","15":"content-bg","16":"loop-entry"},"taxonomy_info":{"product_cat":[{"value":54,"label":"Elmas Setleri"}]},"featured_image_src_large":["https:\/\/zinetgold.com\/wp-content\/uploads\/2024\/08\/R-MYZ0000003-14K-D-0.08-F-G-SI-10-TPZ-0.68-1-1.71gr-1034-N-MKL0000006-14K-D-0.11-F-G-SI-13-TPZ-0.65-1-2.22gr-1320-T-MKP0000005-14K-D-0.21-F-G-SI-20-TPZ-1.44-2-1.94gr-1595-1024x1024.webp",1024,1024,true],"author_info":[],"comment_info":0,"_links":{"self":[{"href":"https:\/\/zinetgold.com\/tr\/wp-json\/wp\/v2\/product\/3757","targetHints":{"allow":["GET"]}}],"collection":[{"href":"https:\/\/zinetgold.com\/tr\/wp-json\/wp\/v2\/product"}],"about":[{"href":"https:\/\/zinetgold.com\/tr\/wp-json\/wp\/v2\/types\/product"}],"replies":[{"embeddable":true,"href":"https:\/\/zinetgold.com\/tr\/wp-json\/wp\/v2\/comments?post=3757"}],"wp:featuredmedia":[{"embeddable":true,"href":"https:\/\/zinetgold.com\/tr\/wp-json\/wp\/v2\/media\/3476"}],"wp:attachment":[{"href":"https:\/\/zinetgold.com\/tr\/wp-json\/wp\/v2\/media?parent=3757"}],"wp:term":[{"taxonomy":"product_brand","embeddable":true,"href":"https:\/\/zinetgold.com\/tr\/wp-json\/wp\/v2\/product_brand?post=3757"},{"taxonomy":"product_cat","embeddable":true,"href":"https:\/\/zinetgold.com\/tr\/wp-json\/wp\/v2\/product_cat?post=3757"},{"taxonomy":"product_tag","embeddable":true,"href":"https:\/\/zinetgold.com\/tr\/wp-json\/wp\/v2\/product_tag?post=3757"}],"curies":[{"name":"wp","href":"https:\/\/api.w.org\/{rel}","templated":true}]}}