{"id":3758,"date":"2024-08-10T11:38:37","date_gmt":"2024-08-10T08:38:37","guid":{"rendered":"https:\/\/zinetgold.com\/pirlanta-baget-parlaklik-seti\/"},"modified":"2024-09-06T13:19:09","modified_gmt":"2024-09-06T10:19:09","slug":"pirlanta-baget-parlaklik-seti","status":"publish","type":"product","link":"https:\/\/zinetgold.com\/tr\/pirlanta-baget-parlaklik-seti\/","title":{"rendered":"P\u0131rlanta Baget Parlakl\u0131k Seti"},"content":{"rendered":"<div class=\"markdown markdown-main-panel\" dir=\"ltr\">\n<p class=\"first-token\" data-sourcepos=\"1:1-1:38\">  Bu zarif set, narin 14 ayar beyaz alt\u0131n i\u00e7ine yerle\u015ftirilmi\u015f, merkezi baget kesim p\u0131rlanta s\u0131ral\u0131 bir kolye, y\u00fcz\u00fck ve k\u00fcpelerden olu\u015fmaktad\u0131r.<br \/>\nP\u0131rlantalar e\u015fit aral\u0131klarla yerle\u015ftirilerek \u015f\u0131k ve modern bir g\u00f6r\u00fcn\u00fcm yarat\u0131lm\u0131\u015ft\u0131r.<br \/>\nGenel tasar\u0131m minimalist ancak sofistike olup, \u00e7e\u015fitli durumlar i\u00e7in \u00e7ok y\u00f6nl\u00fc bir par\u00e7ad\u0131r.  <\/p>\n<\/div>\n","protected":false},"excerpt":{"rendered":"<p><strong>SKU-BYZ00045180<\/strong><strong>.16 Karat <\/strong>P\u0131rlanta Kolye<strong> 14 ayar Beyaz Alt\u0131n<\/strong> <strong> <\/strong><strong>2.96 gram <\/strong> a\u011f\u0131rl\u0131\u011f\u0131nda y\u00fcksek kaliteli do\u011fal p\u0131rlantalar 0<strong>.<\/strong><strong> 12<\/strong><strong>Karat<\/strong> P\u0131rlanta Y\u00fcz\u00fck<strong> 14<\/strong><strong>ayar<\/strong><strong> Beyaz Alt\u0131n<\/strong><strong> 3.21 gram a\u011f\u0131rl\u0131\u011f\u0131nda y\u00fcksek kaliteli do\u011fal p\u0131rlantalar0.<\/strong><strong>28 Karat<\/strong> P\u0131rlanta <strong>K\u00fcpe<\/strong><strong> 14<\/strong><strong>ayar<\/strong><strong> Beyaz Alt\u0131n<\/strong> 4<strong>.<\/strong><strong>10<\/strong> <strong> gram a\u011f\u0131rl\u0131\u011f\u0131nda y\u00fcksek kaliteli do\u011fal p\u0131rlantalar Kolye-$<\/strong> 880 <strong>K\u00fcpe-$<\/strong> 1505 <strong>Y\u00fcz\u00fck-$<\/strong> 933  &nbsp;<\/p>\n","protected":false},"featured_media":3471,"comment_status":"open","ping_status":"closed","template":"","meta":{"_kad_blocks_custom_css":"","_kad_blocks_head_custom_js":"","_kad_blocks_body_custom_js":"","_kad_blocks_footer_custom_js":"","_kadence_starter_templates_imported_post":false,"_kad_post_transparent":"","_kad_post_title":"","_kad_post_layout":"","_kad_post_sidebar_id":"","_kad_post_content_style":"","_kad_post_vertical_padding":"","_kad_post_feature":"","_kad_post_feature_position":"","_kad_post_header":false,"_kad_post_footer":false,"_kad_post_classname":""},"product_brand":[],"product_cat":[54],"product_tag":[],"class_list":{"0":"post-3758","1":"product","2":"type-product","3":"status-publish","4":"has-post-thumbnail","6":"product_cat-elmas-setleri","8":"first","9":"instock","10":"sale","11":"shipping-taxable","12":"purchasable","13":"product-type-simple","14":"entry","15":"content-bg","16":"loop-entry"},"taxonomy_info":{"product_cat":[{"value":54,"label":"Elmas Setleri"}]},"featured_image_src_large":["https:\/\/zinetgold.com\/wp-content\/uploads\/2024\/08\/set2-1024x1024.webp",1024,1024,true],"author_info":[],"comment_info":0,"_links":{"self":[{"href":"https:\/\/zinetgold.com\/tr\/wp-json\/wp\/v2\/product\/3758","targetHints":{"allow":["GET"]}}],"collection":[{"href":"https:\/\/zinetgold.com\/tr\/wp-json\/wp\/v2\/product"}],"about":[{"href":"https:\/\/zinetgold.com\/tr\/wp-json\/wp\/v2\/types\/product"}],"replies":[{"embeddable":true,"href":"https:\/\/zinetgold.com\/tr\/wp-json\/wp\/v2\/comments?post=3758"}],"wp:featuredmedia":[{"embeddable":true,"href":"https:\/\/zinetgold.com\/tr\/wp-json\/wp\/v2\/media\/3471"}],"wp:attachment":[{"href":"https:\/\/zinetgold.com\/tr\/wp-json\/wp\/v2\/media?parent=3758"}],"wp:term":[{"taxonomy":"product_brand","embeddable":true,"href":"https:\/\/zinetgold.com\/tr\/wp-json\/wp\/v2\/product_brand?post=3758"},{"taxonomy":"product_cat","embeddable":true,"href":"https:\/\/zinetgold.com\/tr\/wp-json\/wp\/v2\/product_cat?post=3758"},{"taxonomy":"product_tag","embeddable":true,"href":"https:\/\/zinetgold.com\/tr\/wp-json\/wp\/v2\/product_tag?post=3758"}],"curies":[{"name":"wp","href":"https:\/\/api.w.org\/{rel}","templated":true}]}}