{"id":3759,"date":"2024-08-10T14:42:12","date_gmt":"2024-08-10T11:42:12","guid":{"rendered":"https:\/\/zinetgold.com\/035-069-karat-pirlanta-uclu-set\/"},"modified":"2024-09-06T13:19:11","modified_gmt":"2024-09-06T10:19:11","slug":"035-069-karat-pirlanta-uclu-set","status":"publish","type":"product","link":"https:\/\/zinetgold.com\/tr\/035-069-karat-pirlanta-uclu-set\/","title":{"rendered":"0,35 &amp; 0,69 Karat P\u0131rlanta \u00dc\u00e7l\u00fc Set"},"content":{"rendered":"<p><span style=\"font-family: var(--global-body-font-family);\">Bu zarif p\u0131rlanta set, her biri \u0131\u015f\u0131lt\u0131l\u0131 p\u0131rlantalarla bezenmi\u015f kolye, y\u00fcz\u00fck ve k\u00fcpelerden olu\u015fuyor.<br \/>\nOrta bantta daha b\u00fcy\u00fck, yuvarlak kesim bir p\u0131rlanta sergilenirken, daha k\u00fc\u00e7\u00fck p\u0131rlantalarla s\u00fcslenmi\u015f iki dar bantla \u00e7evrelenmi\u015ftir.<br \/>\nL\u00fcks ve modern bir esteti\u011fe sahip olan set 14 ayar beyaz alt\u0131ndan \u00fcretilmi\u015ftir.  <\/span><\/p>\n<div class=\"markdown markdown-main-panel\" dir=\"ltr\">\n<p data-sourcepos=\"5:1-5:85\">\n<\/div>\n","protected":false},"excerpt":{"rendered":"<p><strong>SKU-BYZ00045330<\/strong><strong>.35 Karat <\/strong>P\u0131rlanta Kolye<strong> 14 ayar Beyaz Alt\u0131n<\/strong> <strong> <\/strong><strong>3.44 gram <\/strong> a\u011f\u0131rl\u0131\u011f\u0131nda y\u00fcksek kaliteli do\u011fal p\u0131rlantalar 0<strong>.<\/strong><strong> 35<\/strong><strong>Karat<\/strong> P\u0131rlanta Y\u00fcz\u00fck<strong> 14<\/strong><strong>ayar<\/strong><strong> Beyaz Alt\u0131n<\/strong><strong> 2.84 gram a\u011f\u0131rl\u0131\u011f\u0131nda y\u00fcksek kaliteli do\u011fal p\u0131rlantalar0<\/strong><strong>.69 Karat<\/strong> P\u0131rlanta <strong>K\u00fcpe<\/strong><strong> 14<\/strong><strong>ayar<\/strong><strong> Beyaz Alt\u0131n<\/strong> 4 <strong>.63 gram a\u011f\u0131rl\u0131\u011f\u0131nda y\u00fcksek kaliteli do\u011fal p\u0131rlantalar<\/strong><strong>Kolye-$<\/strong> 1040 <strong>K\u00fcpe-$<\/strong> 1851 <strong>Y\u00fcz\u00fck-$<\/strong> 946  &nbsp;<\/p>\n","protected":false},"featured_media":3475,"comment_status":"open","ping_status":"closed","template":"","meta":{"_kad_blocks_custom_css":"","_kad_blocks_head_custom_js":"","_kad_blocks_body_custom_js":"","_kad_blocks_footer_custom_js":"","_kadence_starter_templates_imported_post":false,"_kad_post_transparent":"","_kad_post_title":"","_kad_post_layout":"","_kad_post_sidebar_id":"","_kad_post_content_style":"","_kad_post_vertical_padding":"","_kad_post_feature":"","_kad_post_feature_position":"","_kad_post_header":false,"_kad_post_footer":false,"_kad_post_classname":""},"product_brand":[],"product_cat":[54],"product_tag":[],"class_list":{"0":"post-3759","1":"product","2":"type-product","3":"status-publish","4":"has-post-thumbnail","6":"product_cat-elmas-setleri","8":"first","9":"instock","10":"sale","11":"shipping-taxable","12":"purchasable","13":"product-type-simple","14":"entry","15":"content-bg","16":"loop-entry"},"taxonomy_info":{"product_cat":[{"value":54,"label":"Elmas Setleri"}]},"featured_image_src_large":["https:\/\/zinetgold.com\/wp-content\/uploads\/2024\/08\/set7-1024x1024.webp",1024,1024,true],"author_info":[],"comment_info":0,"_links":{"self":[{"href":"https:\/\/zinetgold.com\/tr\/wp-json\/wp\/v2\/product\/3759","targetHints":{"allow":["GET"]}}],"collection":[{"href":"https:\/\/zinetgold.com\/tr\/wp-json\/wp\/v2\/product"}],"about":[{"href":"https:\/\/zinetgold.com\/tr\/wp-json\/wp\/v2\/types\/product"}],"replies":[{"embeddable":true,"href":"https:\/\/zinetgold.com\/tr\/wp-json\/wp\/v2\/comments?post=3759"}],"wp:featuredmedia":[{"embeddable":true,"href":"https:\/\/zinetgold.com\/tr\/wp-json\/wp\/v2\/media\/3475"}],"wp:attachment":[{"href":"https:\/\/zinetgold.com\/tr\/wp-json\/wp\/v2\/media?parent=3759"}],"wp:term":[{"taxonomy":"product_brand","embeddable":true,"href":"https:\/\/zinetgold.com\/tr\/wp-json\/wp\/v2\/product_brand?post=3759"},{"taxonomy":"product_cat","embeddable":true,"href":"https:\/\/zinetgold.com\/tr\/wp-json\/wp\/v2\/product_cat?post=3759"},{"taxonomy":"product_tag","embeddable":true,"href":"https:\/\/zinetgold.com\/tr\/wp-json\/wp\/v2\/product_tag?post=3759"}],"curies":[{"name":"wp","href":"https:\/\/api.w.org\/{rel}","templated":true}]}}