{"id":3760,"date":"2024-08-10T05:19:49","date_gmt":"2024-08-10T02:19:49","guid":{"rendered":"https:\/\/zinetgold.com\/elmas-cicekli-isiltili-set\/"},"modified":"2024-09-06T13:19:11","modified_gmt":"2024-09-06T10:19:11","slug":"elmas-cicekli-isiltili-set","status":"publish","type":"product","link":"https:\/\/zinetgold.com\/tr\/elmas-cicekli-isiltili-set\/","title":{"rendered":"Elmas \u00c7i\u00e7ekli I\u015f\u0131lt\u0131l\u0131 Set"},"content":{"rendered":"<div class=\"markdown markdown-main-panel\" dir=\"ltr\">\n<p class=\"first-token\" data-sourcepos=\"1:1-1:35\">\u00c7arp\u0131c\u0131 bir z\u00fcmr\u00fct kesim p\u0131rlantan\u0131n merkezde yer ald\u0131\u011f\u0131 sofistike bir p\u0131rlanta set.<br \/>\nTa\u015f, tavus ku\u015fu t\u00fcy\u00fc \u015feklini vurgulayan klasik d\u00f6rt u\u00e7lu bir ayara yerle\u015ftirilmi\u015ftir.<br \/>\nBand\u0131n 14 ayar beyaz alt\u0131ndan \u00fcretildi\u011fi g\u00f6r\u00fcl\u00fcyor ve bu da l\u00fcks \u00e7ekicili\u011fe katk\u0131da bulunuyor.  <\/p>\n<\/div>\n","protected":false},"excerpt":{"rendered":"<p><strong>SKU-N-KL00006691<\/strong><strong>.08 Karat <\/strong>P\u0131rlanta Kolye<strong> 14 Ayar Beyaz Alt\u0131n<\/strong>  <strong> <\/strong>y\u00fcksek kaliteli do\u011fal p\u0131rlantalar <strong>5,23 gram <\/strong> a\u011f\u0131rl\u0131\u011f\u0131nda 1<strong>,<\/strong><strong> 82 Karat<\/strong> P\u0131rlanta K\u00fcpe <strong>14 ayar Beyaz Alt\u0131n<\/strong> y\u00fcksek kaliteli do\u011fal p\u0131rlantalar<strong> 7,60 gram a\u011f\u0131rl\u0131\u011f\u0131nda<\/strong><strong>Kolye-$<\/strong> 1392 <strong>K\u00fcpeler-$<\/strong> 2561  <\/p>\n<div class=\"markdown markdown-main-panel\" dir=\"ltr\">\n<p class=\"first-token\" data-sourcepos=\"1:1-1:35\">\n<\/div>\n","protected":false},"featured_media":3470,"comment_status":"open","ping_status":"closed","template":"","meta":{"_kad_blocks_custom_css":"","_kad_blocks_head_custom_js":"","_kad_blocks_body_custom_js":"","_kad_blocks_footer_custom_js":"","_kadence_starter_templates_imported_post":false,"_kad_post_transparent":"","_kad_post_title":"","_kad_post_layout":"","_kad_post_sidebar_id":"","_kad_post_content_style":"","_kad_post_vertical_padding":"","_kad_post_feature":"","_kad_post_feature_position":"","_kad_post_header":false,"_kad_post_footer":false,"_kad_post_classname":""},"product_brand":[],"product_cat":[54],"product_tag":[],"class_list":{"0":"post-3760","1":"product","2":"type-product","3":"status-publish","4":"has-post-thumbnail","6":"product_cat-elmas-setleri","8":"first","9":"instock","10":"sale","11":"shipping-taxable","12":"purchasable","13":"product-type-simple","14":"entry","15":"content-bg","16":"loop-entry"},"taxonomy_info":{"product_cat":[{"value":54,"label":"Elmas Setleri"}]},"featured_image_src_large":["https:\/\/zinetgold.com\/wp-content\/uploads\/2024\/08\/n-KL0000669-14K-D-1.08-F-G-SI-264-5.23-gr.-4873-e-KP0000638-14K-D-1.82-F-G-SI-440-7.60-gr.-8965-1024x1024.webp",1024,1024,true],"author_info":[],"comment_info":0,"_links":{"self":[{"href":"https:\/\/zinetgold.com\/tr\/wp-json\/wp\/v2\/product\/3760","targetHints":{"allow":["GET"]}}],"collection":[{"href":"https:\/\/zinetgold.com\/tr\/wp-json\/wp\/v2\/product"}],"about":[{"href":"https:\/\/zinetgold.com\/tr\/wp-json\/wp\/v2\/types\/product"}],"replies":[{"embeddable":true,"href":"https:\/\/zinetgold.com\/tr\/wp-json\/wp\/v2\/comments?post=3760"}],"wp:featuredmedia":[{"embeddable":true,"href":"https:\/\/zinetgold.com\/tr\/wp-json\/wp\/v2\/media\/3470"}],"wp:attachment":[{"href":"https:\/\/zinetgold.com\/tr\/wp-json\/wp\/v2\/media?parent=3760"}],"wp:term":[{"taxonomy":"product_brand","embeddable":true,"href":"https:\/\/zinetgold.com\/tr\/wp-json\/wp\/v2\/product_brand?post=3760"},{"taxonomy":"product_cat","embeddable":true,"href":"https:\/\/zinetgold.com\/tr\/wp-json\/wp\/v2\/product_cat?post=3760"},{"taxonomy":"product_tag","embeddable":true,"href":"https:\/\/zinetgold.com\/tr\/wp-json\/wp\/v2\/product_tag?post=3760"}],"curies":[{"name":"wp","href":"https:\/\/api.w.org\/{rel}","templated":true}]}}