{"id":3761,"date":"2024-08-10T05:08:02","date_gmt":"2024-08-10T02:08:02","guid":{"rendered":"https:\/\/zinetgold.com\/elmas-parlak-cicek-seti\/"},"modified":"2024-09-06T13:19:15","modified_gmt":"2024-09-06T10:19:15","slug":"elmas-parlak-cicek-seti","status":"publish","type":"product","link":"https:\/\/zinetgold.com\/tr\/elmas-parlak-cicek-seti\/","title":{"rendered":"Elmas Parlak \u00c7i\u00e7ek Seti"},"content":{"rendered":"<p><span style=\"font-family: var(--global-body-font-family);\">I\u015f\u0131lt\u0131l\u0131 bir g\u00fcne\u015fi and\u0131ran, daha k\u00fc\u00e7\u00fck elmaslardan olu\u015fan bir haleyle \u00e7evrili, yuvarlak kesim merkezi bir elmas i\u00e7eren b\u00fcy\u00fcleyici bir elmas set.<br \/>\nKolye ve k\u00fcpe tasar\u0131m\u0131, merkez ta\u015f\u0131n parlakl\u0131\u011f\u0131n\u0131 ve ate\u015fini vurgulayarak g\u00f6z kama\u015ft\u0131r\u0131c\u0131 ve l\u00fcks bir ifade yarat\u0131r. <\/span><\/p>\n","protected":false},"excerpt":{"rendered":"<p><strong>SKU-KL00006312<\/strong><strong>,25 Karat <\/strong>P\u0131rlanta Kolye<strong> 14 ayar Beyaz Alt\u0131n<\/strong> <strong> <\/strong><strong>9,74 gram <\/strong> a\u011f\u0131rl\u0131\u011f\u0131nda y\u00fcksek kaliteli do\u011fal p\u0131rlantalar<strong> 2,59 Karat<\/strong> P\u0131rlanta K\u00fcpe <strong>14<\/strong><strong> ayar<\/strong> <strong>Beyaz Alt\u0131n<\/strong><strong> 10,68 gram<\/strong> a\u011f\u0131rl\u0131\u011f\u0131nda y\u00fcksek kaliteli do\u011fal p\u0131rlantalar <strong>Kolye-$<\/strong> 2863 <strong>K\u00fcpeler-$<\/strong> 3271<\/p>\n","protected":false},"featured_media":3469,"comment_status":"open","ping_status":"closed","template":"","meta":{"_kad_blocks_custom_css":"","_kad_blocks_head_custom_js":"","_kad_blocks_body_custom_js":"","_kad_blocks_footer_custom_js":"","_kadence_starter_templates_imported_post":false,"_kad_post_transparent":"","_kad_post_title":"","_kad_post_layout":"","_kad_post_sidebar_id":"","_kad_post_content_style":"","_kad_post_vertical_padding":"","_kad_post_feature":"","_kad_post_feature_position":"","_kad_post_header":false,"_kad_post_footer":false,"_kad_post_classname":""},"product_brand":[],"product_cat":[54],"product_tag":[],"class_list":{"0":"post-3761","1":"product","2":"type-product","3":"status-publish","4":"has-post-thumbnail","6":"product_cat-elmas-setleri","8":"first","9":"instock","10":"sale","11":"shipping-taxable","12":"purchasable","13":"product-type-simple","14":"entry","15":"content-bg","16":"loop-entry"},"taxonomy_info":{"product_cat":[{"value":54,"label":"Elmas Setleri"}]},"featured_image_src_large":["https:\/\/zinetgold.com\/wp-content\/uploads\/2024\/08\/n-KL0000631-14K-D-2.25-F-G-SI-121-9.74-gr.-10021-e-KP0000590-14K-D-2.59-F-G-SI-242-10.68-gr.-11451-1024x1024.webp",1024,1024,true],"author_info":[],"comment_info":0,"_links":{"self":[{"href":"https:\/\/zinetgold.com\/tr\/wp-json\/wp\/v2\/product\/3761","targetHints":{"allow":["GET"]}}],"collection":[{"href":"https:\/\/zinetgold.com\/tr\/wp-json\/wp\/v2\/product"}],"about":[{"href":"https:\/\/zinetgold.com\/tr\/wp-json\/wp\/v2\/types\/product"}],"replies":[{"embeddable":true,"href":"https:\/\/zinetgold.com\/tr\/wp-json\/wp\/v2\/comments?post=3761"}],"wp:featuredmedia":[{"embeddable":true,"href":"https:\/\/zinetgold.com\/tr\/wp-json\/wp\/v2\/media\/3469"}],"wp:attachment":[{"href":"https:\/\/zinetgold.com\/tr\/wp-json\/wp\/v2\/media?parent=3761"}],"wp:term":[{"taxonomy":"product_brand","embeddable":true,"href":"https:\/\/zinetgold.com\/tr\/wp-json\/wp\/v2\/product_brand?post=3761"},{"taxonomy":"product_cat","embeddable":true,"href":"https:\/\/zinetgold.com\/tr\/wp-json\/wp\/v2\/product_cat?post=3761"},{"taxonomy":"product_tag","embeddable":true,"href":"https:\/\/zinetgold.com\/tr\/wp-json\/wp\/v2\/product_tag?post=3761"}],"curies":[{"name":"wp","href":"https:\/\/api.w.org\/{rel}","templated":true}]}}