{"id":3762,"date":"2024-08-10T04:09:43","date_gmt":"2024-08-10T01:09:43","guid":{"rendered":"https:\/\/zinetgold.com\/elmas-zarif-yildiz-patlamasi-seti\/"},"modified":"2024-09-06T13:19:15","modified_gmt":"2024-09-06T10:19:15","slug":"elmas-zarif-yildiz-patlamasi-seti","status":"publish","type":"product","link":"https:\/\/zinetgold.com\/tr\/elmas-zarif-yildiz-patlamasi-seti\/","title":{"rendered":"Elmas Zarif Y\u0131ld\u0131z Patlamas\u0131 Seti"},"content":{"rendered":"<div class=\"markdown markdown-main-panel\" dir=\"ltr\">\n<p class=\"first-token\" data-sourcepos=\"1:1-1:27\">Bu klasik 14 ayar beyaz alt\u0131n m\u00fccevher seti, ince bir zincirden sarkan \u0131\u015f\u0131lt\u0131l\u0131 bir p\u0131rlanta kolye ucuna sahip zarif bir kolye i\u00e7erir.<br \/>\nE\u015fle\u015fen k\u00fcpeler, de\u011ferli ta\u015flar\u0131n parlakl\u0131\u011f\u0131n\u0131 sergileyen bir \u00e7ift zarif p\u0131rlanta saplamaya sahiptir.<br \/>\nSet, zamans\u0131z bir sofistike duru\u015f sergiler ve her durum i\u00e7in m\u00fckemmeldir.  <\/p>\n<\/div>\n<p>&nbsp;<\/p>\n","protected":false},"excerpt":{"rendered":"<p><strong>SKU-BKL00011070<\/strong><strong>.92 Karat <\/strong>P\u0131rlanta Kolye<strong> 14 ayar Beyaz Alt\u0131n<\/strong> <strong> <\/strong><strong>6.74 gram <\/strong> a\u011f\u0131rl\u0131\u011f\u0131nda y\u00fcksek kaliteli do\u011fal p\u0131rlantalar<strong> 1.33 Karat<\/strong> P\u0131rlanta K\u00fcpe <strong>14<\/strong><strong> ayar<\/strong> <strong>Beyaz Alt\u0131n<\/strong><strong> 6.52 gram<\/strong> a\u011f\u0131rl\u0131\u011f\u0131nda y\u00fcksek kaliteli do\u011fal p\u0131rlantalar <strong>Kolye-$<\/strong> 3906 <strong>K\u00fcpeler-$<\/strong> 4154<\/p>\n","protected":false},"featured_media":3464,"comment_status":"open","ping_status":"closed","template":"","meta":{"_kad_blocks_custom_css":"","_kad_blocks_head_custom_js":"","_kad_blocks_body_custom_js":"","_kad_blocks_footer_custom_js":"","_kadence_starter_templates_imported_post":false,"_kad_post_transparent":"","_kad_post_title":"","_kad_post_layout":"","_kad_post_sidebar_id":"","_kad_post_content_style":"","_kad_post_vertical_padding":"","_kad_post_feature":"","_kad_post_feature_position":"","_kad_post_header":false,"_kad_post_footer":false,"_kad_post_classname":""},"product_brand":[],"product_cat":[54],"product_tag":[],"class_list":{"0":"post-3762","1":"product","2":"type-product","3":"status-publish","4":"has-post-thumbnail","6":"product_cat-elmas-setleri","8":"first","9":"instock","10":"sale","11":"shipping-taxable","12":"purchasable","13":"product-type-simple","14":"entry","15":"content-bg","16":"loop-entry"},"taxonomy_info":{"product_cat":[{"value":54,"label":"Elmas Setleri"}]},"featured_image_src_large":["https:\/\/zinetgold.com\/wp-content\/uploads\/2024\/08\/n-BKL0001107-14K-D-2.00-F-G-SI-40-BD-0.92-F-G-SI-31-6.74-gr.-13673-e-BKP0001037-14K-D-1.99-F-G-SI-62-BD-1.33-F-G-SI-54-6.52-gr.-14542-1024x1024.webp",1024,1024,true],"author_info":[],"comment_info":0,"_links":{"self":[{"href":"https:\/\/zinetgold.com\/tr\/wp-json\/wp\/v2\/product\/3762","targetHints":{"allow":["GET"]}}],"collection":[{"href":"https:\/\/zinetgold.com\/tr\/wp-json\/wp\/v2\/product"}],"about":[{"href":"https:\/\/zinetgold.com\/tr\/wp-json\/wp\/v2\/types\/product"}],"replies":[{"embeddable":true,"href":"https:\/\/zinetgold.com\/tr\/wp-json\/wp\/v2\/comments?post=3762"}],"wp:featuredmedia":[{"embeddable":true,"href":"https:\/\/zinetgold.com\/tr\/wp-json\/wp\/v2\/media\/3464"}],"wp:attachment":[{"href":"https:\/\/zinetgold.com\/tr\/wp-json\/wp\/v2\/media?parent=3762"}],"wp:term":[{"taxonomy":"product_brand","embeddable":true,"href":"https:\/\/zinetgold.com\/tr\/wp-json\/wp\/v2\/product_brand?post=3762"},{"taxonomy":"product_cat","embeddable":true,"href":"https:\/\/zinetgold.com\/tr\/wp-json\/wp\/v2\/product_cat?post=3762"},{"taxonomy":"product_tag","embeddable":true,"href":"https:\/\/zinetgold.com\/tr\/wp-json\/wp\/v2\/product_tag?post=3762"}],"curies":[{"name":"wp","href":"https:\/\/api.w.org\/{rel}","templated":true}]}}