{"id":3763,"date":"2024-08-10T03:59:04","date_gmt":"2024-08-10T00:59:04","guid":{"rendered":"https:\/\/zinetgold.com\/elmas-civili-uclu\/"},"modified":"2024-09-06T13:19:17","modified_gmt":"2024-09-06T10:19:17","slug":"elmas-civili-uclu","status":"publish","type":"product","link":"https:\/\/zinetgold.com\/tr\/elmas-civili-uclu\/","title":{"rendered":"Elmas \u00c7ivili \u00dc\u00e7l\u00fc"},"content":{"rendered":"<div class=\"markdown markdown-main-panel\" dir=\"ltr\">\n<p data-sourcepos=\"3:1-3:102\">Bu zarif p\u0131rlanta \u00e7ivili kolye, k\u00fcpe ve y\u00fcz\u00fck zamans\u0131z bir zarafete sahiptir.<br \/>\nMerkezinde klasik yuvarlak kesim p\u0131rlanta bulunan bu \u00fcr\u00fcnler sofistike ve l\u00fcks bir g\u00f6r\u00fcn\u00fcm sergiler.<br \/>\n14 ayar beyaz alt\u0131n set, g\u00fcvenli ve rahat bir uyum sa\u011flamak i\u00e7in detaylara titizlikle \u00f6zen g\u00f6sterilerek haz\u0131rlanm\u0131\u015ft\u0131r.<br \/>\nHer durum i\u00e7in m\u00fckemmel olan bu p\u0131rlanta k\u00fcpeler, her m\u00fccevher koleksiyonunun olmazsa olmaz\u0131d\u0131r.   <\/p>\n<\/div>\n","protected":false},"excerpt":{"rendered":"<p><strong>SKU-BKL00010300<\/strong><strong>.10 Karat <\/strong>P\u0131rlanta Kolye<strong> 14 ayar Beyaz Alt\u0131n<\/strong> <strong> <\/strong><strong>2.64 gram <\/strong> a\u011f\u0131rl\u0131\u011f\u0131nda y\u00fcksek kaliteli do\u011fal p\u0131rlantalar 0<strong>.<\/strong><strong> 03<\/strong><strong>Karat<\/strong> P\u0131rlanta Y\u00fcz\u00fck<strong> 14<\/strong><strong>ayar<\/strong><strong> Beyaz Alt\u0131n<\/strong><strong> 2.23 gram a\u011f\u0131rl\u0131\u011f\u0131nda y\u00fcksek kaliteli do\u011fal p\u0131rlantalar0<\/strong><strong>.20 Karat<\/strong> P\u0131rlanta K\u00fcpe<strong> 14<\/strong><strong>ayar<\/strong><strong> Beyaz Alt\u0131n<\/strong> 1 <strong>.99 gram a\u011f\u0131rl\u0131\u011f\u0131nda y\u00fcksek kaliteli do\u011fal p\u0131rlantalar<\/strong><strong>Kolye-$<\/strong> 546 <strong>Y\u00fcz\u00fck-$<\/strong> 436 <strong>K\u00fcpe-$<\/strong> 729<\/p>\n","protected":false},"featured_media":3463,"comment_status":"open","ping_status":"closed","template":"","meta":{"_kad_blocks_custom_css":"","_kad_blocks_head_custom_js":"","_kad_blocks_body_custom_js":"","_kad_blocks_footer_custom_js":"","_kadence_starter_templates_imported_post":false,"_kad_post_transparent":"","_kad_post_title":"","_kad_post_layout":"","_kad_post_sidebar_id":"","_kad_post_content_style":"","_kad_post_vertical_padding":"","_kad_post_feature":"","_kad_post_feature_position":"","_kad_post_header":false,"_kad_post_footer":false,"_kad_post_classname":""},"product_brand":[],"product_cat":[54],"product_tag":[],"class_list":{"0":"post-3763","1":"product","2":"type-product","3":"status-publish","4":"has-post-thumbnail","6":"product_cat-elmas-setleri","8":"first","9":"instock","10":"sale","11":"shipping-taxable","12":"purchasable","13":"product-type-simple","14":"entry","15":"content-bg","16":"loop-entry"},"taxonomy_info":{"product_cat":[{"value":54,"label":"Elmas Setleri"}]},"featured_image_src_large":["https:\/\/zinetgold.com\/wp-content\/uploads\/2024\/08\/set3-1024x1024.png",1024,1024,true],"author_info":[],"comment_info":0,"_links":{"self":[{"href":"https:\/\/zinetgold.com\/tr\/wp-json\/wp\/v2\/product\/3763","targetHints":{"allow":["GET"]}}],"collection":[{"href":"https:\/\/zinetgold.com\/tr\/wp-json\/wp\/v2\/product"}],"about":[{"href":"https:\/\/zinetgold.com\/tr\/wp-json\/wp\/v2\/types\/product"}],"replies":[{"embeddable":true,"href":"https:\/\/zinetgold.com\/tr\/wp-json\/wp\/v2\/comments?post=3763"}],"wp:featuredmedia":[{"embeddable":true,"href":"https:\/\/zinetgold.com\/tr\/wp-json\/wp\/v2\/media\/3463"}],"wp:attachment":[{"href":"https:\/\/zinetgold.com\/tr\/wp-json\/wp\/v2\/media?parent=3763"}],"wp:term":[{"taxonomy":"product_brand","embeddable":true,"href":"https:\/\/zinetgold.com\/tr\/wp-json\/wp\/v2\/product_brand?post=3763"},{"taxonomy":"product_cat","embeddable":true,"href":"https:\/\/zinetgold.com\/tr\/wp-json\/wp\/v2\/product_cat?post=3763"},{"taxonomy":"product_tag","embeddable":true,"href":"https:\/\/zinetgold.com\/tr\/wp-json\/wp\/v2\/product_tag?post=3763"}],"curies":[{"name":"wp","href":"https:\/\/api.w.org\/{rel}","templated":true}]}}