{"id":3764,"date":"2024-08-10T04:57:08","date_gmt":"2024-08-10T01:57:08","guid":{"rendered":"https:\/\/zinetgold.com\/pirlanta-gozyasi-seti\/"},"modified":"2024-09-06T13:19:16","modified_gmt":"2024-09-06T10:19:16","slug":"pirlanta-gozyasi-seti","status":"publish","type":"product","link":"https:\/\/zinetgold.com\/tr\/pirlanta-gozyasi-seti\/","title":{"rendered":"P\u0131rlanta G\u00f6zya\u015f\u0131 Seti"},"content":{"rendered":"<p><span style=\"font-family: var(--global-body-font-family);\">Bu zarif p\u0131rlanta set, \u0131\u015f\u0131lt\u0131l\u0131 elmaslarla s\u00fcslenmi\u015f narin, uzun bir damla \u015fekline sahiptir.<br \/>\n18 ayar beyaz alt\u0131ndan \u00fcretilen k\u00fcpeler zamans\u0131z ve sofistike bir cazibeye sahiptir.<br \/>\nD\u00fc\u015fen g\u00f6zya\u015flar\u0131n\u0131 an\u0131msatan tasar\u0131m, romantik bir zarafet dokunu\u015fu kat\u0131yor.  <\/span><\/p>\n","protected":false},"excerpt":{"rendered":"<p><strong>SKU-KL00006301<\/strong><strong>.01 Karat <\/strong>P\u0131rlanta Kolye<strong> 14 ayar Beyaz Alt\u0131n<\/strong> <strong> <\/strong><strong>3.92 gram <\/strong> a\u011f\u0131rl\u0131\u011f\u0131nda y\u00fcksek kaliteli do\u011fal p\u0131rlantalar<strong> 1.69 Karat<\/strong> P\u0131rlanta K\u00fcpe <strong>14 ayar Beyaz Alt\u0131n<\/strong><strong> 3.89 gram<\/strong> a\u011f\u0131rl\u0131\u011f\u0131nda y\u00fcksek kaliteli do\u011fal p\u0131rlantalar <strong>Kolye-$<\/strong> 1952 <strong>K\u00fcpeler-$<\/strong> 2800<\/p>\n","protected":false},"featured_media":3468,"comment_status":"open","ping_status":"closed","template":"","meta":{"_kad_blocks_custom_css":"","_kad_blocks_head_custom_js":"","_kad_blocks_body_custom_js":"","_kad_blocks_footer_custom_js":"","_kadence_starter_templates_imported_post":false,"_kad_post_transparent":"","_kad_post_title":"","_kad_post_layout":"","_kad_post_sidebar_id":"","_kad_post_content_style":"","_kad_post_vertical_padding":"","_kad_post_feature":"","_kad_post_feature_position":"","_kad_post_header":false,"_kad_post_footer":false,"_kad_post_classname":""},"product_brand":[],"product_cat":[54],"product_tag":[],"class_list":{"0":"post-3764","1":"product","2":"type-product","3":"status-publish","4":"has-post-thumbnail","6":"product_cat-elmas-setleri","8":"first","9":"instock","10":"sale","11":"shipping-taxable","12":"purchasable","13":"product-type-simple","14":"entry","15":"content-bg","16":"loop-entry"},"taxonomy_info":{"product_cat":[{"value":54,"label":"Elmas Setleri"}]},"featured_image_src_large":["https:\/\/zinetgold.com\/wp-content\/uploads\/2024\/08\/N-KL0000630-14K-D-1.10-F-G-SI-51-3.92-gr.-6831-E-KP0000589-14K-D-1.69-F-G-SI-101-3.89-gr.-9801-1024x1024.webp",1024,1024,true],"author_info":[],"comment_info":0,"_links":{"self":[{"href":"https:\/\/zinetgold.com\/tr\/wp-json\/wp\/v2\/product\/3764","targetHints":{"allow":["GET"]}}],"collection":[{"href":"https:\/\/zinetgold.com\/tr\/wp-json\/wp\/v2\/product"}],"about":[{"href":"https:\/\/zinetgold.com\/tr\/wp-json\/wp\/v2\/types\/product"}],"replies":[{"embeddable":true,"href":"https:\/\/zinetgold.com\/tr\/wp-json\/wp\/v2\/comments?post=3764"}],"wp:featuredmedia":[{"embeddable":true,"href":"https:\/\/zinetgold.com\/tr\/wp-json\/wp\/v2\/media\/3468"}],"wp:attachment":[{"href":"https:\/\/zinetgold.com\/tr\/wp-json\/wp\/v2\/media?parent=3764"}],"wp:term":[{"taxonomy":"product_brand","embeddable":true,"href":"https:\/\/zinetgold.com\/tr\/wp-json\/wp\/v2\/product_brand?post=3764"},{"taxonomy":"product_cat","embeddable":true,"href":"https:\/\/zinetgold.com\/tr\/wp-json\/wp\/v2\/product_cat?post=3764"},{"taxonomy":"product_tag","embeddable":true,"href":"https:\/\/zinetgold.com\/tr\/wp-json\/wp\/v2\/product_tag?post=3764"}],"curies":[{"name":"wp","href":"https:\/\/api.w.org\/{rel}","templated":true}]}}