{"id":3765,"date":"2024-08-10T04:45:58","date_gmt":"2024-08-10T01:45:58","guid":{"rendered":"https:\/\/zinetgold.com\/pirlanta-radyant-baget-set\/"},"modified":"2024-09-06T13:19:18","modified_gmt":"2024-09-06T10:19:18","slug":"pirlanta-radyant-baget-set","status":"publish","type":"product","link":"https:\/\/zinetgold.com\/tr\/pirlanta-radyant-baget-set\/","title":{"rendered":"P\u0131rlanta Radyant Baget Set"},"content":{"rendered":"<p><span style=\"font-family: var(--global-body-font-family);\">Bu zarif p\u0131rlanta set, narin \u00e7i\u00e7ek yapraklar\u0131n\u0131 and\u0131ran 0,68 ve 0,85 karatl\u0131k p\u0131rlanta k\u00fcmeleriyle s\u00fcslenmi\u015f zarif bir kolyeye sahiptir.<br \/>\nE\u015fle\u015fen k\u00fcpeler, kolyenin tasar\u0131m\u0131n\u0131 daha k\u00fc\u00e7\u00fck, ayn\u0131 derecede b\u00fcy\u00fcleyici p\u0131rlanta k\u00fcmeleriyle yans\u0131t\u0131yor.<br \/>\nSet, kad\u0131ns\u0131 bir \u00e7ekicilik ve zarafet yans\u0131t\u0131yor.  <\/span><\/p>\n","protected":false},"excerpt":{"rendered":"<p><strong>SKU-BKL00011740<\/strong><strong>.68 Karat <\/strong>P\u0131rlanta Kolye<strong> 14 ayar Beyaz Alt\u0131n<\/strong> <strong> <\/strong><strong>4.41 gram <\/strong> a\u011f\u0131rl\u0131\u011f\u0131nda y\u00fcksek kaliteli do\u011fal p\u0131rlantalar<strong> 0.85 Karat<\/strong> P\u0131rlanta <strong>K\u00fcpe<\/strong> <strong>14<\/strong><strong> ayar<\/strong> <strong>Beyaz Alt\u0131n<\/strong><strong> 4.70 gram<\/strong> a\u011f\u0131rl\u0131\u011f\u0131nda y\u00fcksek kaliteli do\u011fal p\u0131rlantalar <strong>Kolye-$<\/strong> 1763 <strong>K\u00fcpe-$<\/strong> 2376<\/p>\n","protected":false},"featured_media":3467,"comment_status":"open","ping_status":"closed","template":"","meta":{"_kad_blocks_custom_css":"","_kad_blocks_head_custom_js":"","_kad_blocks_body_custom_js":"","_kad_blocks_footer_custom_js":"","_kadence_starter_templates_imported_post":false,"_kad_post_transparent":"","_kad_post_title":"","_kad_post_layout":"","_kad_post_sidebar_id":"","_kad_post_content_style":"","_kad_post_vertical_padding":"","_kad_post_feature":"","_kad_post_feature_position":"","_kad_post_header":false,"_kad_post_footer":false,"_kad_post_classname":""},"product_brand":[],"product_cat":[54],"product_tag":[],"class_list":{"0":"post-3765","1":"product","2":"type-product","3":"status-publish","4":"has-post-thumbnail","6":"product_cat-elmas-setleri","8":"first","9":"instock","10":"sale","11":"shipping-taxable","12":"purchasable","13":"product-type-simple","14":"entry","15":"content-bg","16":"loop-entry"},"taxonomy_info":{"product_cat":[{"value":54,"label":"Elmas Setleri"}]},"featured_image_src_large":["https:\/\/zinetgold.com\/wp-content\/uploads\/2024\/08\/n-BKL0001174-14K-D-0.72-F-G-SI-82-BD-0.68-F-G-SI-26-4.41-gr.-6171-e-BKP0001115-14K-D-1.14-F-G-SI-162-BD-0.85-F-G-SI-45-4.70-gr.-8316-1024x1024.webp",1024,1024,true],"author_info":[],"comment_info":0,"_links":{"self":[{"href":"https:\/\/zinetgold.com\/tr\/wp-json\/wp\/v2\/product\/3765","targetHints":{"allow":["GET"]}}],"collection":[{"href":"https:\/\/zinetgold.com\/tr\/wp-json\/wp\/v2\/product"}],"about":[{"href":"https:\/\/zinetgold.com\/tr\/wp-json\/wp\/v2\/types\/product"}],"replies":[{"embeddable":true,"href":"https:\/\/zinetgold.com\/tr\/wp-json\/wp\/v2\/comments?post=3765"}],"wp:featuredmedia":[{"embeddable":true,"href":"https:\/\/zinetgold.com\/tr\/wp-json\/wp\/v2\/media\/3467"}],"wp:attachment":[{"href":"https:\/\/zinetgold.com\/tr\/wp-json\/wp\/v2\/media?parent=3765"}],"wp:term":[{"taxonomy":"product_brand","embeddable":true,"href":"https:\/\/zinetgold.com\/tr\/wp-json\/wp\/v2\/product_brand?post=3765"},{"taxonomy":"product_cat","embeddable":true,"href":"https:\/\/zinetgold.com\/tr\/wp-json\/wp\/v2\/product_cat?post=3765"},{"taxonomy":"product_tag","embeddable":true,"href":"https:\/\/zinetgold.com\/tr\/wp-json\/wp\/v2\/product_tag?post=3765"}],"curies":[{"name":"wp","href":"https:\/\/api.w.org\/{rel}","templated":true}]}}