{"id":3766,"date":"2024-08-10T03:14:54","date_gmt":"2024-08-10T00:14:54","guid":{"rendered":"https:\/\/zinetgold.com\/pirlanta-armut-damla-dazzle-set\/"},"modified":"2024-09-06T13:19:18","modified_gmt":"2024-09-06T10:19:18","slug":"pirlanta-armut-damla-dazzle-set","status":"publish","type":"product","link":"https:\/\/zinetgold.com\/tr\/pirlanta-armut-damla-dazzle-set\/","title":{"rendered":"P\u0131rlanta Armut Damla Dazzle Set"},"content":{"rendered":"<p><span style=\"font-family: var(--global-body-font-family);\">  Bu zarif kolye ve k\u00fcpelerin merkezinde, 14 ayar beyaz alt\u0131ndan narin bir ayara as\u0131l\u0131 armut bi\u00e7imli bir p\u0131rlanta yer al\u0131yor.<br \/>\nP\u0131rlantan\u0131n kesimi ola\u011fan\u00fcst\u00fcd\u00fcr, parlakl\u0131\u011f\u0131n\u0131 ve ate\u015fini sergiler.<br \/>\nK\u00fcpeler modern ve zarif bir tasar\u0131ma sahip olup hem g\u00fcndelik hem de resmi davetler i\u00e7in m\u00fckemmeldir.  <\/span><\/p>\n","protected":false},"excerpt":{"rendered":"<p><strong>BKL00009780<\/strong><strong>,05 Karat <\/strong>P\u0131rlanta Kolye<strong> 14 ayar Beyaz Alt\u0131n<\/strong> <strong> <\/strong><strong>2,61 gram <\/strong> a\u011f\u0131rl\u0131\u011f\u0131nda y\u00fcksek kaliteli do\u011fal p\u0131rlantalar<strong> 0,21 Karat<\/strong> P\u0131rlanta <strong>K\u00fcpe<\/strong> <strong>14<\/strong><strong> ayar<\/strong> <strong>Beyaz Alt\u0131n<\/strong><strong> 2,31 gram<\/strong> a\u011f\u0131rl\u0131\u011f\u0131nda y\u00fcksek kaliteli do\u011fal p\u0131rlantalar <strong>Kolye-$<\/strong> 462 <strong>K\u00fcpeler-$<\/strong> 578<\/p>\n","protected":false},"featured_media":3461,"comment_status":"open","ping_status":"closed","template":"","meta":{"_kad_blocks_custom_css":"","_kad_blocks_head_custom_js":"","_kad_blocks_body_custom_js":"","_kad_blocks_footer_custom_js":"","_kadence_starter_templates_imported_post":false,"_kad_post_transparent":"","_kad_post_title":"","_kad_post_layout":"","_kad_post_sidebar_id":"","_kad_post_content_style":"","_kad_post_vertical_padding":"","_kad_post_feature":"","_kad_post_feature_position":"","_kad_post_header":false,"_kad_post_footer":false,"_kad_post_classname":""},"product_brand":[],"product_cat":[54],"product_tag":[],"class_list":{"0":"post-3766","1":"product","2":"type-product","3":"status-publish","4":"has-post-thumbnail","6":"product_cat-elmas-setleri","8":"first","9":"instock","10":"sale","11":"shipping-taxable","12":"purchasable","13":"product-type-simple","14":"entry","15":"content-bg","16":"loop-entry"},"taxonomy_info":{"product_cat":[{"value":54,"label":"Elmas Setleri"}]},"featured_image_src_large":["https:\/\/zinetgold.com\/wp-content\/uploads\/2024\/08\/n-BKL0000978-14K-D-0.13-F-G-SI-33-BD-0.05-F-G-SI-3-2.61-gr.-1617-e-BKP0000296-14K-BD-0.09-F-G-SI-8-D-0.21-F-G-SI-66-2.31-gr.-2024-1024x1024.webp",1024,1024,true],"author_info":[],"comment_info":0,"_links":{"self":[{"href":"https:\/\/zinetgold.com\/tr\/wp-json\/wp\/v2\/product\/3766","targetHints":{"allow":["GET"]}}],"collection":[{"href":"https:\/\/zinetgold.com\/tr\/wp-json\/wp\/v2\/product"}],"about":[{"href":"https:\/\/zinetgold.com\/tr\/wp-json\/wp\/v2\/types\/product"}],"replies":[{"embeddable":true,"href":"https:\/\/zinetgold.com\/tr\/wp-json\/wp\/v2\/comments?post=3766"}],"wp:featuredmedia":[{"embeddable":true,"href":"https:\/\/zinetgold.com\/tr\/wp-json\/wp\/v2\/media\/3461"}],"wp:attachment":[{"href":"https:\/\/zinetgold.com\/tr\/wp-json\/wp\/v2\/media?parent=3766"}],"wp:term":[{"taxonomy":"product_brand","embeddable":true,"href":"https:\/\/zinetgold.com\/tr\/wp-json\/wp\/v2\/product_brand?post=3766"},{"taxonomy":"product_cat","embeddable":true,"href":"https:\/\/zinetgold.com\/tr\/wp-json\/wp\/v2\/product_cat?post=3766"},{"taxonomy":"product_tag","embeddable":true,"href":"https:\/\/zinetgold.com\/tr\/wp-json\/wp\/v2\/product_tag?post=3766"}],"curies":[{"name":"wp","href":"https:\/\/api.w.org\/{rel}","templated":true}]}}