{"id":3767,"date":"2024-08-10T04:28:02","date_gmt":"2024-08-10T01:28:02","guid":{"rendered":"https:\/\/zinetgold.com\/elmas-sacak-seti\/"},"modified":"2024-09-06T13:19:19","modified_gmt":"2024-09-06T10:19:19","slug":"elmas-sacak-seti","status":"publish","type":"product","link":"https:\/\/zinetgold.com\/tr\/elmas-sacak-seti\/","title":{"rendered":"Elmas Sa\u00e7ak Seti"},"content":{"rendered":"<p><span style=\"font-family: var(--global-body-font-family);\">  Bu zarif p\u0131rlanta set, g\u00f6z kama\u015ft\u0131r\u0131c\u0131 bir sa\u00e7ak efekti yaratan baget kesim p\u0131rlanta dizisine sahiptir.<br \/>\nP\u0131rlantalar 14 ayar beyaz alt\u0131na titizlikle i\u015flenerek narin ve zarif bir zincir olu\u015fturuyor.<br \/>\nKolye ve k\u00fcpe tasar\u0131m\u0131 modern ama zamans\u0131z bir \u00e7ekicilik sunarak m\u00fckemmel bir ifade par\u00e7as\u0131 haline geliyor.  <\/span><\/p>\n","protected":false},"excerpt":{"rendered":"<p><strong>SKU-BKL00011180<\/strong><strong>.18 Karat <\/strong>P\u0131rlanta Kolye<strong> 14 ayar Beyaz Alt\u0131n<\/strong> <strong> <\/strong><strong>2.63 gram <\/strong> a\u011f\u0131rl\u0131\u011f\u0131nda y\u00fcksek kaliteli do\u011fal p\u0131rlantalar<strong> 0.13 Karat<\/strong> P\u0131rlanta <strong>K\u00fcpe<\/strong> <strong>14<\/strong><strong> ayar<\/strong> <strong>Beyaz Alt\u0131n<\/strong><strong> 1.65 gram<\/strong> a\u011f\u0131rl\u0131\u011f\u0131nda y\u00fcksek kaliteli do\u011fal p\u0131rlantalar <strong>Kolye-$<\/strong> 556 <strong>K\u00fcpe-$<\/strong> 437<\/p>\n","protected":false},"featured_media":3466,"comment_status":"open","ping_status":"closed","template":"","meta":{"_kad_blocks_custom_css":"","_kad_blocks_head_custom_js":"","_kad_blocks_body_custom_js":"","_kad_blocks_footer_custom_js":"","_kadence_starter_templates_imported_post":false,"_kad_post_transparent":"","_kad_post_title":"","_kad_post_layout":"","_kad_post_sidebar_id":"","_kad_post_content_style":"","_kad_post_vertical_padding":"","_kad_post_feature":"","_kad_post_feature_position":"","_kad_post_header":false,"_kad_post_footer":false,"_kad_post_classname":""},"product_brand":[],"product_cat":[54],"product_tag":[],"class_list":{"0":"post-3767","1":"product","2":"type-product","3":"status-publish","4":"has-post-thumbnail","6":"product_cat-elmas-setleri","8":"first","9":"instock","10":"sale","11":"shipping-taxable","12":"purchasable","13":"product-type-simple","14":"entry","15":"content-bg","16":"loop-entry"},"taxonomy_info":{"product_cat":[{"value":54,"label":"Elmas Setleri"}]},"featured_image_src_large":["https:\/\/zinetgold.com\/wp-content\/uploads\/2024\/08\/n-BKL0001118-14K-D-0.11-F-G-SI-24-BD-0.18-F-G-SI-14-2.63-gr.-1947-e-BKP0001051-14K-D-0.13-F-G-SI-26-BD-0.13-F-G-SI-14-1.65-gr.-1529-1024x1024.webp",1024,1024,true],"author_info":[],"comment_info":0,"_links":{"self":[{"href":"https:\/\/zinetgold.com\/tr\/wp-json\/wp\/v2\/product\/3767","targetHints":{"allow":["GET"]}}],"collection":[{"href":"https:\/\/zinetgold.com\/tr\/wp-json\/wp\/v2\/product"}],"about":[{"href":"https:\/\/zinetgold.com\/tr\/wp-json\/wp\/v2\/types\/product"}],"replies":[{"embeddable":true,"href":"https:\/\/zinetgold.com\/tr\/wp-json\/wp\/v2\/comments?post=3767"}],"wp:featuredmedia":[{"embeddable":true,"href":"https:\/\/zinetgold.com\/tr\/wp-json\/wp\/v2\/media\/3466"}],"wp:attachment":[{"href":"https:\/\/zinetgold.com\/tr\/wp-json\/wp\/v2\/media?parent=3767"}],"wp:term":[{"taxonomy":"product_brand","embeddable":true,"href":"https:\/\/zinetgold.com\/tr\/wp-json\/wp\/v2\/product_brand?post=3767"},{"taxonomy":"product_cat","embeddable":true,"href":"https:\/\/zinetgold.com\/tr\/wp-json\/wp\/v2\/product_cat?post=3767"},{"taxonomy":"product_tag","embeddable":true,"href":"https:\/\/zinetgold.com\/tr\/wp-json\/wp\/v2\/product_tag?post=3767"}],"curies":[{"name":"wp","href":"https:\/\/api.w.org\/{rel}","templated":true}]}}