{"id":3768,"date":"2024-08-09T14:00:27","date_gmt":"2024-08-09T11:00:27","guid":{"rendered":"https:\/\/zinetgold.com\/floral-diamond-elegance-set\/"},"modified":"2024-09-06T13:19:20","modified_gmt":"2024-09-06T10:19:20","slug":"floral-diamond-elegance-set","status":"publish","type":"product","link":"https:\/\/zinetgold.com\/tr\/floral-diamond-elegance-set\/","title":{"rendered":"Floral Diamond Elegance Set"},"content":{"rendered":"<div class=\"markdown markdown-main-panel\" dir=\"ltr\">\n<p data-sourcepos=\"3:1-3:13\"><span style=\"font-family: var(--global-body-font-family);\">Bu P\u0131rlanta m\u00fccevher seti l\u00fcks ve sofistike bir g\u00f6r\u00fcn\u00fcm sergiliyor.  <\/span><strong style=\"font-family: var(--global-body-font-family);\">Kolye:<\/strong><span style=\"font-family: var(--global-body-font-family);\">  Daha k\u00fc\u00e7\u00fck elmaslardan olu\u015fan bir haleyle \u00e7evrili merkezi, b\u00fcy\u00fck z\u00fcmr\u00fct kesim de\u011ferli ta\u015fa sahip gerdanl\u0131k tarz\u0131 \u00e7arp\u0131c\u0131 bir kolye.<br \/>\nKolyenin band\u0131 14 ayar beyaz alt\u0131ndan \u00fcretilmi\u015f ve karma\u015f\u0131k detaylarla s\u00fcslenmi\u015ftir.   <\/span><strong style=\"font-family: var(--global-body-font-family);\">K\u00fcpeler:<\/strong><span style=\"font-family: var(--global-body-font-family);\">  Kolyeyle uyumlu 14 ayar beyaz alt\u0131n k\u00fcpelerde tek bir z\u00fcmr\u00fct kesim de\u011ferli ta\u015f bulunur.<br \/>\nK\u00fcpeler, modern bir zarafet dokunu\u015fuyla klasik bir damla tasar\u0131m\u0131na sahiptir.   <\/span><strong style=\"font-family: var(--global-body-font-family);\">Bilezikler:<\/strong><span style=\"font-family: var(--global-body-font-family);\"> Sete bir \u00e7ift 14 ayar beyaz alt\u0131n bilezik e\u015flik eder. <\/span> <\/p>\n<p data-sourcepos=\"3:1-3:13\">\n<\/div>\n","protected":false},"excerpt":{"rendered":"<p><strong>SKU-KP00006200<\/strong><strong>,77 Karat <\/strong><strong>P\u0131rlanta<\/strong> Kolye<strong> 14 ayar Beyaz Alt\u0131n<\/strong> <strong> <\/strong><strong>3,08 gram <\/strong> a\u011f\u0131rl\u0131\u011f\u0131nda y\u00fcksek kalite do\u011fal p\u0131rlantal\u0131 1 <strong>,<\/strong><strong> 39<\/strong><strong>Karat<\/strong> <strong>P\u0131rlanta K<\/strong>\u00fcpe<strong> 14<\/strong><strong>ayar<\/strong><strong> Beyaz Alt\u0131n<\/strong><strong> 3,03 gram a\u011f\u0131rl\u0131\u011f\u0131nda y\u00fcksek kalite do\u011fal p\u0131rlantal\u01310<\/strong> <strong>,<\/strong><strong>71 Karat<\/strong> P\u0131rlanta Bileklik<strong> 14<\/strong><strong>ayar<\/strong><strong> Beyaz Alt\u0131n<\/strong> 4 <strong>,20 gram a\u011f\u0131rl\u0131\u011f\u0131nda y\u00fcksek kalite do\u011fal p\u0131rlantal\u0131<\/strong><strong>Kolye-$<\/strong> 585 <strong>K\u00fcpe-$<\/strong> 673 <strong>Bileklik-$<\/strong> 726  &nbsp;<\/p>\n","protected":false},"featured_media":3460,"comment_status":"open","ping_status":"closed","template":"","meta":{"_kad_blocks_custom_css":"","_kad_blocks_head_custom_js":"","_kad_blocks_body_custom_js":"","_kad_blocks_footer_custom_js":"","_kadence_starter_templates_imported_post":false,"_kad_post_transparent":"","_kad_post_title":"","_kad_post_layout":"","_kad_post_sidebar_id":"","_kad_post_content_style":"","_kad_post_vertical_padding":"","_kad_post_feature":"","_kad_post_feature_position":"","_kad_post_header":false,"_kad_post_footer":false,"_kad_post_classname":""},"product_brand":[],"product_cat":[54],"product_tag":[],"class_list":{"0":"post-3768","1":"product","2":"type-product","3":"status-publish","4":"has-post-thumbnail","6":"product_cat-elmas-setleri","8":"first","9":"instock","10":"sale","11":"shipping-taxable","12":"purchasable","13":"product-type-simple","14":"entry","15":"content-bg","16":"loop-entry"},"taxonomy_info":{"product_cat":[{"value":54,"label":"Elmas Setleri"}]},"featured_image_src_large":["https:\/\/zinetgold.com\/wp-content\/uploads\/2024\/08\/e-KP0000620-14K-D-0.36-F-G-SI-46-SF-1.39-8-3.03-gr.-2354-n-KL0000661-14K-D-0.28-F-G-SI-35-SF-0.77-4-3.08-gr.-2046-b-BL0000429-14K-D-0.31-F-G-SI-49-SF-0.71-4-4.20-gr.-2541-1024x1024.webp",1024,1024,true],"author_info":[],"comment_info":0,"_links":{"self":[{"href":"https:\/\/zinetgold.com\/tr\/wp-json\/wp\/v2\/product\/3768","targetHints":{"allow":["GET"]}}],"collection":[{"href":"https:\/\/zinetgold.com\/tr\/wp-json\/wp\/v2\/product"}],"about":[{"href":"https:\/\/zinetgold.com\/tr\/wp-json\/wp\/v2\/types\/product"}],"replies":[{"embeddable":true,"href":"https:\/\/zinetgold.com\/tr\/wp-json\/wp\/v2\/comments?post=3768"}],"wp:featuredmedia":[{"embeddable":true,"href":"https:\/\/zinetgold.com\/tr\/wp-json\/wp\/v2\/media\/3460"}],"wp:attachment":[{"href":"https:\/\/zinetgold.com\/tr\/wp-json\/wp\/v2\/media?parent=3768"}],"wp:term":[{"taxonomy":"product_brand","embeddable":true,"href":"https:\/\/zinetgold.com\/tr\/wp-json\/wp\/v2\/product_brand?post=3768"},{"taxonomy":"product_cat","embeddable":true,"href":"https:\/\/zinetgold.com\/tr\/wp-json\/wp\/v2\/product_cat?post=3768"},{"taxonomy":"product_tag","embeddable":true,"href":"https:\/\/zinetgold.com\/tr\/wp-json\/wp\/v2\/product_tag?post=3768"}],"curies":[{"name":"wp","href":"https:\/\/api.w.org\/{rel}","templated":true}]}}