{"id":3769,"date":"2024-08-10T04:20:06","date_gmt":"2024-08-10T01:20:06","guid":{"rendered":"https:\/\/zinetgold.com\/pirlanta-armut-seklinde-civili-radiant-set\/"},"modified":"2024-09-06T13:19:21","modified_gmt":"2024-09-06T10:19:21","slug":"pirlanta-armut-seklinde-civili-radiant-set","status":"publish","type":"product","link":"https:\/\/zinetgold.com\/tr\/pirlanta-armut-seklinde-civili-radiant-set\/","title":{"rendered":"P\u0131rlanta Armut \u015eeklinde \u00c7ivili Radiant Set"},"content":{"rendered":"<p><span style=\"font-family: var(--global-body-font-family);\">Bu zarif p\u0131rlanta m\u00fccevher seti, armut bi\u00e7imli p\u0131rlantalarla \u00e7evrili b\u00fcy\u00fck ve parlak bir p\u0131rlanta kolye ucuna sahip narin bir kolye i\u00e7erir.<br \/>\nE\u015fle\u015fen k\u00fcpeler de benzer bir tasar\u0131ma sahiptir ve daha k\u00fc\u00e7\u00fck p\u0131rlantalar narin 14 ayar beyaz alt\u0131n\u0131 s\u00fcslemektedir.<br \/>\nSet, sofistike ve kad\u0131ns\u0131 bir cazibe yay\u0131yor.  <\/span><\/p>\n","protected":false},"excerpt":{"rendered":"<p><strong>SKU-BKL00011080<\/strong><strong>.43 Karat <\/strong>P\u0131rlanta Kolye<strong> 14 ayar Beyaz Alt\u0131n<\/strong> <strong> <\/strong><strong>6.84 gram <\/strong> a\u011f\u0131rl\u0131\u011f\u0131nda y\u00fcksek kaliteli do\u011fal p\u0131rlantalar<strong> 0.61 Karat<\/strong> P\u0131rlanta K\u00fcpe <strong>14 ayar Beyaz Alt\u0131n<\/strong><strong> 6.79 gram<\/strong> a\u011f\u0131rl\u0131\u011f\u0131nda y\u00fcksek kaliteli do\u011fal p\u0131rlantalar <strong>Kolye-$<\/strong> 1797 <strong>K\u00fcpeler-$<\/strong> 2272<\/p>\n","protected":false},"featured_media":3465,"comment_status":"open","ping_status":"closed","template":"","meta":{"_kad_blocks_custom_css":"","_kad_blocks_head_custom_js":"","_kad_blocks_body_custom_js":"","_kad_blocks_footer_custom_js":"","_kadence_starter_templates_imported_post":false,"_kad_post_transparent":"","_kad_post_title":"","_kad_post_layout":"","_kad_post_sidebar_id":"","_kad_post_content_style":"","_kad_post_vertical_padding":"","_kad_post_feature":"","_kad_post_feature_position":"","_kad_post_header":false,"_kad_post_footer":false,"_kad_post_classname":""},"product_brand":[],"product_cat":[54],"product_tag":[],"class_list":{"0":"post-3769","1":"product","2":"type-product","3":"status-publish","4":"has-post-thumbnail","6":"product_cat-elmas-setleri","8":"first","9":"instock","10":"sale","11":"shipping-taxable","12":"purchasable","13":"product-type-simple","14":"entry","15":"content-bg","16":"loop-entry"},"taxonomy_info":{"product_cat":[{"value":54,"label":"Elmas Setleri"}]},"featured_image_src_large":["https:\/\/zinetgold.com\/wp-content\/uploads\/2024\/08\/n-BKL0001108-14K-D-0.75-F-G-SI-114-D-0.43-F-G-SI-30-6.84-gr.-6292-e-BKL0001038-14K-D-0.96-F-G-SI-228-BD-0.61-F-G-SI-60-6.79-gr.-7953-1024x1024.webp",1024,1024,true],"author_info":[],"comment_info":0,"_links":{"self":[{"href":"https:\/\/zinetgold.com\/tr\/wp-json\/wp\/v2\/product\/3769","targetHints":{"allow":["GET"]}}],"collection":[{"href":"https:\/\/zinetgold.com\/tr\/wp-json\/wp\/v2\/product"}],"about":[{"href":"https:\/\/zinetgold.com\/tr\/wp-json\/wp\/v2\/types\/product"}],"replies":[{"embeddable":true,"href":"https:\/\/zinetgold.com\/tr\/wp-json\/wp\/v2\/comments?post=3769"}],"wp:featuredmedia":[{"embeddable":true,"href":"https:\/\/zinetgold.com\/tr\/wp-json\/wp\/v2\/media\/3465"}],"wp:attachment":[{"href":"https:\/\/zinetgold.com\/tr\/wp-json\/wp\/v2\/media?parent=3769"}],"wp:term":[{"taxonomy":"product_brand","embeddable":true,"href":"https:\/\/zinetgold.com\/tr\/wp-json\/wp\/v2\/product_brand?post=3769"},{"taxonomy":"product_cat","embeddable":true,"href":"https:\/\/zinetgold.com\/tr\/wp-json\/wp\/v2\/product_cat?post=3769"},{"taxonomy":"product_tag","embeddable":true,"href":"https:\/\/zinetgold.com\/tr\/wp-json\/wp\/v2\/product_tag?post=3769"}],"curies":[{"name":"wp","href":"https:\/\/api.w.org\/{rel}","templated":true}]}}