{"id":3770,"date":"2024-08-08T23:40:11","date_gmt":"2024-08-08T20:40:11","guid":{"rendered":"https:\/\/zinetgold.com\/053-karat-kare-salkim-pirlanta-yuzuk\/"},"modified":"2024-09-06T13:19:22","modified_gmt":"2024-09-06T10:19:22","slug":"053-karat-kare-salkim-pirlanta-yuzuk","status":"publish","type":"product","link":"https:\/\/zinetgold.com\/tr\/053-karat-kare-salkim-pirlanta-yuzuk\/","title":{"rendered":"0,53 Karat Kare Salk\u0131m P\u0131rlanta Y\u00fcz\u00fck"},"content":{"rendered":"<div class=\"markdown markdown-main-panel\" dir=\"ltr\">\n<p data-sourcepos=\"5:1-5:60\">  Bu 14 ayar beyaz alt\u0131n y\u00fcz\u00fck, simetrik bir desende yerle\u015ftirilmi\u015f kare \u015feklinde \u00e7arp\u0131c\u0131 bir baget p\u0131rlanta k\u00fcmesine sahiptir.<br \/>\nBaget p\u0131rlantalar\u0131n uzun \u015fekli modern ve geometrik bir g\u00f6r\u00fcn\u00fcm yarat\u0131yor.<br \/>\nY\u00fcz\u00fc\u011f\u00fcn band\u0131, genel \u0131\u015f\u0131lt\u0131y\u0131 ve parlakl\u0131\u011f\u0131 art\u0131ran daha k\u00fc\u00e7\u00fck p\u0131rlantalarla s\u00fcslenmi\u015ftir.<br \/>\nBu par\u00e7a \u00e7a\u011fda\u015f zarafet ve sofistike bir g\u00f6r\u00fcn\u00fcm sergiler.   <\/p>\n<\/div>\n<p>&nbsp;<\/p>\n","protected":false},"excerpt":{"rendered":"<p><strong>SKU-BYZ00005460<\/strong><strong>.53 Karat<\/strong> P\u0131rlanta Y\u00fcz\u00fck <strong>14 Ayar Beyaz Alt\u0131n<\/strong> <strong> <\/strong><strong>5.32 gram<\/strong> a\u011f\u0131rl\u0131\u011f\u0131nda y\u00fcksek kalite do\u011fal p\u0131rlanta<\/p>\n<p>&nbsp;<\/p>\n<p>&nbsp;<\/p>\n","protected":false},"featured_media":3486,"comment_status":"open","ping_status":"closed","template":"","meta":{"_kad_blocks_custom_css":"","_kad_blocks_head_custom_js":"","_kad_blocks_body_custom_js":"","_kad_blocks_footer_custom_js":"","_kadence_starter_templates_imported_post":false,"_kad_post_transparent":"","_kad_post_title":"","_kad_post_layout":"","_kad_post_sidebar_id":"","_kad_post_content_style":"","_kad_post_vertical_padding":"","_kad_post_feature":"","_kad_post_feature_position":"","_kad_post_header":false,"_kad_post_footer":false,"_kad_post_classname":""},"product_brand":[],"product_cat":[55],"product_tag":[],"class_list":{"0":"post-3770","1":"product","2":"type-product","3":"status-publish","4":"has-post-thumbnail","6":"product_cat-pirlanta-yuzukler","8":"first","9":"instock","10":"sale","11":"shipping-taxable","12":"purchasable","13":"product-type-variable","14":"has-default-attributes","15":"entry","16":"content-bg","17":"loop-entry"},"taxonomy_info":{"product_cat":[{"value":55,"label":"P\u0131rlanta Y\u00fcz\u00fckler"}]},"featured_image_src_large":["https:\/\/zinetgold.com\/wp-content\/uploads\/2024\/08\/R-MYZ0000003-14K-D-0.08-F-G-SI-10-TPZ-0.68-1-1.71gr-1034-N-MKL0000006-14K-D-0.11-F-G-SI-13-TPZ-0.65-1-2.22gr-1320-T-MKP0000005-14K-D-0.21-F-G-SI-20-TPZ-1.44-2-1.94gr-1595-1-1024x1024.webp",1024,1024,true],"author_info":[],"comment_info":0,"_links":{"self":[{"href":"https:\/\/zinetgold.com\/tr\/wp-json\/wp\/v2\/product\/3770","targetHints":{"allow":["GET"]}}],"collection":[{"href":"https:\/\/zinetgold.com\/tr\/wp-json\/wp\/v2\/product"}],"about":[{"href":"https:\/\/zinetgold.com\/tr\/wp-json\/wp\/v2\/types\/product"}],"replies":[{"embeddable":true,"href":"https:\/\/zinetgold.com\/tr\/wp-json\/wp\/v2\/comments?post=3770"}],"wp:featuredmedia":[{"embeddable":true,"href":"https:\/\/zinetgold.com\/tr\/wp-json\/wp\/v2\/media\/3486"}],"wp:attachment":[{"href":"https:\/\/zinetgold.com\/tr\/wp-json\/wp\/v2\/media?parent=3770"}],"wp:term":[{"taxonomy":"product_brand","embeddable":true,"href":"https:\/\/zinetgold.com\/tr\/wp-json\/wp\/v2\/product_brand?post=3770"},{"taxonomy":"product_cat","embeddable":true,"href":"https:\/\/zinetgold.com\/tr\/wp-json\/wp\/v2\/product_cat?post=3770"},{"taxonomy":"product_tag","embeddable":true,"href":"https:\/\/zinetgold.com\/tr\/wp-json\/wp\/v2\/product_tag?post=3770"}],"curies":[{"name":"wp","href":"https:\/\/api.w.org\/{rel}","templated":true}]}}