{"id":3776,"date":"2024-08-08T23:20:27","date_gmt":"2024-08-08T20:20:27","guid":{"rendered":"https:\/\/zinetgold.com\/020-karat-pirlanta-radyant-salkim-yuzuk\/"},"modified":"2024-09-24T06:09:12","modified_gmt":"2024-09-24T03:09:12","slug":"020-karat-pirlanta-radyant-salkim-yuzuk","status":"publish","type":"product","link":"https:\/\/zinetgold.com\/tr\/020-karat-pirlanta-radyant-salkim-yuzuk\/","title":{"rendered":"0,20 Karat P\u0131rlanta Radyant Salk\u0131m Y\u00fcz\u00fck"},"content":{"rendered":"<div class=\"markdown markdown-main-panel\" dir=\"ltr\">\n<p data-sourcepos=\"3:1-3:86\">  Bu zarif 14 ayar beyaz alt\u0131n y\u00fcz\u00fc\u011f\u00fcn merkezinde dairesel desenli baget kesim p\u0131rlanta k\u00fcmesi yer al\u0131yor.<br \/>\nK\u00fcme, parlakl\u0131\u011f\u0131n\u0131 art\u0131ran daha k\u00fc\u00e7\u00fck yuvarlak kesim p\u0131rlantalardan olu\u015fan bir hale ile \u00e7evrelenmi\u015ftir.<br \/>\nY\u00fcz\u00fc\u011f\u00fcn band\u0131 ek p\u0131rlantalarla s\u00fcslenerek g\u00f6z kama\u015ft\u0131r\u0131c\u0131 ve l\u00fcks bir g\u00f6r\u00fcn\u00fcm yarat\u0131yor.<br \/>\nBaget ve yuvarlak p\u0131rlantalar\u0131n kombinasyonu \u00e7arp\u0131c\u0131 ve sofistike bir m\u00fccevher par\u00e7as\u0131 ortaya \u00e7\u0131kar\u0131yor.   <\/p>\n<\/div>\n<p>&nbsp;<\/p>\n","protected":false},"excerpt":{"rendered":"<p><strong>BYZ0000470<\/strong> 0,20 Karat P\u0131rlanta Y\u00fcz\u00fck <strong>14 Ayar Beyaz Alt\u0131n<\/strong> <strong> <\/strong><strong>3,87 gram<\/strong> a\u011f\u0131rl\u0131\u011f\u0131nda y\u00fcksek kalite do\u011fal p\u0131rlanta<\/p>\n<p>&nbsp;<\/p>\n<p>&nbsp;<\/p>\n","protected":false},"featured_media":3457,"comment_status":"open","ping_status":"closed","template":"","meta":{"_kad_blocks_custom_css":"","_kad_blocks_head_custom_js":"","_kad_blocks_body_custom_js":"","_kad_blocks_footer_custom_js":"","_kadence_starter_templates_imported_post":false,"_kad_post_transparent":"","_kad_post_title":"","_kad_post_layout":"","_kad_post_sidebar_id":"","_kad_post_content_style":"","_kad_post_vertical_padding":"","_kad_post_feature":"","_kad_post_feature_position":"","_kad_post_header":false,"_kad_post_footer":false,"_kad_post_classname":""},"product_brand":[],"product_cat":[55],"product_tag":[],"class_list":{"0":"post-3776","1":"product","2":"type-product","3":"status-publish","4":"has-post-thumbnail","6":"product_cat-pirlanta-yuzukler","8":"first","9":"instock","10":"sale","11":"shipping-taxable","12":"purchasable","13":"product-type-variable","14":"has-default-attributes","15":"entry","16":"content-bg","17":"loop-entry"},"taxonomy_info":{"product_cat":[{"value":55,"label":"P\u0131rlanta Y\u00fcz\u00fckler"}]},"featured_image_src_large":["https:\/\/zinetgold.com\/wp-content\/uploads\/2024\/08\/webBYZ0000470-14K-D-0.61-F-G-SI-70-BD-0.20-F-G-VS-SI-11-3.87-gr.-3982-1024x1024.webp",1024,1024,true],"author_info":[],"comment_info":0,"_links":{"self":[{"href":"https:\/\/zinetgold.com\/tr\/wp-json\/wp\/v2\/product\/3776","targetHints":{"allow":["GET"]}}],"collection":[{"href":"https:\/\/zinetgold.com\/tr\/wp-json\/wp\/v2\/product"}],"about":[{"href":"https:\/\/zinetgold.com\/tr\/wp-json\/wp\/v2\/types\/product"}],"replies":[{"embeddable":true,"href":"https:\/\/zinetgold.com\/tr\/wp-json\/wp\/v2\/comments?post=3776"}],"wp:featuredmedia":[{"embeddable":true,"href":"https:\/\/zinetgold.com\/tr\/wp-json\/wp\/v2\/media\/3457"}],"wp:attachment":[{"href":"https:\/\/zinetgold.com\/tr\/wp-json\/wp\/v2\/media?parent=3776"}],"wp:term":[{"taxonomy":"product_brand","embeddable":true,"href":"https:\/\/zinetgold.com\/tr\/wp-json\/wp\/v2\/product_brand?post=3776"},{"taxonomy":"product_cat","embeddable":true,"href":"https:\/\/zinetgold.com\/tr\/wp-json\/wp\/v2\/product_cat?post=3776"},{"taxonomy":"product_tag","embeddable":true,"href":"https:\/\/zinetgold.com\/tr\/wp-json\/wp\/v2\/product_tag?post=3776"}],"curies":[{"name":"wp","href":"https:\/\/api.w.org\/{rel}","templated":true}]}}