{"id":3781,"date":"2024-08-08T22:39:10","date_gmt":"2024-08-08T19:39:10","guid":{"rendered":"https:\/\/zinetgold.com\/030-karat-pirlanta-yuzuk\/"},"modified":"2024-09-06T13:19:34","modified_gmt":"2024-09-06T10:19:34","slug":"030-karat-pirlanta-yuzuk","status":"publish","type":"product","link":"https:\/\/zinetgold.com\/tr\/030-karat-pirlanta-yuzuk\/","title":{"rendered":"0,30 Karat P\u0131rlanta Y\u00fcz\u00fck"},"content":{"rendered":"<div class=\"markdown markdown-main-panel\" dir=\"ltr\">\n<p data-sourcepos=\"3:1-3:90\">  Bu \u00e7arp\u0131c\u0131 14 ayar beyaz alt\u0131n y\u00fcz\u00fck, baget kesim p\u0131rlantalar\u0131n b\u00fcy\u00fcleyici bir d\u00fczenlemesiyle s\u00fcslenmi\u015f dairesel disk \u015feklinde bir ayara sahiptir.<br \/>\nP\u0131rlantalar titizlikle yay\u0131lan bir desende yerle\u015ftirilerek g\u00f6z kama\u015ft\u0131r\u0131c\u0131 ve modern bir g\u00f6r\u00fcn\u00fcm yarat\u0131lm\u0131\u015ft\u0131r.<br \/>\nY\u00fcz\u00fc\u011f\u00fcn band\u0131 \u015f\u0131k ve minimalisttir ve oda\u011f\u0131n \u00e7arp\u0131c\u0131 diskte kalmas\u0131n\u0131 sa\u011flar.<br \/>\nBu par\u00e7a \u00e7a\u011fda\u015f zarafet ve sofistike bir g\u00f6r\u00fcn\u00fcm sergiliyor.   <\/p>\n<\/div>\n<p>&nbsp;<\/p>\n","protected":false},"excerpt":{"rendered":"<p><strong>SKU-BYZ0001114<\/strong><\/p>\n","protected":false},"featured_media":3451,"comment_status":"open","ping_status":"closed","template":"","meta":{"_kad_blocks_custom_css":"","_kad_blocks_head_custom_js":"","_kad_blocks_body_custom_js":"","_kad_blocks_footer_custom_js":"","_kadence_starter_templates_imported_post":false,"_kad_post_transparent":"","_kad_post_title":"","_kad_post_layout":"","_kad_post_sidebar_id":"","_kad_post_content_style":"","_kad_post_vertical_padding":"","_kad_post_feature":"","_kad_post_feature_position":"","_kad_post_header":false,"_kad_post_footer":false,"_kad_post_classname":""},"product_brand":[],"product_cat":[55],"product_tag":[],"class_list":{"0":"post-3781","1":"product","2":"type-product","3":"status-publish","4":"has-post-thumbnail","6":"product_cat-pirlanta-yuzukler","8":"first","9":"instock","10":"sale","11":"shipping-taxable","12":"purchasable","13":"product-type-variable","14":"entry","15":"content-bg","16":"loop-entry"},"taxonomy_info":{"product_cat":[{"value":55,"label":"P\u0131rlanta Y\u00fcz\u00fckler"}]},"featured_image_src_large":["https:\/\/zinetgold.com\/wp-content\/uploads\/2024\/08\/BYZ0001114-14K-BD-0.53-F-G-SI-22-D-0.30-F-G-SI-65-4.00-gr.-4070-1024x1024.webp",1024,1024,true],"author_info":[],"comment_info":0,"_links":{"self":[{"href":"https:\/\/zinetgold.com\/tr\/wp-json\/wp\/v2\/product\/3781","targetHints":{"allow":["GET"]}}],"collection":[{"href":"https:\/\/zinetgold.com\/tr\/wp-json\/wp\/v2\/product"}],"about":[{"href":"https:\/\/zinetgold.com\/tr\/wp-json\/wp\/v2\/types\/product"}],"replies":[{"embeddable":true,"href":"https:\/\/zinetgold.com\/tr\/wp-json\/wp\/v2\/comments?post=3781"}],"wp:featuredmedia":[{"embeddable":true,"href":"https:\/\/zinetgold.com\/tr\/wp-json\/wp\/v2\/media\/3451"}],"wp:attachment":[{"href":"https:\/\/zinetgold.com\/tr\/wp-json\/wp\/v2\/media?parent=3781"}],"wp:term":[{"taxonomy":"product_brand","embeddable":true,"href":"https:\/\/zinetgold.com\/tr\/wp-json\/wp\/v2\/product_brand?post=3781"},{"taxonomy":"product_cat","embeddable":true,"href":"https:\/\/zinetgold.com\/tr\/wp-json\/wp\/v2\/product_cat?post=3781"},{"taxonomy":"product_tag","embeddable":true,"href":"https:\/\/zinetgold.com\/tr\/wp-json\/wp\/v2\/product_tag?post=3781"}],"curies":[{"name":"wp","href":"https:\/\/api.w.org\/{rel}","templated":true}]}}