{"id":3785,"date":"2024-08-08T23:08:07","date_gmt":"2024-08-08T20:08:07","guid":{"rendered":"https:\/\/zinetgold.com\/110-karat-pirlanta-parlak-yildiz-patlamasi-yuzuk\/"},"modified":"2024-09-06T13:19:36","modified_gmt":"2024-09-06T10:19:36","slug":"110-karat-pirlanta-parlak-yildiz-patlamasi-yuzuk","status":"publish","type":"product","link":"https:\/\/zinetgold.com\/tr\/110-karat-pirlanta-parlak-yildiz-patlamasi-yuzuk\/","title":{"rendered":"1,10 Karat P\u0131rlanta Parlak Y\u0131ld\u0131z Patlamas\u0131 Y\u00fcz\u00fck"},"content":{"rendered":"<div class=\"markdown markdown-main-panel\" dir=\"ltr\">\n<p data-sourcepos=\"3:1-3:72\">Bu \u00e7arp\u0131c\u0131 14 ayar beyaz alt\u0131n y\u00fcz\u00fck, \u0131\u015f\u0131lt\u0131l\u0131 bir y\u0131ld\u0131z patlamas\u0131 tasar\u0131m\u0131na sahiptir.<br \/>\nMerkezi kare kesim p\u0131rlanta, y\u0131ld\u0131z benzeri bir desenle d\u0131\u015fa do\u011fru yay\u0131lan \u00e7ok say\u0131da baget kesim p\u0131rlanta ile \u00e7evrelenmi\u015ftir.<br \/>\nY\u00fcz\u00fc\u011f\u00fcn band\u0131 \u015f\u0131k ve moderndir ve oda\u011f\u0131n b\u00fcy\u00fcleyici merkezde kalmas\u0131n\u0131 sa\u011flar.<br \/>\nGenel etki parlakl\u0131\u011f\u0131 ve zarafeti yans\u0131t\u0131yor.   <\/p>\n<\/div>\n<p>&nbsp;<\/p>\n","protected":false},"excerpt":{"rendered":"<p><strong>SKU-BYZ00002601<\/strong><strong>.10 Karat<\/strong> P\u0131rlanta Y\u00fcz\u00fck <strong>14 Ayar Beyaz Alt\u0131n<\/strong> <strong> <\/strong><strong>5.97<\/strong> <strong> gram<\/strong> a\u011f\u0131rl\u0131\u011f\u0131nda y\u00fcksek kalite do\u011fal p\u0131rlanta<\/p>\n<p>&nbsp;<\/p>\n<p>&nbsp;<\/p>\n","protected":false},"featured_media":3455,"comment_status":"open","ping_status":"closed","template":"","meta":{"_kad_blocks_custom_css":"","_kad_blocks_head_custom_js":"","_kad_blocks_body_custom_js":"","_kad_blocks_footer_custom_js":"","_kadence_starter_templates_imported_post":false,"_kad_post_transparent":"","_kad_post_title":"","_kad_post_layout":"","_kad_post_sidebar_id":"","_kad_post_content_style":"","_kad_post_vertical_padding":"","_kad_post_feature":"","_kad_post_feature_position":"","_kad_post_header":false,"_kad_post_footer":false,"_kad_post_classname":""},"product_brand":[],"product_cat":[55],"product_tag":[],"class_list":{"0":"post-3785","1":"product","2":"type-product","3":"status-publish","4":"has-post-thumbnail","6":"product_cat-pirlanta-yuzukler","8":"first","9":"instock","10":"sale","11":"shipping-taxable","12":"purchasable","13":"product-type-variable","14":"has-default-attributes","15":"entry","16":"content-bg","17":"loop-entry"},"taxonomy_info":{"product_cat":[{"value":55,"label":"P\u0131rlanta Y\u00fcz\u00fckler"}]},"featured_image_src_large":["https:\/\/zinetgold.com\/wp-content\/uploads\/2024\/08\/webBYZ0000260-14K-D-0.08-F-G-SI-6-BD-1.10-F-G-VS-SI-19-5.97-gr.-7579-1024x1024.webp",1024,1024,true],"author_info":[],"comment_info":0,"_links":{"self":[{"href":"https:\/\/zinetgold.com\/tr\/wp-json\/wp\/v2\/product\/3785","targetHints":{"allow":["GET"]}}],"collection":[{"href":"https:\/\/zinetgold.com\/tr\/wp-json\/wp\/v2\/product"}],"about":[{"href":"https:\/\/zinetgold.com\/tr\/wp-json\/wp\/v2\/types\/product"}],"replies":[{"embeddable":true,"href":"https:\/\/zinetgold.com\/tr\/wp-json\/wp\/v2\/comments?post=3785"}],"wp:featuredmedia":[{"embeddable":true,"href":"https:\/\/zinetgold.com\/tr\/wp-json\/wp\/v2\/media\/3455"}],"wp:attachment":[{"href":"https:\/\/zinetgold.com\/tr\/wp-json\/wp\/v2\/media?parent=3785"}],"wp:term":[{"taxonomy":"product_brand","embeddable":true,"href":"https:\/\/zinetgold.com\/tr\/wp-json\/wp\/v2\/product_brand?post=3785"},{"taxonomy":"product_cat","embeddable":true,"href":"https:\/\/zinetgold.com\/tr\/wp-json\/wp\/v2\/product_cat?post=3785"},{"taxonomy":"product_tag","embeddable":true,"href":"https:\/\/zinetgold.com\/tr\/wp-json\/wp\/v2\/product_tag?post=3785"}],"curies":[{"name":"wp","href":"https:\/\/api.w.org\/{rel}","templated":true}]}}