{"id":3789,"date":"2024-08-08T23:00:22","date_gmt":"2024-08-08T20:00:22","guid":{"rendered":"https:\/\/zinetgold.com\/030-karat-pirlanta-kanavice-baget-yuzuk\/"},"modified":"2024-09-06T13:19:38","modified_gmt":"2024-09-06T10:19:38","slug":"030-karat-pirlanta-kanavice-baget-yuzuk","status":"publish","type":"product","link":"https:\/\/zinetgold.com\/tr\/030-karat-pirlanta-kanavice-baget-yuzuk\/","title":{"rendered":"0,30 Karat P\u0131rlanta Kanavi\u00e7e Baget Y\u00fcz\u00fck"},"content":{"rendered":"<div class=\"markdown markdown-main-panel\" dir=\"ltr\">\n<div class=\"markdown markdown-main-panel\" dir=\"ltr\">\n<p data-sourcepos=\"3:1-3:81\">14 ayar beyaz alt\u0131ndan yap\u0131lm\u0131\u015f bu modern y\u00fcz\u00fck, \u00e7apraz desenli baget kesim p\u0131rlantalarla \u00e7arp\u0131c\u0131 bir tasar\u0131ma sahiptir.<br \/>\nP\u0131rlantalar\u0131n kesi\u015fen \u00e7izgileri cesur ve dinamik bir g\u00f6r\u00fcn\u00fcm yarat\u0131r.<br \/>\nY\u00fcz\u00fc\u011f\u00fcn band\u0131, karma\u015f\u0131k tasar\u0131m\u0131 tamamlayan \u015f\u0131k ve modern bir tasar\u0131ma sahiptir.  <\/p>\n<\/div>\n<\/div>\n<p>&nbsp;<\/p>\n","protected":false},"excerpt":{"rendered":"<p><strong>SKU-BYZ00000190<\/strong><strong>.30 Karat<\/strong> P\u0131rlanta Y\u00fcz\u00fck <strong>14 Ayar Beyaz Alt\u0131n<\/strong>  <strong> <\/strong>y\u00fcksek kaliteli <strong>6.34 gram<\/strong> a\u011f\u0131rl\u0131\u011f\u0131nda do\u011fal p\u0131rlanta&nbsp; BYZ0000019-14K D 1.00 G SI 34 BD 0 <strong>.<\/strong>30 G SI 6 6 <strong>.<\/strong>34 gr.<br \/>\n6248 <\/p>\n","protected":false},"featured_media":3454,"comment_status":"open","ping_status":"closed","template":"","meta":{"_kad_blocks_custom_css":"","_kad_blocks_head_custom_js":"","_kad_blocks_body_custom_js":"","_kad_blocks_footer_custom_js":"","_kadence_starter_templates_imported_post":false,"_kad_post_transparent":"","_kad_post_title":"","_kad_post_layout":"","_kad_post_sidebar_id":"","_kad_post_content_style":"","_kad_post_vertical_padding":"","_kad_post_feature":"","_kad_post_feature_position":"","_kad_post_header":false,"_kad_post_footer":false,"_kad_post_classname":""},"product_brand":[],"product_cat":[55],"product_tag":[],"class_list":{"0":"post-3789","1":"product","2":"type-product","3":"status-publish","4":"has-post-thumbnail","6":"product_cat-pirlanta-yuzukler","8":"first","9":"instock","10":"sale","11":"shipping-taxable","12":"purchasable","13":"product-type-variable","14":"has-default-attributes","15":"entry","16":"content-bg","17":"loop-entry"},"taxonomy_info":{"product_cat":[{"value":55,"label":"P\u0131rlanta Y\u00fcz\u00fckler"}]},"featured_image_src_large":["https:\/\/zinetgold.com\/wp-content\/uploads\/2024\/08\/webBYZ0000019-14K-D-1.00-G-SI-34-BD-0.30-G-SI-6-6.34-gr.-6248-1024x1024.webp",1024,1024,true],"author_info":[],"comment_info":0,"_links":{"self":[{"href":"https:\/\/zinetgold.com\/tr\/wp-json\/wp\/v2\/product\/3789","targetHints":{"allow":["GET"]}}],"collection":[{"href":"https:\/\/zinetgold.com\/tr\/wp-json\/wp\/v2\/product"}],"about":[{"href":"https:\/\/zinetgold.com\/tr\/wp-json\/wp\/v2\/types\/product"}],"replies":[{"embeddable":true,"href":"https:\/\/zinetgold.com\/tr\/wp-json\/wp\/v2\/comments?post=3789"}],"wp:featuredmedia":[{"embeddable":true,"href":"https:\/\/zinetgold.com\/tr\/wp-json\/wp\/v2\/media\/3454"}],"wp:attachment":[{"href":"https:\/\/zinetgold.com\/tr\/wp-json\/wp\/v2\/media?parent=3789"}],"wp:term":[{"taxonomy":"product_brand","embeddable":true,"href":"https:\/\/zinetgold.com\/tr\/wp-json\/wp\/v2\/product_brand?post=3789"},{"taxonomy":"product_cat","embeddable":true,"href":"https:\/\/zinetgold.com\/tr\/wp-json\/wp\/v2\/product_cat?post=3789"},{"taxonomy":"product_tag","embeddable":true,"href":"https:\/\/zinetgold.com\/tr\/wp-json\/wp\/v2\/product_tag?post=3789"}],"curies":[{"name":"wp","href":"https:\/\/api.w.org\/{rel}","templated":true}]}}