{"id":3793,"date":"2024-08-08T18:55:11","date_gmt":"2024-08-08T15:55:11","guid":{"rendered":"https:\/\/zinetgold.com\/1-05-pirlanta-radyant-yuzuk\/"},"modified":"2024-09-06T13:19:45","modified_gmt":"2024-09-06T10:19:45","slug":"1-05-pirlanta-radyant-yuzuk","status":"publish","type":"product","link":"https:\/\/zinetgold.com\/tr\/1-05-pirlanta-radyant-yuzuk\/","title":{"rendered":"1.05 P\u0131rlanta Radyant Y\u00fcz\u00fck"},"content":{"rendered":"<div class=\"markdown markdown-main-panel\" dir=\"ltr\">\n<p class=\"first-token\" data-sourcepos=\"1:1-1:11\">Bu 14 ayar beyaz alt\u0131n y\u00fcz\u00fck, merkezi baget kesim p\u0131rlanta k\u00fcmesi ile \u00e7arp\u0131c\u0131 bir g\u00fcne\u015f patlamas\u0131 tasar\u0131m\u0131na sahiptir.<br \/>\nBu merkezi k\u00fcmeyi \u00e7evreleyen \u00e7ok say\u0131da k\u00fc\u00e7\u00fck yuvarlak kesim p\u0131rlanta g\u00f6z kama\u015ft\u0131r\u0131c\u0131 bir hale etkisi yarat\u0131yor.<br \/>\nY\u00fcz\u00fc\u011f\u00fcn band\u0131 ince ve narindir ve oda\u011f\u0131n b\u00fcy\u00fcleyici y\u0131ld\u0131z patlamas\u0131 tasar\u0131m\u0131nda kalmas\u0131n\u0131 sa\u011flar.<br \/>\nGenel estetik g\u00f6z al\u0131c\u0131 ve dikkat \u00e7ekicidir.   <\/p>\n<\/div>\n<p>&nbsp;<\/p>\n","protected":false},"excerpt":{"rendered":"<p><strong>SKU-BYZ00010521<\/strong><strong>.05 Karat<\/strong> P\u0131rlanta Y\u00fcz\u00fck <strong>14 Ayar Beyaz Alt\u0131n<\/strong> <strong> <\/strong><strong>7.00 gram<\/strong> a\u011f\u0131rl\u0131\u011f\u0131nda y\u00fcksek kalite do\u011fal p\u0131rlanta<\/p>\n<p>&nbsp;<\/p>\n","protected":false},"featured_media":3443,"comment_status":"open","ping_status":"closed","template":"","meta":{"_kad_blocks_custom_css":"","_kad_blocks_head_custom_js":"","_kad_blocks_body_custom_js":"","_kad_blocks_footer_custom_js":"","_kadence_starter_templates_imported_post":false,"_kad_post_transparent":"","_kad_post_title":"","_kad_post_layout":"","_kad_post_sidebar_id":"","_kad_post_content_style":"","_kad_post_vertical_padding":"","_kad_post_feature":"","_kad_post_feature_position":"","_kad_post_header":false,"_kad_post_footer":false,"_kad_post_classname":""},"product_brand":[],"product_cat":[55],"product_tag":[],"class_list":{"0":"post-3793","1":"product","2":"type-product","3":"status-publish","4":"has-post-thumbnail","6":"product_cat-pirlanta-yuzukler","8":"first","9":"instock","10":"sale","11":"shipping-taxable","12":"purchasable","13":"product-type-variable","14":"has-default-attributes","15":"entry","16":"content-bg","17":"loop-entry"},"taxonomy_info":{"product_cat":[{"value":55,"label":"P\u0131rlanta Y\u00fcz\u00fckler"}]},"featured_image_src_large":["https:\/\/zinetgold.com\/wp-content\/uploads\/2024\/08\/BYZ0001052-14K-BD-0.25-F-G-SI-D-1.05-F-G-SI-7.00-gr.-6215-1024x1024.webp",1024,1024,true],"author_info":[],"comment_info":0,"_links":{"self":[{"href":"https:\/\/zinetgold.com\/tr\/wp-json\/wp\/v2\/product\/3793","targetHints":{"allow":["GET"]}}],"collection":[{"href":"https:\/\/zinetgold.com\/tr\/wp-json\/wp\/v2\/product"}],"about":[{"href":"https:\/\/zinetgold.com\/tr\/wp-json\/wp\/v2\/types\/product"}],"replies":[{"embeddable":true,"href":"https:\/\/zinetgold.com\/tr\/wp-json\/wp\/v2\/comments?post=3793"}],"wp:featuredmedia":[{"embeddable":true,"href":"https:\/\/zinetgold.com\/tr\/wp-json\/wp\/v2\/media\/3443"}],"wp:attachment":[{"href":"https:\/\/zinetgold.com\/tr\/wp-json\/wp\/v2\/media?parent=3793"}],"wp:term":[{"taxonomy":"product_brand","embeddable":true,"href":"https:\/\/zinetgold.com\/tr\/wp-json\/wp\/v2\/product_brand?post=3793"},{"taxonomy":"product_cat","embeddable":true,"href":"https:\/\/zinetgold.com\/tr\/wp-json\/wp\/v2\/product_cat?post=3793"},{"taxonomy":"product_tag","embeddable":true,"href":"https:\/\/zinetgold.com\/tr\/wp-json\/wp\/v2\/product_tag?post=3793"}],"curies":[{"name":"wp","href":"https:\/\/api.w.org\/{rel}","templated":true}]}}