{"id":3796,"date":"2024-08-08T19:58:03","date_gmt":"2024-08-08T16:58:03","guid":{"rendered":"https:\/\/zinetgold.com\/023-karat-pirlanta-sekizgen-yuzuk\/"},"modified":"2024-09-06T13:19:46","modified_gmt":"2024-09-06T10:19:46","slug":"023-karat-pirlanta-sekizgen-yuzuk","status":"publish","type":"product","link":"https:\/\/zinetgold.com\/tr\/023-karat-pirlanta-sekizgen-yuzuk\/","title":{"rendered":"0,23 Karat P\u0131rlanta Sekizgen Y\u00fcz\u00fck"},"content":{"rendered":"<div class=\"markdown markdown-main-panel\" dir=\"ltr\">\n<p data-sourcepos=\"3:1-3:71\">  Bu zarif 14 ayar beyaz alt\u0131n y\u00fcz\u00fck, baget kesim p\u0131rlantalardan olu\u015fan sekizgen bir hale i\u00e7ine yerle\u015ftirilmi\u015f merkezi yuvarlak kesim bir p\u0131rlantaya sahiptir.<br \/>\nBaget p\u0131rlantalar simetrik bir d\u00fczende dizilerek \u0131\u015f\u0131lt\u0131l\u0131 ve geometrik bir tasar\u0131m olu\u015fturuyor.<br \/>\nY\u00fcz\u00fc\u011f\u00fcn band\u0131, genel parlakl\u0131\u011f\u0131na katk\u0131da bulunan ek k\u00fc\u00e7\u00fck p\u0131rlantalarla s\u00fcslenmi\u015ftir.<br \/>\nYuvarlak ve baget p\u0131rlantalar\u0131n kombinasyonu modern ve sofistike bir g\u00f6r\u00fcn\u00fcm yarat\u0131r.   <\/p>\n<\/div>\n<p>&nbsp;<\/p>\n","protected":false},"excerpt":{"rendered":"<p><strong>SKU-BYZ00010980<\/strong><strong>.23 Karat<\/strong> P\u0131rlanta Y\u00fcz\u00fck <strong>14 Ayar Beyaz Alt\u0131n<\/strong> <strong> <\/strong><strong>5.82 gram<\/strong> a\u011f\u0131rl\u0131\u011f\u0131nda y\u00fcksek kalite do\u011fal p\u0131rlanta<\/p>\n<p>&nbsp;<\/p>\n","protected":false},"featured_media":3447,"comment_status":"open","ping_status":"closed","template":"","meta":{"_kad_blocks_custom_css":"","_kad_blocks_head_custom_js":"","_kad_blocks_body_custom_js":"","_kad_blocks_footer_custom_js":"","_kadence_starter_templates_imported_post":false,"_kad_post_transparent":"","_kad_post_title":"","_kad_post_layout":"","_kad_post_sidebar_id":"","_kad_post_content_style":"","_kad_post_vertical_padding":"","_kad_post_feature":"","_kad_post_feature_position":"","_kad_post_header":false,"_kad_post_footer":false,"_kad_post_classname":""},"product_brand":[],"product_cat":[55],"product_tag":[],"class_list":{"0":"post-3796","1":"product","2":"type-product","3":"status-publish","4":"has-post-thumbnail","6":"product_cat-pirlanta-yuzukler","8":"first","9":"instock","10":"sale","11":"shipping-taxable","12":"purchasable","13":"product-type-variable","14":"has-default-attributes","15":"entry","16":"content-bg","17":"loop-entry"},"taxonomy_info":{"product_cat":[{"value":55,"label":"P\u0131rlanta Y\u00fcz\u00fckler"}]},"featured_image_src_large":["https:\/\/zinetgold.com\/wp-content\/uploads\/2024\/08\/BYZ0001098-14K-BD_0.45-F-G-SI-16-D1_0.39-F-G-SI-1-D2_0.23-D-E-SI-28-5.82-gr.-7898-1024x1024.webp",1024,1024,true],"author_info":[],"comment_info":0,"_links":{"self":[{"href":"https:\/\/zinetgold.com\/tr\/wp-json\/wp\/v2\/product\/3796","targetHints":{"allow":["GET"]}}],"collection":[{"href":"https:\/\/zinetgold.com\/tr\/wp-json\/wp\/v2\/product"}],"about":[{"href":"https:\/\/zinetgold.com\/tr\/wp-json\/wp\/v2\/types\/product"}],"replies":[{"embeddable":true,"href":"https:\/\/zinetgold.com\/tr\/wp-json\/wp\/v2\/comments?post=3796"}],"wp:featuredmedia":[{"embeddable":true,"href":"https:\/\/zinetgold.com\/tr\/wp-json\/wp\/v2\/media\/3447"}],"wp:attachment":[{"href":"https:\/\/zinetgold.com\/tr\/wp-json\/wp\/v2\/media?parent=3796"}],"wp:term":[{"taxonomy":"product_brand","embeddable":true,"href":"https:\/\/zinetgold.com\/tr\/wp-json\/wp\/v2\/product_brand?post=3796"},{"taxonomy":"product_cat","embeddable":true,"href":"https:\/\/zinetgold.com\/tr\/wp-json\/wp\/v2\/product_cat?post=3796"},{"taxonomy":"product_tag","embeddable":true,"href":"https:\/\/zinetgold.com\/tr\/wp-json\/wp\/v2\/product_tag?post=3796"}],"curies":[{"name":"wp","href":"https:\/\/api.w.org\/{rel}","templated":true}]}}