{"id":3797,"date":"2024-08-08T18:46:23","date_gmt":"2024-08-08T15:46:23","guid":{"rendered":"https:\/\/zinetgold.com\/056-karat-pirlanta-sunburst-yuzuk\/"},"modified":"2024-09-06T13:19:47","modified_gmt":"2024-09-06T10:19:47","slug":"056-karat-pirlanta-sunburst-yuzuk","status":"publish","type":"product","link":"https:\/\/zinetgold.com\/tr\/056-karat-pirlanta-sunburst-yuzuk\/","title":{"rendered":"0,56 Karat P\u0131rlanta Sunburst Y\u00fcz\u00fck"},"content":{"rendered":"<div class=\"markdown markdown-main-panel\" dir=\"ltr\">\n<p class=\"first-token\" data-sourcepos=\"1:1-1:31\">Bu 14 ayar beyaz alt\u0131n y\u00fcz\u00fck, daha k\u00fc\u00e7\u00fck p\u0131rlantalardan olu\u015fan \u0131\u015f\u0131lt\u0131l\u0131 bir k\u00fcme ile \u00e7evrili merkezi oval \u015fekilli bir p\u0131rlanta ile \u00e7arp\u0131c\u0131 bir g\u00fcne\u015f patlamas\u0131 tasar\u0131m\u0131na sahiptir.<br \/>\nMerkezdeki baget kesim p\u0131rlantalar zarafet katarken, yuvarlak kesim p\u0131rlantalar g\u00f6z kama\u015ft\u0131r\u0131c\u0131 bir hale etkisi yarat\u0131yor.<br \/>\nY\u00fcz\u00fc\u011f\u00fcn band\u0131 ince ve narindir, bu da oda\u011f\u0131n b\u00fcy\u00fcleyici sunburst tasar\u0131m\u0131nda kalmas\u0131n\u0131 sa\u011flar.  <\/p>\n<\/div>\n<p>&nbsp;<\/p>\n","protected":false},"excerpt":{"rendered":"<p><strong>SKU-BYZ00009990<\/strong><strong>.56 Karat<\/strong> P\u0131rlanta Y\u00fcz\u00fck <strong>14 Ayar Beyaz Alt\u0131n<\/strong> <strong> <\/strong><strong>4.68 gram<\/strong> a\u011f\u0131rl\u0131\u011f\u0131nda y\u00fcksek kalite do\u011fal p\u0131rlanta<\/p>\n<p>&nbsp;<\/p>\n","protected":false},"featured_media":3442,"comment_status":"open","ping_status":"closed","template":"","meta":{"_kad_blocks_custom_css":"","_kad_blocks_head_custom_js":"","_kad_blocks_body_custom_js":"","_kad_blocks_footer_custom_js":"","_kadence_starter_templates_imported_post":false,"_kad_post_transparent":"","_kad_post_title":"","_kad_post_layout":"","_kad_post_sidebar_id":"","_kad_post_content_style":"","_kad_post_vertical_padding":"","_kad_post_feature":"","_kad_post_feature_position":"","_kad_post_header":false,"_kad_post_footer":false,"_kad_post_classname":""},"product_brand":[],"product_cat":[55],"product_tag":[],"class_list":{"0":"post-3797","1":"product","2":"type-product","3":"status-publish","4":"has-post-thumbnail","6":"product_cat-pirlanta-yuzukler","8":"first","9":"instock","10":"sale","11":"shipping-taxable","12":"purchasable","13":"product-type-variable","14":"entry","15":"content-bg","16":"loop-entry"},"taxonomy_info":{"product_cat":[{"value":55,"label":"P\u0131rlanta Y\u00fcz\u00fckler"}]},"featured_image_src_large":["https:\/\/zinetgold.com\/wp-content\/uploads\/2024\/08\/BYZ0000999-14K-BD-0.15-F-G-SI-D-0.56-F-G-SI-4.68-gr.-3597-1024x1024.webp",1024,1024,true],"author_info":[],"comment_info":0,"_links":{"self":[{"href":"https:\/\/zinetgold.com\/tr\/wp-json\/wp\/v2\/product\/3797","targetHints":{"allow":["GET"]}}],"collection":[{"href":"https:\/\/zinetgold.com\/tr\/wp-json\/wp\/v2\/product"}],"about":[{"href":"https:\/\/zinetgold.com\/tr\/wp-json\/wp\/v2\/types\/product"}],"replies":[{"embeddable":true,"href":"https:\/\/zinetgold.com\/tr\/wp-json\/wp\/v2\/comments?post=3797"}],"wp:featuredmedia":[{"embeddable":true,"href":"https:\/\/zinetgold.com\/tr\/wp-json\/wp\/v2\/media\/3442"}],"wp:attachment":[{"href":"https:\/\/zinetgold.com\/tr\/wp-json\/wp\/v2\/media?parent=3797"}],"wp:term":[{"taxonomy":"product_brand","embeddable":true,"href":"https:\/\/zinetgold.com\/tr\/wp-json\/wp\/v2\/product_brand?post=3797"},{"taxonomy":"product_cat","embeddable":true,"href":"https:\/\/zinetgold.com\/tr\/wp-json\/wp\/v2\/product_cat?post=3797"},{"taxonomy":"product_tag","embeddable":true,"href":"https:\/\/zinetgold.com\/tr\/wp-json\/wp\/v2\/product_tag?post=3797"}],"curies":[{"name":"wp","href":"https:\/\/api.w.org\/{rel}","templated":true}]}}