{"id":3805,"date":"2024-08-08T15:23:45","date_gmt":"2024-08-08T12:23:45","guid":{"rendered":"https:\/\/zinetgold.com\/127-karat-radyant-salkim-yuzuk\/"},"modified":"2024-09-06T13:19:51","modified_gmt":"2024-09-06T10:19:51","slug":"127-karat-radyant-salkim-yuzuk","status":"publish","type":"product","link":"https:\/\/zinetgold.com\/tr\/127-karat-radyant-salkim-yuzuk\/","title":{"rendered":"1,27 Karat Radyant Salk\u0131m Y\u00fcz\u00fck"},"content":{"rendered":"<div class=\"markdown markdown-main-panel\" dir=\"ltr\">\n<p class=\"first-token\" data-sourcepos=\"1:1-1:30\">Bu 14 ayar beyaz alt\u0131n y\u00fcz\u00fck, merkezinde birka\u00e7 baget kesim p\u0131rlantan\u0131n yer ald\u0131\u011f\u0131 b\u00fcy\u00fck, \u0131\u015f\u0131lt\u0131l\u0131 bir k\u00fcme ayar\u0131na sahiptir.<br \/>\nBu merkezi ta\u015flar\u0131 \u00e7evreleyen \u00e7ok say\u0131da k\u00fc\u00e7\u00fck yuvarlak kesim p\u0131rlanta g\u00f6z kama\u015ft\u0131r\u0131c\u0131 bir hale etkisi yarat\u0131yor.<br \/>\nY\u00fcz\u00fc\u011f\u00fcn band\u0131 nispeten ince ve abart\u0131s\u0131zd\u0131r, bu da oda\u011f\u0131n b\u00fcy\u00fcleyici k\u00fcmede kalmas\u0131n\u0131 sa\u011flar.<br \/>\n\u00c7a\u011fda\u015f ve g\u00f6z al\u0131c\u0131 tasar\u0131m\u0131yla dikkat \u00e7eken bir par\u00e7a.   <\/p>\n<\/div>\n<p>&nbsp;<\/p>\n","protected":false},"excerpt":{"rendered":"<p><strong>SKU-BYZ00009851<\/strong><strong>.25 Karat<\/strong> P\u0131rlanta Y\u00fcz\u00fck <strong>14 Ayar Beyaz Alt\u0131n<\/strong> <strong> <\/strong><strong>6.24 gram<\/strong> a\u011f\u0131rl\u0131\u011f\u0131nda y\u00fcksek kalite do\u011fal p\u0131rlanta<\/p>\n<p>&nbsp;<\/p>\n","protected":false},"featured_media":3440,"comment_status":"open","ping_status":"closed","template":"","meta":{"_kad_blocks_custom_css":"","_kad_blocks_head_custom_js":"","_kad_blocks_body_custom_js":"","_kad_blocks_footer_custom_js":"","_kadence_starter_templates_imported_post":false,"_kad_post_transparent":"","_kad_post_title":"","_kad_post_layout":"","_kad_post_sidebar_id":"","_kad_post_content_style":"","_kad_post_vertical_padding":"","_kad_post_feature":"","_kad_post_feature_position":"","_kad_post_header":false,"_kad_post_footer":false,"_kad_post_classname":""},"product_brand":[],"product_cat":[55],"product_tag":[],"class_list":{"0":"post-3805","1":"product","2":"type-product","3":"status-publish","4":"has-post-thumbnail","6":"product_cat-pirlanta-yuzukler","8":"first","9":"instock","10":"sale","11":"shipping-taxable","12":"purchasable","13":"product-type-variable","14":"has-default-attributes","15":"entry","16":"content-bg","17":"loop-entry"},"taxonomy_info":{"product_cat":[{"value":55,"label":"P\u0131rlanta Y\u00fcz\u00fckler"}]},"featured_image_src_large":["https:\/\/zinetgold.com\/wp-content\/uploads\/2024\/08\/BYZ0000985-14K-BD-0.16-F-G-SI-8-D-1.27-F-G-SI-90-6.24-gr.-6149-1024x1024.webp",1024,1024,true],"author_info":[],"comment_info":0,"_links":{"self":[{"href":"https:\/\/zinetgold.com\/tr\/wp-json\/wp\/v2\/product\/3805","targetHints":{"allow":["GET"]}}],"collection":[{"href":"https:\/\/zinetgold.com\/tr\/wp-json\/wp\/v2\/product"}],"about":[{"href":"https:\/\/zinetgold.com\/tr\/wp-json\/wp\/v2\/types\/product"}],"replies":[{"embeddable":true,"href":"https:\/\/zinetgold.com\/tr\/wp-json\/wp\/v2\/comments?post=3805"}],"wp:featuredmedia":[{"embeddable":true,"href":"https:\/\/zinetgold.com\/tr\/wp-json\/wp\/v2\/media\/3440"}],"wp:attachment":[{"href":"https:\/\/zinetgold.com\/tr\/wp-json\/wp\/v2\/media?parent=3805"}],"wp:term":[{"taxonomy":"product_brand","embeddable":true,"href":"https:\/\/zinetgold.com\/tr\/wp-json\/wp\/v2\/product_brand?post=3805"},{"taxonomy":"product_cat","embeddable":true,"href":"https:\/\/zinetgold.com\/tr\/wp-json\/wp\/v2\/product_cat?post=3805"},{"taxonomy":"product_tag","embeddable":true,"href":"https:\/\/zinetgold.com\/tr\/wp-json\/wp\/v2\/product_tag?post=3805"}],"curies":[{"name":"wp","href":"https:\/\/api.w.org\/{rel}","templated":true}]}}