{"id":3809,"date":"2024-08-08T15:14:33","date_gmt":"2024-08-08T12:14:33","guid":{"rendered":"https:\/\/zinetgold.com\/045-karat-pirlanta-salkim-yuzuk\/"},"modified":"2024-09-06T13:19:52","modified_gmt":"2024-09-06T10:19:52","slug":"045-karat-pirlanta-salkim-yuzuk","status":"publish","type":"product","link":"https:\/\/zinetgold.com\/tr\/045-karat-pirlanta-salkim-yuzuk\/","title":{"rendered":"0,45 Karat P\u0131rlanta Salk\u0131m Y\u00fcz\u00fck"},"content":{"rendered":"<div class=\"markdown markdown-main-panel\" dir=\"ltr\">\n<p class=\"first-token\" data-sourcepos=\"1:1-1:30\">Bu 14 ayar beyaz alt\u0131n y\u00fcz\u00fck, \u00e7ok say\u0131da k\u00fc\u00e7\u00fck yuvarlak kesim p\u0131rlanta ile s\u00fcslenmi\u015f kare \u015feklinde bir k\u00fcme ayar\u0131na sahiptir.<br \/>\nP\u0131rlantalar birbirine yak\u0131n bir \u015fekilde yerle\u015ftirilerek \u0131\u015f\u0131lt\u0131l\u0131 ve g\u00f6z kama\u015ft\u0131r\u0131c\u0131 bir etki yarat\u0131yor.<br \/>\nY\u00fcz\u00fc\u011f\u00fcn band\u0131 da genel parlakl\u0131\u011f\u0131na katk\u0131da bulunan daha k\u00fc\u00e7\u00fck p\u0131rlantalarla s\u00fcslenmi\u015ftir.<br \/>\nTasar\u0131m klasik ve zariftir, vintage bir cazibeye sahiptir.   <\/p>\n<\/div>\n<p>&nbsp;<\/p>\n","protected":false},"excerpt":{"rendered":"<p><strong>SKU-BYZ00009810<\/strong><strong>.45 Karat<\/strong> P\u0131rlanta Y\u00fcz\u00fck <strong>14 Ayar Beyaz Alt\u0131n<\/strong> <strong> <\/strong><strong>4.80 gram<\/strong> a\u011f\u0131rl\u0131\u011f\u0131nda y\u00fcksek kalite do\u011fal p\u0131rlanta<\/p>\n","protected":false},"featured_media":3439,"comment_status":"open","ping_status":"closed","template":"","meta":{"_kad_blocks_custom_css":"","_kad_blocks_head_custom_js":"","_kad_blocks_body_custom_js":"","_kad_blocks_footer_custom_js":"","_kadence_starter_templates_imported_post":false,"_kad_post_transparent":"","_kad_post_title":"","_kad_post_layout":"","_kad_post_sidebar_id":"","_kad_post_content_style":"","_kad_post_vertical_padding":"","_kad_post_feature":"","_kad_post_feature_position":"","_kad_post_header":false,"_kad_post_footer":false,"_kad_post_classname":""},"product_brand":[],"product_cat":[55],"product_tag":[],"class_list":{"0":"post-3809","1":"product","2":"type-product","3":"status-publish","4":"has-post-thumbnail","6":"product_cat-pirlanta-yuzukler","8":"first","9":"instock","10":"sale","11":"shipping-taxable","12":"purchasable","13":"product-type-variable","14":"has-default-attributes","15":"entry","16":"content-bg","17":"loop-entry"},"taxonomy_info":{"product_cat":[{"value":55,"label":"P\u0131rlanta Y\u00fcz\u00fckler"}]},"featured_image_src_large":["https:\/\/zinetgold.com\/wp-content\/uploads\/2024\/08\/BYZ0000981-14K-BD-0.19-F-G-SI-D-0.45-F-G-SI-4.80-gr.-3619-1024x1024.webp",1024,1024,true],"author_info":[],"comment_info":0,"_links":{"self":[{"href":"https:\/\/zinetgold.com\/tr\/wp-json\/wp\/v2\/product\/3809","targetHints":{"allow":["GET"]}}],"collection":[{"href":"https:\/\/zinetgold.com\/tr\/wp-json\/wp\/v2\/product"}],"about":[{"href":"https:\/\/zinetgold.com\/tr\/wp-json\/wp\/v2\/types\/product"}],"replies":[{"embeddable":true,"href":"https:\/\/zinetgold.com\/tr\/wp-json\/wp\/v2\/comments?post=3809"}],"wp:featuredmedia":[{"embeddable":true,"href":"https:\/\/zinetgold.com\/tr\/wp-json\/wp\/v2\/media\/3439"}],"wp:attachment":[{"href":"https:\/\/zinetgold.com\/tr\/wp-json\/wp\/v2\/media?parent=3809"}],"wp:term":[{"taxonomy":"product_brand","embeddable":true,"href":"https:\/\/zinetgold.com\/tr\/wp-json\/wp\/v2\/product_brand?post=3809"},{"taxonomy":"product_cat","embeddable":true,"href":"https:\/\/zinetgold.com\/tr\/wp-json\/wp\/v2\/product_cat?post=3809"},{"taxonomy":"product_tag","embeddable":true,"href":"https:\/\/zinetgold.com\/tr\/wp-json\/wp\/v2\/product_tag?post=3809"}],"curies":[{"name":"wp","href":"https:\/\/api.w.org\/{rel}","templated":true}]}}