{"id":3812,"date":"2024-08-08T15:00:49","date_gmt":"2024-08-08T12:00:49","guid":{"rendered":"https:\/\/zinetgold.com\/049-karat-pirlanta-baget-yuzuk-2\/"},"modified":"2024-09-06T13:19:57","modified_gmt":"2024-09-06T10:19:57","slug":"049-karat-pirlanta-baget-yuzuk-2","status":"publish","type":"product","link":"https:\/\/zinetgold.com\/tr\/049-karat-pirlanta-baget-yuzuk-2\/","title":{"rendered":"0,49 Karat P\u0131rlanta Baget Y\u00fcz\u00fck"},"content":{"rendered":"<div class=\"markdown markdown-main-panel\" dir=\"ltr\">\n<p class=\"first-token\" data-sourcepos=\"1:1-1:31\">  Bu zarif 14 ayar beyaz alt\u0131n y\u00fcz\u00fck, baget kesim p\u0131rlanta k\u00fcmesiyle s\u00fcslenmi\u015f kare \u015feklinde bir ayara sahiptir.<br \/>\nBaget p\u0131rlantalar simetrik bir d\u00fczende dizilerek g\u00f6z kama\u015ft\u0131r\u0131c\u0131 ve modern bir g\u00f6r\u00fcn\u00fcm yarat\u0131yor.<br \/>\nY\u00fcz\u00fc\u011f\u00fcn band\u0131 da genel \u0131\u015f\u0131lt\u0131s\u0131na katk\u0131da bulunan daha k\u00fc\u00e7\u00fck p\u0131rlantalarla s\u00fcslenmi\u015ftir.<br \/>\n\u00c7a\u011fda\u015f ve sofistike bir tasar\u0131ma sahip olan bu y\u00fcz\u00fck, kaliteli m\u00fccevherlere de\u011fer verenler i\u00e7in m\u00fckemmel bir se\u00e7imdir.   <\/p>\n<\/div>\n","protected":false},"excerpt":{"rendered":"<p><strong>SKU-BYZ00009250<\/strong><strong>.49 Karat<\/strong> P\u0131rlanta Y\u00fcz\u00fck <strong>14 Ayar Beyaz Alt\u0131n<\/strong> <strong> <\/strong><strong>6.28 gram<\/strong> a\u011f\u0131rl\u0131\u011f\u0131nda y\u00fcksek kalite do\u011fal p\u0131rlanta<\/p>\n<p>&nbsp;<\/p>\n","protected":false},"featured_media":3438,"comment_status":"open","ping_status":"closed","template":"","meta":{"_kad_blocks_custom_css":"","_kad_blocks_head_custom_js":"","_kad_blocks_body_custom_js":"","_kad_blocks_footer_custom_js":"","_kadence_starter_templates_imported_post":false,"_kad_post_transparent":"","_kad_post_title":"","_kad_post_layout":"","_kad_post_sidebar_id":"","_kad_post_content_style":"","_kad_post_vertical_padding":"","_kad_post_feature":"","_kad_post_feature_position":"","_kad_post_header":false,"_kad_post_footer":false,"_kad_post_classname":""},"product_brand":[],"product_cat":[55],"product_tag":[],"class_list":{"0":"post-3812","1":"product","2":"type-product","3":"status-publish","4":"has-post-thumbnail","6":"product_cat-pirlanta-yuzukler","8":"first","9":"instock","10":"sale","11":"shipping-taxable","12":"purchasable","13":"product-type-variable","14":"has-default-attributes","15":"entry","16":"content-bg","17":"loop-entry"},"taxonomy_info":{"product_cat":[{"value":55,"label":"P\u0131rlanta Y\u00fcz\u00fckler"}]},"featured_image_src_large":["https:\/\/zinetgold.com\/wp-content\/uploads\/2024\/08\/BYZ0000925-14K-BD_-0.77-F-G-SI-14-D1_-0.19-F-G-SI-4-D2_-0.49-F-G-SI-72-6.28-gr.-8151-1024x1024.webp",1024,1024,true],"author_info":[],"comment_info":0,"_links":{"self":[{"href":"https:\/\/zinetgold.com\/tr\/wp-json\/wp\/v2\/product\/3812","targetHints":{"allow":["GET"]}}],"collection":[{"href":"https:\/\/zinetgold.com\/tr\/wp-json\/wp\/v2\/product"}],"about":[{"href":"https:\/\/zinetgold.com\/tr\/wp-json\/wp\/v2\/types\/product"}],"replies":[{"embeddable":true,"href":"https:\/\/zinetgold.com\/tr\/wp-json\/wp\/v2\/comments?post=3812"}],"wp:featuredmedia":[{"embeddable":true,"href":"https:\/\/zinetgold.com\/tr\/wp-json\/wp\/v2\/media\/3438"}],"wp:attachment":[{"href":"https:\/\/zinetgold.com\/tr\/wp-json\/wp\/v2\/media?parent=3812"}],"wp:term":[{"taxonomy":"product_brand","embeddable":true,"href":"https:\/\/zinetgold.com\/tr\/wp-json\/wp\/v2\/product_brand?post=3812"},{"taxonomy":"product_cat","embeddable":true,"href":"https:\/\/zinetgold.com\/tr\/wp-json\/wp\/v2\/product_cat?post=3812"},{"taxonomy":"product_tag","embeddable":true,"href":"https:\/\/zinetgold.com\/tr\/wp-json\/wp\/v2\/product_tag?post=3812"}],"curies":[{"name":"wp","href":"https:\/\/api.w.org\/{rel}","templated":true}]}}