{"id":3816,"date":"2024-08-07T13:55:14","date_gmt":"2024-08-07T10:55:14","guid":{"rendered":"https:\/\/zinetgold.com\/040-karat-pirlanta-yuzuk\/"},"modified":"2024-09-06T13:19:59","modified_gmt":"2024-09-06T10:19:59","slug":"040-karat-pirlanta-yuzuk","status":"publish","type":"product","link":"https:\/\/zinetgold.com\/tr\/040-karat-pirlanta-yuzuk\/","title":{"rendered":"0,40 Karat P\u0131rlanta Y\u00fcz\u00fck"},"content":{"rendered":"<p><span style=\"font-family: var(--global-body-font-family);\">Bu \u00e7arp\u0131c\u0131 14 ayar beyaz alt\u0131n y\u00fcz\u00fck, \u00e7i\u00e7eklerden ilham alan bir tasar\u0131ma yerle\u015ftirilmi\u015f \u0131\u015f\u0131lt\u0131l\u0131 bir p\u0131rlanta k\u00fcmesine sahiptir.<br \/>\nBaget ve yuvarlak kesim p\u0131rlantalar\u0131n karma\u015f\u0131k dizilimi g\u00f6z kama\u015ft\u0131r\u0131c\u0131 ve g\u00f6z al\u0131c\u0131 bir etki yarat\u0131yor.<br \/>\nY\u00fcz\u00fc\u011f\u00fcn narin band\u0131 \u0131\u015f\u0131lt\u0131l\u0131 merkezi tamamlayarak sofistike ve zarif bir par\u00e7a ortaya \u00e7\u0131kar\u0131yor.  <\/span><\/p>\n<p>&nbsp;<\/p>\n","protected":false},"excerpt":{"rendered":"<p><strong>SKU-BYZ00005530<\/strong><strong>.40 Karat<\/strong> P\u0131rlanta Y\u00fcz\u00fck <strong>14 Ayar Beyaz Alt\u0131n<\/strong> <strong> <\/strong><strong>3.13 gram<\/strong> a\u011f\u0131rl\u0131\u011f\u0131nda y\u00fcksek kalite do\u011fal p\u0131rlanta<\/p>\n<p>&nbsp;<\/p>\n<p>&nbsp;<\/p>\n","protected":false},"featured_media":3432,"comment_status":"open","ping_status":"closed","template":"","meta":{"_kad_blocks_custom_css":"","_kad_blocks_head_custom_js":"","_kad_blocks_body_custom_js":"","_kad_blocks_footer_custom_js":"","_kadence_starter_templates_imported_post":false,"_kad_post_transparent":"","_kad_post_title":"","_kad_post_layout":"","_kad_post_sidebar_id":"","_kad_post_content_style":"","_kad_post_vertical_padding":"","_kad_post_feature":"","_kad_post_feature_position":"","_kad_post_header":false,"_kad_post_footer":false,"_kad_post_classname":""},"product_brand":[],"product_cat":[55],"product_tag":[],"class_list":{"0":"post-3816","1":"product","2":"type-product","3":"status-publish","4":"has-post-thumbnail","6":"product_cat-pirlanta-yuzukler","8":"first","9":"instock","10":"sale","11":"shipping-taxable","12":"purchasable","13":"product-type-variable","14":"has-default-attributes","15":"entry","16":"content-bg","17":"loop-entry"},"taxonomy_info":{"product_cat":[{"value":55,"label":"P\u0131rlanta Y\u00fcz\u00fckler"}]},"featured_image_src_large":["https:\/\/zinetgold.com\/wp-content\/uploads\/2024\/08\/BYZ0000553-14K-BD-0.16-F-G-VS-SI-16-D-0.40-F-G-SI-35-3.13-gr.-2981-2-1024x1024.webp",1024,1024,true],"author_info":[],"comment_info":0,"_links":{"self":[{"href":"https:\/\/zinetgold.com\/tr\/wp-json\/wp\/v2\/product\/3816","targetHints":{"allow":["GET"]}}],"collection":[{"href":"https:\/\/zinetgold.com\/tr\/wp-json\/wp\/v2\/product"}],"about":[{"href":"https:\/\/zinetgold.com\/tr\/wp-json\/wp\/v2\/types\/product"}],"replies":[{"embeddable":true,"href":"https:\/\/zinetgold.com\/tr\/wp-json\/wp\/v2\/comments?post=3816"}],"wp:featuredmedia":[{"embeddable":true,"href":"https:\/\/zinetgold.com\/tr\/wp-json\/wp\/v2\/media\/3432"}],"wp:attachment":[{"href":"https:\/\/zinetgold.com\/tr\/wp-json\/wp\/v2\/media?parent=3816"}],"wp:term":[{"taxonomy":"product_brand","embeddable":true,"href":"https:\/\/zinetgold.com\/tr\/wp-json\/wp\/v2\/product_brand?post=3816"},{"taxonomy":"product_cat","embeddable":true,"href":"https:\/\/zinetgold.com\/tr\/wp-json\/wp\/v2\/product_cat?post=3816"},{"taxonomy":"product_tag","embeddable":true,"href":"https:\/\/zinetgold.com\/tr\/wp-json\/wp\/v2\/product_tag?post=3816"}],"curies":[{"name":"wp","href":"https:\/\/api.w.org\/{rel}","templated":true}]}}