{"id":3817,"date":"2024-08-07T14:28:23","date_gmt":"2024-08-07T11:28:23","guid":{"rendered":"https:\/\/zinetgold.com\/012-karat-pirlanta-salkim-yuzuk\/"},"modified":"2024-09-06T13:19:59","modified_gmt":"2024-09-06T10:19:59","slug":"012-karat-pirlanta-salkim-yuzuk","status":"publish","type":"product","link":"https:\/\/zinetgold.com\/tr\/012-karat-pirlanta-salkim-yuzuk\/","title":{"rendered":"0,12 Karat P\u0131rlanta Salk\u0131m Y\u00fcz\u00fck"},"content":{"rendered":"<div class=\"markdown markdown-main-panel\" dir=\"ltr\">\n<p data-sourcepos=\"3:1-3:71\">  Bu \u00e7arp\u0131c\u0131 14 ayar beyaz alt\u0131n y\u00fcz\u00fck, kare \u015feklindeki baget ve yuvarlak kesim p\u0131rlanta k\u00fcmesiyle g\u00f6z kama\u015ft\u0131r\u0131c\u0131 ve modern bir g\u00f6r\u00fcn\u00fcm yarat\u0131yor.<br \/>\nGeometrik ayar i\u00e7indeki ta\u015flar\u0131n karma\u015f\u0131k dizilimi, sofistike ve \u015f\u0131k bir dokunu\u015f kat\u0131yor.<br \/>\nY\u00fcz\u00fck, \u00e7a\u011fda\u015f stil ve klasik l\u00fcks\u00fcn m\u00fckemmel bir kar\u0131\u015f\u0131m\u0131d\u0131r.  <\/p>\n<\/div>\n<p>&nbsp;<\/p>\n<p>&nbsp;<\/p>\n<p>&nbsp;<\/p>\n<p>&nbsp;<\/p>\n","protected":false},"excerpt":{"rendered":"<p><strong>SKU-BYZ00008390<\/strong><strong>.12 Karat<\/strong> P\u0131rlanta Y\u00fcz\u00fck <strong>14 Ayar Beyaz Alt\u0131n<\/strong> <strong> <\/strong><strong>3,85 gram<\/strong> a\u011f\u0131rl\u0131\u011f\u0131nda y\u00fcksek kalite do\u011fal p\u0131rlanta<\/p>\n<p>&nbsp;<\/p>\n","protected":false},"featured_media":3437,"comment_status":"open","ping_status":"closed","template":"","meta":{"_kad_blocks_custom_css":"","_kad_blocks_head_custom_js":"","_kad_blocks_body_custom_js":"","_kad_blocks_footer_custom_js":"","_kadence_starter_templates_imported_post":false,"_kad_post_transparent":"","_kad_post_title":"","_kad_post_layout":"","_kad_post_sidebar_id":"","_kad_post_content_style":"","_kad_post_vertical_padding":"","_kad_post_feature":"","_kad_post_feature_position":"","_kad_post_header":false,"_kad_post_footer":false,"_kad_post_classname":""},"product_brand":[],"product_cat":[55],"product_tag":[],"class_list":{"0":"post-3817","1":"product","2":"type-product","3":"status-publish","4":"has-post-thumbnail","6":"product_cat-pirlanta-yuzukler","8":"first","9":"instock","10":"sale","11":"shipping-taxable","12":"purchasable","13":"product-type-variable","14":"has-default-attributes","15":"entry","16":"content-bg","17":"loop-entry"},"taxonomy_info":{"product_cat":[{"value":55,"label":"P\u0131rlanta Y\u00fcz\u00fckler"}]},"featured_image_src_large":["https:\/\/zinetgold.com\/wp-content\/uploads\/2024\/08\/BYZ0000839-14K-BD-0.61-F-G-SI-17-D-0.12-F-G-SI-12-3.85-gr.-3817-1024x1024.webp",1024,1024,true],"author_info":[],"comment_info":0,"_links":{"self":[{"href":"https:\/\/zinetgold.com\/tr\/wp-json\/wp\/v2\/product\/3817","targetHints":{"allow":["GET"]}}],"collection":[{"href":"https:\/\/zinetgold.com\/tr\/wp-json\/wp\/v2\/product"}],"about":[{"href":"https:\/\/zinetgold.com\/tr\/wp-json\/wp\/v2\/types\/product"}],"replies":[{"embeddable":true,"href":"https:\/\/zinetgold.com\/tr\/wp-json\/wp\/v2\/comments?post=3817"}],"wp:featuredmedia":[{"embeddable":true,"href":"https:\/\/zinetgold.com\/tr\/wp-json\/wp\/v2\/media\/3437"}],"wp:attachment":[{"href":"https:\/\/zinetgold.com\/tr\/wp-json\/wp\/v2\/media?parent=3817"}],"wp:term":[{"taxonomy":"product_brand","embeddable":true,"href":"https:\/\/zinetgold.com\/tr\/wp-json\/wp\/v2\/product_brand?post=3817"},{"taxonomy":"product_cat","embeddable":true,"href":"https:\/\/zinetgold.com\/tr\/wp-json\/wp\/v2\/product_cat?post=3817"},{"taxonomy":"product_tag","embeddable":true,"href":"https:\/\/zinetgold.com\/tr\/wp-json\/wp\/v2\/product_tag?post=3817"}],"curies":[{"name":"wp","href":"https:\/\/api.w.org\/{rel}","templated":true}]}}