{"id":3821,"date":"2024-08-07T14:20:29","date_gmt":"2024-08-07T11:20:29","guid":{"rendered":"https:\/\/zinetgold.com\/013-karat-parlak-cicekli-pirlanta-yuzuk\/"},"modified":"2024-09-06T13:20:01","modified_gmt":"2024-09-06T10:20:01","slug":"013-karat-parlak-cicekli-pirlanta-yuzuk","status":"publish","type":"product","link":"https:\/\/zinetgold.com\/tr\/013-karat-parlak-cicekli-pirlanta-yuzuk\/","title":{"rendered":"0,13 Karat Parlak \u00c7i\u00e7ekli P\u0131rlanta Y\u00fcz\u00fck"},"content":{"rendered":"<div class=\"markdown markdown-main-panel\" dir=\"ltr\">\n<p data-sourcepos=\"3:1-3:257\">Bu zarif 14 ayar beyaz alt\u0131n y\u00fcz\u00fck, \u0131\u015f\u0131lt\u0131l\u0131 p\u0131rlanta k\u00fcmesiyle s\u00fcslenmi\u015f b\u00fcy\u00fcleyici bir \u00e7i\u00e7ek tasar\u0131m\u0131na sahiptir.<br \/>\nKarma\u015f\u0131k yapraklar ve narin yapraklar kad\u0131ns\u0131 ve romantik bir g\u00f6r\u00fcn\u00fcm yarat\u0131yor.<br \/>\nOrtadaki p\u0131rlanta ta\u015f, l\u00fcks ve zarafet kat\u0131yor.<br \/>\nT\u00fcm \u00f6zel g\u00fcnler i\u00e7in m\u00fckemmel olan bu y\u00fcz\u00fck, a\u015fk\u0131n ve g\u00fczelli\u011fin sembol\u00fcd\u00fcr.   <\/p>\n<\/div>\n<p>&nbsp;<\/p>\n","protected":false},"excerpt":{"rendered":"<p><strong>SKU-BYZ00006550<\/strong><strong>.13 Karat<\/strong> P\u0131rlanta Y\u00fcz\u00fck <strong>14 Ayar Beyaz Alt\u0131n<\/strong> <strong> <\/strong><strong>5.00 gram<\/strong> a\u011f\u0131rl\u0131\u011f\u0131nda y\u00fcksek kalite do\u011fal p\u0131rlanta<\/p>\n<p>&nbsp;<\/p>\n","protected":false},"featured_media":3436,"comment_status":"open","ping_status":"closed","template":"","meta":{"_kad_blocks_custom_css":"","_kad_blocks_head_custom_js":"","_kad_blocks_body_custom_js":"","_kad_blocks_footer_custom_js":"","_kadence_starter_templates_imported_post":false,"_kad_post_transparent":"","_kad_post_title":"","_kad_post_layout":"","_kad_post_sidebar_id":"","_kad_post_content_style":"","_kad_post_vertical_padding":"","_kad_post_feature":"","_kad_post_feature_position":"","_kad_post_header":false,"_kad_post_footer":false,"_kad_post_classname":""},"product_brand":[],"product_cat":[55],"product_tag":[],"class_list":{"0":"post-3821","1":"product","2":"type-product","3":"status-publish","4":"has-post-thumbnail","6":"product_cat-pirlanta-yuzukler","8":"first","9":"instock","10":"sale","11":"shipping-taxable","12":"purchasable","13":"product-type-variable","14":"has-default-attributes","15":"entry","16":"content-bg","17":"loop-entry"},"taxonomy_info":{"product_cat":[{"value":55,"label":"P\u0131rlanta Y\u00fcz\u00fckler"}]},"featured_image_src_large":["https:\/\/zinetgold.com\/wp-content\/uploads\/2024\/08\/BYZ0000655-14K-D-1.06-F-G-SI-55-BD-0.13-F-G-VS-SI-3-5.00-gr.-4851-1024x1024.webp",1024,1024,true],"author_info":[],"comment_info":0,"_links":{"self":[{"href":"https:\/\/zinetgold.com\/tr\/wp-json\/wp\/v2\/product\/3821","targetHints":{"allow":["GET"]}}],"collection":[{"href":"https:\/\/zinetgold.com\/tr\/wp-json\/wp\/v2\/product"}],"about":[{"href":"https:\/\/zinetgold.com\/tr\/wp-json\/wp\/v2\/types\/product"}],"replies":[{"embeddable":true,"href":"https:\/\/zinetgold.com\/tr\/wp-json\/wp\/v2\/comments?post=3821"}],"wp:featuredmedia":[{"embeddable":true,"href":"https:\/\/zinetgold.com\/tr\/wp-json\/wp\/v2\/media\/3436"}],"wp:attachment":[{"href":"https:\/\/zinetgold.com\/tr\/wp-json\/wp\/v2\/media?parent=3821"}],"wp:term":[{"taxonomy":"product_brand","embeddable":true,"href":"https:\/\/zinetgold.com\/tr\/wp-json\/wp\/v2\/product_brand?post=3821"},{"taxonomy":"product_cat","embeddable":true,"href":"https:\/\/zinetgold.com\/tr\/wp-json\/wp\/v2\/product_cat?post=3821"},{"taxonomy":"product_tag","embeddable":true,"href":"https:\/\/zinetgold.com\/tr\/wp-json\/wp\/v2\/product_tag?post=3821"}],"curies":[{"name":"wp","href":"https:\/\/api.w.org\/{rel}","templated":true}]}}