{"id":3825,"date":"2024-08-07T14:12:52","date_gmt":"2024-08-07T11:12:52","guid":{"rendered":"https:\/\/zinetgold.com\/039-karat-parlak-pirlanta-nisan-yuzugu\/"},"modified":"2024-09-06T13:20:03","modified_gmt":"2024-09-06T10:20:03","slug":"039-karat-parlak-pirlanta-nisan-yuzugu","status":"publish","type":"product","link":"https:\/\/zinetgold.com\/tr\/039-karat-parlak-pirlanta-nisan-yuzugu\/","title":{"rendered":"0,39 Karat Parlak P\u0131rlanta Ni\u015fan Y\u00fcz\u00fc\u011f\u00fc"},"content":{"rendered":"<div class=\"markdown markdown-main-panel\" dir=\"ltr\">\n<p data-sourcepos=\"3:1-3:303\">Bu zarif 14 ayar beyaz alt\u0131n ni\u015fan y\u00fcz\u00fc\u011f\u00fc, daha k\u00fc\u00e7\u00fck elmaslardan olu\u015fan bir haleyle \u00e7evrili g\u00f6z kama\u015ft\u0131r\u0131c\u0131 bir orta ta\u015fa sahiptir ve b\u00fcy\u00fcleyici ve romantik bir g\u00f6r\u00fcn\u00fcm yarat\u0131r.<br \/>\nNarin bant, \u0131\u015f\u0131lt\u0131l\u0131 merkezi tamamlayarak zamans\u0131z ve zarif bir par\u00e7a ortaya \u00e7\u0131kar\u0131yor.<br \/>\nDetaylara titizlikle \u00f6zen g\u00f6sterilerek haz\u0131rlanan bu y\u00fcz\u00fck, a\u015fk\u0131n ve ba\u011fl\u0131l\u0131\u011f\u0131n sembol\u00fcd\u00fcr.  <\/p>\n<\/div>\n<p>&nbsp;<\/p>\n","protected":false},"excerpt":{"rendered":"<p><strong>SKU-BYZ00006050<\/strong><strong>.39 Karat<\/strong> P\u0131rlanta Y\u00fcz\u00fck <strong>14 Ayar Beyaz Alt\u0131n<\/strong> <strong> <\/strong><strong>3.70 gram<\/strong> a\u011f\u0131rl\u0131\u011f\u0131nda y\u00fcksek kalite do\u011fal p\u0131rlanta<\/p>\n<p>&nbsp;<\/p>\n","protected":false},"featured_media":3435,"comment_status":"open","ping_status":"closed","template":"","meta":{"_kad_blocks_custom_css":"","_kad_blocks_head_custom_js":"","_kad_blocks_body_custom_js":"","_kad_blocks_footer_custom_js":"","_kadence_starter_templates_imported_post":false,"_kad_post_transparent":"","_kad_post_title":"","_kad_post_layout":"","_kad_post_sidebar_id":"","_kad_post_content_style":"","_kad_post_vertical_padding":"","_kad_post_feature":"","_kad_post_feature_position":"","_kad_post_header":false,"_kad_post_footer":false,"_kad_post_classname":""},"product_brand":[],"product_cat":[55],"product_tag":[],"class_list":{"0":"post-3825","1":"product","2":"type-product","3":"status-publish","4":"has-post-thumbnail","6":"product_cat-pirlanta-yuzukler","8":"first","9":"instock","10":"sale","11":"shipping-taxable","12":"purchasable","13":"product-type-variable","14":"entry","15":"content-bg","16":"loop-entry"},"taxonomy_info":{"product_cat":[{"value":55,"label":"P\u0131rlanta Y\u00fcz\u00fckler"}]},"featured_image_src_large":["https:\/\/zinetgold.com\/wp-content\/uploads\/2024\/08\/BYZ0000605-14K-BD-0.20-F-G-VS-SI-13-D-0.39-F-G-SI-48-3.70-gr.-3311-1024x1024.webp",1024,1024,true],"author_info":[],"comment_info":0,"_links":{"self":[{"href":"https:\/\/zinetgold.com\/tr\/wp-json\/wp\/v2\/product\/3825","targetHints":{"allow":["GET"]}}],"collection":[{"href":"https:\/\/zinetgold.com\/tr\/wp-json\/wp\/v2\/product"}],"about":[{"href":"https:\/\/zinetgold.com\/tr\/wp-json\/wp\/v2\/types\/product"}],"replies":[{"embeddable":true,"href":"https:\/\/zinetgold.com\/tr\/wp-json\/wp\/v2\/comments?post=3825"}],"wp:featuredmedia":[{"embeddable":true,"href":"https:\/\/zinetgold.com\/tr\/wp-json\/wp\/v2\/media\/3435"}],"wp:attachment":[{"href":"https:\/\/zinetgold.com\/tr\/wp-json\/wp\/v2\/media?parent=3825"}],"wp:term":[{"taxonomy":"product_brand","embeddable":true,"href":"https:\/\/zinetgold.com\/tr\/wp-json\/wp\/v2\/product_brand?post=3825"},{"taxonomy":"product_cat","embeddable":true,"href":"https:\/\/zinetgold.com\/tr\/wp-json\/wp\/v2\/product_cat?post=3825"},{"taxonomy":"product_tag","embeddable":true,"href":"https:\/\/zinetgold.com\/tr\/wp-json\/wp\/v2\/product_tag?post=3825"}],"curies":[{"name":"wp","href":"https:\/\/api.w.org\/{rel}","templated":true}]}}