{"id":3829,"date":"2024-08-07T14:06:38","date_gmt":"2024-08-07T11:06:38","guid":{"rendered":"https:\/\/zinetgold.com\/108-karat-markiz-pirlanta-salkim-yuzuk\/"},"modified":"2024-09-06T13:20:05","modified_gmt":"2024-09-06T10:20:05","slug":"108-karat-markiz-pirlanta-salkim-yuzuk","status":"publish","type":"product","link":"https:\/\/zinetgold.com\/tr\/108-karat-markiz-pirlanta-salkim-yuzuk\/","title":{"rendered":"1,08 Karat Markiz P\u0131rlanta Salk\u0131m Y\u00fcz\u00fck"},"content":{"rendered":"<div class=\"markdown markdown-main-panel\" dir=\"ltr\">\n<p data-sourcepos=\"3:1-3:254\">  Bu b\u00fcy\u00fcleyici 14 ayar beyaz alt\u0131n y\u00fcz\u00fck, \u00e7arp\u0131c\u0131 bir g\u00fcne\u015f patlamas\u0131 deseni olu\u015fturan markiz kesim p\u0131rlantalardan olu\u015fan \u0131\u015f\u0131lt\u0131l\u0131 bir k\u00fcmeye sahiptir.<br \/>\nKare \u015feklindeki merkezi tasar\u0131m, \u00e7evresindeki p\u0131rlantalarla vurgulanarak g\u00f6z kama\u015ft\u0131r\u0131c\u0131 ve g\u00f6z al\u0131c\u0131 bir etki yarat\u0131yor.<br \/>\nKarma\u015f\u0131k ayar\u0131 ve l\u00fcks metal i\u015f\u00e7ili\u011fi bu par\u00e7ay\u0131 rafine bir zarafetin sembol\u00fc haline getiriyor.  <\/p>\n<\/div>\n<p>&nbsp;<\/p>\n","protected":false},"excerpt":{"rendered":"<p><strong>SKU-BYZ00005771<\/strong><strong>,80 Karat<\/strong> P\u0131rlanta Y\u00fcz\u00fck <strong>14 Ayar Beyaz Alt\u0131n<\/strong> <strong> <\/strong><strong>4,58 gram<\/strong> a\u011f\u0131rl\u0131\u011f\u0131nda y\u00fcksek kalite do\u011fal p\u0131rlanta<\/p>\n<p>&nbsp;<\/p>\n","protected":false},"featured_media":3434,"comment_status":"open","ping_status":"closed","template":"","meta":{"_kad_blocks_custom_css":"","_kad_blocks_head_custom_js":"","_kad_blocks_body_custom_js":"","_kad_blocks_footer_custom_js":"","_kadence_starter_templates_imported_post":false,"_kad_post_transparent":"","_kad_post_title":"","_kad_post_layout":"","_kad_post_sidebar_id":"","_kad_post_content_style":"","_kad_post_vertical_padding":"","_kad_post_feature":"","_kad_post_feature_position":"","_kad_post_header":false,"_kad_post_footer":false,"_kad_post_classname":""},"product_brand":[],"product_cat":[55],"product_tag":[],"class_list":{"0":"post-3829","1":"product","2":"type-product","3":"status-publish","4":"has-post-thumbnail","6":"product_cat-pirlanta-yuzukler","8":"first","9":"instock","10":"sale","11":"shipping-taxable","12":"purchasable","13":"product-type-variable","14":"entry","15":"content-bg","16":"loop-entry"},"taxonomy_info":{"product_cat":[{"value":55,"label":"P\u0131rlanta Y\u00fcz\u00fckler"}]},"featured_image_src_large":["https:\/\/zinetgold.com\/wp-content\/uploads\/2024\/08\/BYZ0000577-14K-BD-0.16-F-G-SI-8-D-0.27-F-G-SI-18-MRC-1.08-F-G-SI-18-4.58-gr.-7084-1024x1024.webp",1024,1024,true],"author_info":[],"comment_info":0,"_links":{"self":[{"href":"https:\/\/zinetgold.com\/tr\/wp-json\/wp\/v2\/product\/3829","targetHints":{"allow":["GET"]}}],"collection":[{"href":"https:\/\/zinetgold.com\/tr\/wp-json\/wp\/v2\/product"}],"about":[{"href":"https:\/\/zinetgold.com\/tr\/wp-json\/wp\/v2\/types\/product"}],"replies":[{"embeddable":true,"href":"https:\/\/zinetgold.com\/tr\/wp-json\/wp\/v2\/comments?post=3829"}],"wp:featuredmedia":[{"embeddable":true,"href":"https:\/\/zinetgold.com\/tr\/wp-json\/wp\/v2\/media\/3434"}],"wp:attachment":[{"href":"https:\/\/zinetgold.com\/tr\/wp-json\/wp\/v2\/media?parent=3829"}],"wp:term":[{"taxonomy":"product_brand","embeddable":true,"href":"https:\/\/zinetgold.com\/tr\/wp-json\/wp\/v2\/product_brand?post=3829"},{"taxonomy":"product_cat","embeddable":true,"href":"https:\/\/zinetgold.com\/tr\/wp-json\/wp\/v2\/product_cat?post=3829"},{"taxonomy":"product_tag","embeddable":true,"href":"https:\/\/zinetgold.com\/tr\/wp-json\/wp\/v2\/product_tag?post=3829"}],"curies":[{"name":"wp","href":"https:\/\/api.w.org\/{rel}","templated":true}]}}