{"id":3833,"date":"2024-08-07T11:45:11","date_gmt":"2024-08-07T08:45:11","guid":{"rendered":"https:\/\/zinetgold.com\/017-karat-baget-pirlanta-yuzuk\/"},"modified":"2024-09-06T13:20:09","modified_gmt":"2024-09-06T10:20:09","slug":"017-karat-baget-pirlanta-yuzuk","status":"publish","type":"product","link":"https:\/\/zinetgold.com\/tr\/017-karat-baget-pirlanta-yuzuk\/","title":{"rendered":"0,17 Karat Baget P\u0131rlanta Y\u00fcz\u00fck"},"content":{"rendered":"<div class=\"markdown markdown-main-panel\" dir=\"ltr\">\n<p data-sourcepos=\"3:1-3:245\">Bu 14 ayar beyaz alt\u0131n zarif y\u00fcz\u00fck, daha k\u00fc\u00e7\u00fck baget kesim p\u0131rlantalardan olu\u015fan bir haleyle \u00e7evrili kare \u015feklinde bir merkez ta\u015fa sahiptir.<br \/>\nGeometrik tasar\u0131m modern ve sofistike bir g\u00f6r\u00fcn\u00fcm yarat\u0131r.<br \/>\nY\u00fcz\u00fck, l\u00fcks ve rahat bir kullan\u0131m sa\u011flamak i\u00e7in detaylara titizlikle \u00f6zen g\u00f6sterilerek haz\u0131rlanm\u0131\u015ft\u0131r.<br \/>\nG\u00fcnl\u00fck kullan\u0131m veya \u00f6zel g\u00fcnler i\u00e7in m\u00fckemmeldir.   <\/p>\n<\/div>\n<p>&nbsp;<\/p>\n","protected":false},"excerpt":{"rendered":"<p><strong>SKU-BYZ00041350<\/strong><strong>.17 Karat<\/strong> P\u0131rlanta Y\u00fcz\u00fck <strong>14 Ayar Beyaz Alt\u0131n<\/strong> <strong> <\/strong><strong>4.21 gram<\/strong> a\u011f\u0131rl\u0131\u011f\u0131nda y\u00fcksek kalite do\u011fal p\u0131rlanta<\/p>\n<p>&nbsp;<\/p>\n","protected":false},"featured_media":3428,"comment_status":"open","ping_status":"closed","template":"","meta":{"_kad_blocks_custom_css":"","_kad_blocks_head_custom_js":"","_kad_blocks_body_custom_js":"","_kad_blocks_footer_custom_js":"","_kadence_starter_templates_imported_post":false,"_kad_post_transparent":"","_kad_post_title":"","_kad_post_layout":"","_kad_post_sidebar_id":"","_kad_post_content_style":"","_kad_post_vertical_padding":"","_kad_post_feature":"","_kad_post_feature_position":"","_kad_post_header":false,"_kad_post_footer":false,"_kad_post_classname":""},"product_brand":[],"product_cat":[55],"product_tag":[],"class_list":{"0":"post-3833","1":"product","2":"type-product","3":"status-publish","4":"has-post-thumbnail","6":"product_cat-pirlanta-yuzukler","8":"first","9":"instock","10":"sale","11":"shipping-taxable","12":"purchasable","13":"product-type-variable","14":"has-default-attributes","15":"entry","16":"content-bg","17":"loop-entry"},"taxonomy_info":{"product_cat":[{"value":55,"label":"P\u0131rlanta Y\u00fcz\u00fckler"}]},"featured_image_src_large":["https:\/\/zinetgold.com\/wp-content\/uploads\/2024\/08\/webBYZ-0004135-14K-D-0.37-F-G-SI-55-BD-0.17-F-G-SI-6-4.21-gr.-3421-1024x1024.webp",1024,1024,true],"author_info":[],"comment_info":0,"_links":{"self":[{"href":"https:\/\/zinetgold.com\/tr\/wp-json\/wp\/v2\/product\/3833","targetHints":{"allow":["GET"]}}],"collection":[{"href":"https:\/\/zinetgold.com\/tr\/wp-json\/wp\/v2\/product"}],"about":[{"href":"https:\/\/zinetgold.com\/tr\/wp-json\/wp\/v2\/types\/product"}],"replies":[{"embeddable":true,"href":"https:\/\/zinetgold.com\/tr\/wp-json\/wp\/v2\/comments?post=3833"}],"wp:featuredmedia":[{"embeddable":true,"href":"https:\/\/zinetgold.com\/tr\/wp-json\/wp\/v2\/media\/3428"}],"wp:attachment":[{"href":"https:\/\/zinetgold.com\/tr\/wp-json\/wp\/v2\/media?parent=3833"}],"wp:term":[{"taxonomy":"product_brand","embeddable":true,"href":"https:\/\/zinetgold.com\/tr\/wp-json\/wp\/v2\/product_brand?post=3833"},{"taxonomy":"product_cat","embeddable":true,"href":"https:\/\/zinetgold.com\/tr\/wp-json\/wp\/v2\/product_cat?post=3833"},{"taxonomy":"product_tag","embeddable":true,"href":"https:\/\/zinetgold.com\/tr\/wp-json\/wp\/v2\/product_tag?post=3833"}],"curies":[{"name":"wp","href":"https:\/\/api.w.org\/{rel}","templated":true}]}}