{"id":3835,"date":"2024-08-06T00:18:28","date_gmt":"2024-08-05T21:18:28","guid":{"rendered":"https:\/\/zinetgold.com\/008-karat-pirlanta-armut-seklinde-bileklik\/"},"modified":"2024-09-06T13:20:11","modified_gmt":"2024-09-06T10:20:11","slug":"008-karat-pirlanta-armut-seklinde-bileklik","status":"publish","type":"product","link":"https:\/\/zinetgold.com\/tr\/008-karat-pirlanta-armut-seklinde-bileklik\/","title":{"rendered":"0,08 Karat P\u0131rlanta Armut \u015eeklinde Bileklik"},"content":{"rendered":"<div class=\"markdown markdown-main-panel\" dir=\"ltr\">\n<p data-sourcepos=\"3:1-3:77\">  Bu zarif bileklik, armut bi\u00e7imli p\u0131rlantalar ve geometrik baklalarla s\u00fcslenmi\u015f narin bir zincire sahiptir.<br \/>\nP\u0131rlantalar\u0131n yumu\u015fak k\u0131vr\u0131mlar\u0131 ile 14 ayar alt\u0131n zincirin keskin a\u00e7\u0131lar\u0131 aras\u0131ndaki kontrast, g\u00f6rsel olarak \u00e7arp\u0131c\u0131 ve \u00e7a\u011fda\u015f bir g\u00f6r\u00fcn\u00fcm yarat\u0131yor.<br \/>\nBilezik, abart\u0131s\u0131z bir l\u00fcks duygusu yayar ve her k\u0131yafete sofistike bir dokunu\u015f katmak i\u00e7in m\u00fckemmeldir.  <\/p>\n<\/div>\n<p>&nbsp;<\/p>\n","protected":false},"excerpt":{"rendered":"<p><strong>SKU-BBL00003760<\/strong><strong>.08 Karat<\/strong> P\u0131rlanta Zincir Bileklik <strong>14 ayar Beyaz Alt\u0131n<\/strong><strong>,<\/strong> <strong> <\/strong><strong> 9,95 gram<\/strong> a\u011f\u0131rl\u0131\u011f\u0131nda y\u00fcksek kalite do\u011fal p\u0131rlanta<\/p>\n<p>&nbsp;<\/p>\n","protected":false},"featured_media":3416,"comment_status":"open","ping_status":"closed","template":"","meta":{"_kad_blocks_custom_css":"","_kad_blocks_head_custom_js":"","_kad_blocks_body_custom_js":"","_kad_blocks_footer_custom_js":"","_kadence_starter_templates_imported_post":false,"_kad_post_transparent":"","_kad_post_title":"","_kad_post_layout":"","_kad_post_sidebar_id":"","_kad_post_content_style":"","_kad_post_vertical_padding":"","_kad_post_feature":"","_kad_post_feature_position":"","_kad_post_header":false,"_kad_post_footer":false,"_kad_post_classname":""},"product_brand":[],"product_cat":[56],"product_tag":[],"class_list":{"0":"post-3835","1":"product","2":"type-product","3":"status-publish","4":"has-post-thumbnail","6":"product_cat-zincir-bilezikler","8":"first","9":"instock","10":"sale","11":"shipping-taxable","12":"purchasable","13":"product-type-simple","14":"entry","15":"content-bg","16":"loop-entry"},"taxonomy_info":{"product_cat":[{"value":56,"label":"Zincir Bilezikler"}]},"featured_image_src_large":["https:\/\/zinetgold.com\/wp-content\/uploads\/2024\/08\/BBL0000376-14K-BD-0.09-F-G-SI-3-D-0.08-F-G-SI-6-9.95-gr.-4169-1024x1024.webp",1024,1024,true],"author_info":[],"comment_info":0,"_links":{"self":[{"href":"https:\/\/zinetgold.com\/tr\/wp-json\/wp\/v2\/product\/3835","targetHints":{"allow":["GET"]}}],"collection":[{"href":"https:\/\/zinetgold.com\/tr\/wp-json\/wp\/v2\/product"}],"about":[{"href":"https:\/\/zinetgold.com\/tr\/wp-json\/wp\/v2\/types\/product"}],"replies":[{"embeddable":true,"href":"https:\/\/zinetgold.com\/tr\/wp-json\/wp\/v2\/comments?post=3835"}],"wp:featuredmedia":[{"embeddable":true,"href":"https:\/\/zinetgold.com\/tr\/wp-json\/wp\/v2\/media\/3416"}],"wp:attachment":[{"href":"https:\/\/zinetgold.com\/tr\/wp-json\/wp\/v2\/media?parent=3835"}],"wp:term":[{"taxonomy":"product_brand","embeddable":true,"href":"https:\/\/zinetgold.com\/tr\/wp-json\/wp\/v2\/product_brand?post=3835"},{"taxonomy":"product_cat","embeddable":true,"href":"https:\/\/zinetgold.com\/tr\/wp-json\/wp\/v2\/product_cat?post=3835"},{"taxonomy":"product_tag","embeddable":true,"href":"https:\/\/zinetgold.com\/tr\/wp-json\/wp\/v2\/product_tag?post=3835"}],"curies":[{"name":"wp","href":"https:\/\/api.w.org\/{rel}","templated":true}]}}